{"id":8806,"date":"2023-05-15T13:25:33","date_gmt":"2023-05-15T11:25:33","guid":{"rendered":"https:\/\/loeser.createch-media.com\/?page_id=8806"},"modified":"2023-05-22T09:04:43","modified_gmt":"2023-05-22T07:04:43","slug":"small-random-orbit-grinding-machine-o32-dynabrade-53417","status":"publish","type":"page","link":"https:\/\/loeser.createch-media.com\/en\/grinding\/random-orbit-sanders\/small-random-orbit-grinding-machine-o32-dynabrade-53417\/","title":{"rendered":"Small random orbit grinding machine \u00d832 Dynabrade 53417"},"content":{"rendered":"<nav class=\"is-responsive wp-block-navigation is-layout-flex wp-block-navigation-is-layout-flex\" aria-label=\"Navigation\" \n\t\t data-wp-interactive=\"core\/navigation\" data-wp-context='{\"overlayOpenedBy\":{\"click\":false,\"hover\":false,\"focus\":false},\"type\":\"overlay\",\"roleAttribute\":\"\",\"ariaLabel\":\"Menu\"}'><button aria-haspopup=\"dialog\" aria-label=\"Open menu\" class=\"wp-block-navigation__responsive-container-open\" \n\t\t\t\tdata-wp-on--click=\"actions.openMenuOnClick\"\n\t\t\t\tdata-wp-on--keydown=\"actions.handleMenuKeydown\"\n\t\t\t><svg width=\"24\" height=\"24\" xmlns=\"http:\/\/www.w3.org\/2000\/svg\" viewBox=\"0 0 24 24\" aria-hidden=\"true\" focusable=\"false\"><path d=\"M4 7.5h16v1.5H4z\"><\/path><path d=\"M4 15h16v1.5H4z\"><\/path><\/svg><\/button>\n\t\t\t\t<div class=\"wp-block-navigation__responsive-container\"  id=\"modal-1\" \n\t\t\t\tdata-wp-class--has-modal-open=\"state.isMenuOpen\"\n\t\t\t\tdata-wp-class--is-menu-open=\"state.isMenuOpen\"\n\t\t\t\tdata-wp-watch=\"callbacks.initMenu\"\n\t\t\t\tdata-wp-on--keydown=\"actions.handleMenuKeydown\"\n\t\t\t\tdata-wp-on--focusout=\"actions.handleMenuFocusout\"\n\t\t\t\ttabindex=\"-1\"\n\t\t\t>\n\t\t\t\t\t<div class=\"wp-block-navigation__responsive-close\" tabindex=\"-1\">\n\t\t\t\t\t\t<div class=\"wp-block-navigation__responsive-dialog\" \n\t\t\t\tdata-wp-bind--aria-modal=\"state.ariaModal\"\n\t\t\t\tdata-wp-bind--aria-label=\"state.ariaLabel\"\n\t\t\t\tdata-wp-bind--role=\"state.roleAttribute\"\n\t\t\t>\n\t\t\t\t\t\t\t<button aria-label=\"Close menu\" class=\"wp-block-navigation__responsive-container-close\" \n\t\t\t\tdata-wp-on--click=\"actions.closeMenuOnClick\"\n\t\t\t><svg xmlns=\"http:\/\/www.w3.org\/2000\/svg\" viewBox=\"0 0 24 24\" width=\"24\" height=\"24\" aria-hidden=\"true\" focusable=\"false\"><path d=\"m13.06 12 6.47-6.47-1.06-1.06L12 10.94 5.53 4.47 4.47 5.53 10.94 12l-6.47 6.47 1.06 1.06L12 13.06l6.47 6.47 1.06-1.06L13.06 12Z\"><\/path><\/svg><\/button>\n\t\t\t\t\t\t\t<div class=\"wp-block-navigation__responsive-container-content\" \n\t\t\t\tdata-wp-watch=\"callbacks.focusFirstElement\"\n\t\t\t id=\"modal-1-content\">\n\t\t\t\t\t\t\t\t<ul class=\"wp-block-navigation__container is-responsive wp-block-navigation\"><li class=\" wp-block-navigation-item subnav-first wp-block-navigation-link\"><a class=\"wp-block-navigation-item__content\"  href=\"https:\/\/loeser.createch-media.com\/en\/random-orbit-sanders\/\"><span class=\"wp-block-navigation-item__label\">Back to random orbit sanders<\/span><\/a><\/li><li class=\" wp-block-navigation-item wp-block-navigation-link\"><a class=\"wp-block-navigation-item__content\"  href=\"https:\/\/loeser.createch-media.com\/en\/random-orbit-sanders\/dynabrade-dynorbital-extreme-random-orbital-sander\/\"><span class=\"wp-block-navigation-item__label\">Dynabrade Dynorbital Extreme Random Orbital Sander<\/span><\/a><\/li><li class=\" wp-block-navigation-item wp-block-navigation-link\"><a class=\"wp-block-navigation-item__content\"  href=\"https:\/\/loeser.createch-media.com\/en\/random-orbit-sanders\/pneumatic-single-hand-random-orbit-sander-model-series-dynabrade-spirit\/\"><span class=\"wp-block-navigation-item__label\">Pneumatic single hand random orbit sander, model series Dynabrade Spirit<\/span><\/a><\/li><li class=\" wp-block-navigation-item wp-block-navigation-link\"><a class=\"wp-block-navigation-item__content\"  href=\"https:\/\/loeser.createch-media.com\/en\/random-orbit-sanders\/pneumatic-single-hand-random-orbit-sander-model-series-dynabrade-supreme\/\"><span class=\"wp-block-navigation-item__label\">Pneumatic single hand random orbit sander, model series Dynabrade Supreme<\/span><\/a><\/li><li class=\" wp-block-navigation-item wp-block-navigation-link\"><a class=\"wp-block-navigation-item__content\"  href=\"https:\/\/loeser.createch-media.com\/en\/random-orbit-sanders\/dynabrade-two-hand-random-orbit-sander-with-velcro-disk\/\"><span class=\"wp-block-navigation-item__label\">Dynabrade Two-hand random orbit sander with Velcro disk<\/span><\/a><\/li><li class=\" wp-block-navigation-item wp-block-navigation-link\"><a class=\"wp-block-navigation-item__content\"  href=\"https:\/\/loeser.createch-media.com\/en\/random-orbit-sanders\/dynabrade-two-hand-random-orbit-sander-rotative-eccentric\/\"><span class=\"wp-block-navigation-item__label\">Dynabrade Two-hand random orbit sander, rotative \u2013 eccentric<\/span><\/a><\/li><li class=\" wp-block-navigation-item wp-block-navigation-link\"><a class=\"wp-block-navigation-item__content\"  href=\"https:\/\/loeser.createch-media.com\/en\/random-orbit-sanders\/dynabrade-single-hand-orbit-sander\/\"><span class=\"wp-block-navigation-item__label\">Dynabrade single hand orbit sander<\/span><\/a><\/li><li class=\" wp-block-navigation-item wp-block-navigation-link\"><a class=\"wp-block-navigation-item__content\"  href=\"https:\/\/loeser.createch-media.com\/en\/random-orbit-sanders\/small-random-orbit-grinding-machine-o32-dynabrade-53400\/\"><span class=\"wp-block-navigation-item__label\">Small random orbit grinding machine \u00d832 Dynabrade 53400<\/span><\/a><\/li><li class=\" wp-block-navigation-item wp-block-navigation-link\"><a class=\"wp-block-navigation-item__content\"  href=\"https:\/\/loeser.createch-media.com\/en\/random-orbit-sanders\/small-random-orbit-grinding-machine-o32-dynabrade-51410\/\"><span class=\"wp-block-navigation-item__label\">Small random orbit grinding machine \u00d832 Dynabrade 51410<\/span><\/a><\/li><li class=\" wp-block-navigation-item wp-block-navigation-link\"><a class=\"wp-block-navigation-item__content\"  href=\"https:\/\/loeser.createch-media.com\/en\/random-orbit-sanders\/small-random-orbit-grinding-machine-o32-dynabrade-53417\/\"><span class=\"wp-block-navigation-item__label\">Small random orbit grinding machine \u00d832 Dynabrade 53417<\/span><\/a><\/li><li class=\" wp-block-navigation-item wp-block-navigation-link\"><a class=\"wp-block-navigation-item__content\"  href=\"https:\/\/loeser.createch-media.com\/en\/random-orbit-sanders\/small-random-orbit-grinding-machine-o32-shinano-993207\/\"><span class=\"wp-block-navigation-item__label\">Small random orbit grinding machine \u00d832 Shinano 993207<\/span><\/a><\/li><li class=\" wp-block-navigation-item wp-block-navigation-link\"><a class=\"wp-block-navigation-item__content\"  href=\"https:\/\/loeser.createch-media.com\/en\/grinding\/random-orbit-sanders\/airvantage-electric-orbital-sander-av150\/\"><span class=\"wp-block-navigation-item__label\">AirVANTAGE Electric Orbital Sander AV150<\/span><\/a><\/li><\/ul>\n\t\t\t\t\t\t\t<\/div>\n\t\t\t\t\t\t<\/div>\n\t\t\t\t\t<\/div>\n\t\t\t\t<\/div><\/nav>\n\n\n<h1 class=\"wp-block-heading animated zoomIn\">Small random orbit grinding machine \u00d832 Dynabrade 53417<\/h1>\n\n\n\n<div class=\"wp-block-stackable-columns stk-block-columns stk-block stk-7a8ef8a animated zoomIn\" data-block-id=\"7a8ef8a\"><div class=\"stk-row stk-inner-blocks stk-block-content stk-content-align stk-7a8ef8a-column\">\n<div class=\"wp-block-stackable-column stk-block-column stk-block-column--v3 stk-column stk-block-column--v2 stk-block stk-835a466\" data-block-id=\"835a466\"><style>@media screen and (min-width:768px){.stk-835a466{flex:1 1 calc(66.7% - var(--stk-column-gap,0px) * 1 \/ 2 ) !important}}<\/style><div class=\"stk-column-wrapper stk-block-column__content stk-container stk-835a466-container stk--no-background stk--no-padding\"><div class=\"stk-block-content stk-inner-blocks stk-835a466-inner-blocks\">\n<div class=\"wp-block-stackable-icon-list stk-block-icon-list stk-block stk-d1ed66b\" data-block-id=\"d1ed66b\"><style>.stk-d1ed66b li{padding-inline-start:5px !important;margin-bottom:15px !important}.stk-d1ed66b{column-gap:0px !important}.stk-d1ed66b ul,.stk-d1ed66b ol{padding-left:20px !important}.stk-d1ed66b ul li{list-style-image:url('data:image\/svg+xml;base64,PHN2ZyBhcmlhLWhpZGRlbj0idHJ1ZSIgZm9jdXNhYmxlPSJmYWxzZSIgZGF0YS1wcmVmaXg9ImZhcyIgZGF0YS1pY29uPSJkb3QtY2lyY2xlIiBjbGFzcz0ic3ZnLWlubGluZS0tZmEgZmEtZG90LWNpcmNsZSBmYS13LTE2IiByb2xlPSJpbWciIHhtbG5zPSJodHRwOi8vd3d3LnczLm9yZy8yMDAwL3N2ZyIgdmlld0JveD0iMCAwIDUxMiA1MTIiIHN0eWxlPSJmaWxsOiAjMmM0Zjk1ICFpbXBvcnRhbnQ7IGNvbG9yOiAjMmM0Zjk1ICFpbXBvcnRhbnQ7dHJhbnNmb3JtOiByb3RhdGUoZGVnKSAhaW1wb3J0YW50OyI+PHBhdGggZmlsbD0iIzJjNGY5NSIgZD0iTTI1NiA4QzExOS4wMzMgOCA4IDExOS4wMzMgOCAyNTZzMTExLjAzMyAyNDggMjQ4IDI0OCAyNDgtMTExLjAzMyAyNDgtMjQ4UzM5Mi45NjcgOCAyNTYgOHptODAgMjQ4YzAgNDQuMTEyLTM1Ljg4OCA4MC04MCA4MHMtODAtMzUuODg4LTgwLTgwIDM1Ljg4OC04MCA4MC04MCA4MCAzNS44ODggODAgODB6IiBzdHJva2U9IiMyYzRmOTUiIHN0eWxlPSJmaWxsOiByZ2IoNDQsIDc5LCAxNDkpOyBzdHJva2U6IHJnYig0NCwgNzksIDE0OSk7Ii8+PC9zdmc+') !important}.stk-d1ed66b li::marker{color:#2c4f95 !important;font-size:1.6em !important}<\/style><ul><li>Kompakte Bauform<\/li><li>verbessertes Winkelgetriebe<\/li><li>freilaufender Mini-Exzenter<\/li><li>3 mm Hub<\/li><li>Klebeteller<\/li><li>f\u00fcr den Einsatz von Schleifbl\u00fcten<\/li><li>zum Ausschleifen von Schmutzpartikeln in Lackoberfl\u00e4chen<\/li><\/ul><\/div>\n<\/div><\/div><\/div>\n\n\n\n<div class=\"wp-block-stackable-column stk-block-column stk-block-column--v3 stk-column stk-block-column--v2 stk-block stk-7d2e3ef\" data-block-id=\"7d2e3ef\"><style>@media screen and (min-width:768px){.stk-7d2e3ef{flex:1 1 calc(33.3% - var(--stk-column-gap,0px) * 1 \/ 2 ) !important}}<\/style><div class=\"stk-column-wrapper stk-block-column__content stk-container stk-7d2e3ef-container stk--no-background stk--no-padding\"><div class=\"stk-block-content stk-inner-blocks stk-7d2e3ef-inner-blocks\"><div class=\"pgc-sgb-cb wp-block-pgcsimplygalleryblock-slider \" data-gallery-id=\"da673770\" style=\"min-height:388px\"><div class=\"sgb-preloader\" id=\"pr_da673770\">\n\t<div class=\"sgb-square\" style=\"background:#d4d4d4\"><\/div>\n\t<div class=\"sgb-square\" style=\"background:#d4d4d4\"><\/div>\n\t<div class=\"sgb-square\" style=\"background:#d4d4d4\"><\/div>\n\t<div class=\"sgb-square\" style=\"background:#d4d4d4\"><\/div><\/div><div class=\"simply-gallery-amp pgc_sgb_slider \" style=\"display: none;\"><div class=\"sgb-gallery\"><div class=\"sgb-item\"><a href=\"https:\/\/loeser.createch-media.com\/?attachment_id=5636\"><img decoding=\"async\" alt=\"Dynabrade Mini-Exzenterschleifer \u00d832 53417\" width=\"300\" height=\"183\" loading=\"lazy\" src=\"https:\/\/loeser.createch-media.com\/wp-content\/uploads\/2023\/05\/53417-dynabrade-300x183.jpg\"\/><\/a><\/div><\/div><\/div><script type=\"application\/json\" class=\"sgb-data\">{\"collectionThumbRecomendedWidth\":300,\"externalLink\":false,\"captionHAlign\":\"bottom\",\"collectionThumbSubMenuDownload\":false,\"collectionThumbSubMenuShare\":false,\"sliderMaxHeight\":388,\"sliderAdminWidth\":179,\"collectionColumns\":1,\"galleryType\":\"pgc_sgb_slider\",\"galleryId\":\"da673770\",\"images\":[{\"id\":5636,\"title\":\"Dynabrade Mini-Exzenterschleifer \u00d832 53417\",\"url\":\"https:\/\/loeser.createch-media.com\/wp-content\/uploads\/2023\/05\/53417-dynabrade.jpg\",\"link\":\"https:\/\/loeser.createch-media.com\/?attachment_id=5636\",\"alt\":\"Dynabrade Mini-Exzenterschleifer \u00d832 53417\",\"description\":\"\",\"caption\":\"\",\"mime\":\"image\/jpeg\",\"type\":\"image\",\"width\":800,\"height\":489,\"sizes\":{\"thumbnail\":{\"height\":150,\"width\":150,\"url\":\"https:\/\/loeser.createch-media.com\/wp-content\/uploads\/2023\/05\/53417-dynabrade-150x150.jpg\",\"orientation\":\"landscape\"},\"medium\":{\"height\":183,\"width\":300,\"url\":\"https:\/\/loeser.createch-media.com\/wp-content\/uploads\/2023\/05\/53417-dynabrade-300x183.jpg\",\"orientation\":\"landscape\"},\"full\":{\"url\":\"https:\/\/loeser.createch-media.com\/wp-content\/uploads\/2023\/05\/53417-dynabrade.jpg\",\"height\":489,\"width\":800,\"orientation\":\"landscape\"}},\"meta\":false,\"postlink\":\"https:\/\/loeser.createch-media.com\/?attachment_id=5636\"}],\"itemsMetaDataCollection\":[],\"sliderSocialShareEnabled\":false,\"sliderZoomEnable\":false}<\/script><script>(function(){if(window.PGC_SGB && window.PGC_SGB.searcher){window.PGC_SGB.searcher.initBlocks()}})()<\/script><\/div><\/div><\/div><\/div>\n<\/div><\/div>\n\n\n\n<div class=\"wp-block-stackable-divider stk-block-divider stk-block stk-f0ebf88\" data-block-id=\"f0ebf88\"><hr class=\"stk-block-divider__hr\"\/><\/div>\n\n\n\n<div class=\"wp-block-gutena-tabs gutena-tabs-block gutena-tabs-block-6e1b4c-52 animated zoomIn\"><ul class=\"gutena-tabs-tab tab-left\"><li class=\"gutena-tab-title active\" data-tab=\"1\"><div class=\"gutena-tab-title-content icon-top\"><div class=\"gutena-tab-title-text\"><div>Technische Daten:<\/div><\/div><\/div><\/li><li class=\"gutena-tab-title inactive\" data-tab=\"2\"><div class=\"gutena-tab-title-content icon-top\"><div class=\"gutena-tab-title-text\"><div>Datenbl\u00e4tter und Ersatzteile<\/div><\/div><\/div><\/li><\/ul><div class=\"gutena-tabs-content is-layout-flow wp-block-gutena-tabs-is-layout-flow\">\n<div class=\"wp-block-gutena-tab gutena-tab-block gutena-tab-block-dbedd8-f2 active\" data-tab=\"1\">\n<figure class=\"wp-block-table is-style-regular\"><table class=\"has-white-background-color has-background has-fixed-layout\"><tbody><tr><td><strong>Modellnummer<\/strong><\/td><td>53417<\/td><\/tr><tr><td><strong>Motorleistung<\/strong><\/td><td>300 W<\/td><\/tr><tr><td><strong>Ger\u00e4uschpegel<\/strong><\/td><td>84 dB (A)<\/td><\/tr><tr><td><strong>Spindeldrehzahl<\/strong><\/td><td>3.200 \/ min<\/td><\/tr><tr><td><strong>Luftverbrauch<\/strong><\/td><td>580 L<\/td><\/tr><tr><td><strong>Gewicht<\/strong><\/td><td>0,9 kg<\/td><\/tr><tr><td><strong>L\u00e4nge<\/strong><\/td><td>175 mm<\/td><\/tr><tr><td><strong>H\u00f6he<\/strong><\/td><td>115 mm<\/td><\/tr><\/tbody><\/table><\/figure>\n<\/div>\n\n\n\n<div class=\"wp-block-gutena-tab gutena-tab-block gutena-tab-block-6d3609-58 inactive\" data-tab=\"2\">\n<div class=\"wp-block-file\"><a id=\"wp-block-file--media-c03a4b22-db67-41fc-a3a1-3c38bec8c377\" href=\"https:\/\/loeser.createch-media.com\/wp-content\/uploads\/2023\/05\/53417-dynabrade.pdf\" target=\"_blank\" rel=\"noreferrer noopener\">Bedienungsanleitung und Ersatzteilliste Dynabrade Mini-Exzenterschleifer \u00d832 53417 (PDF)<\/a><\/div>\n<\/div>\n<\/div><\/div>\n","protected":false},"excerpt":{"rendered":"<p>Small random orbit grinding machine \u00d832 Dynabrade 53417 Kompakte Bauform verbessertes Winkelgetriebe freilaufender Mini-Exzenter 3 mm Hub Klebeteller f\u00fcr den Einsatz von Schleifbl\u00fcten zum Ausschleifen von Schmutzpartikeln in Lackoberfl\u00e4chen<\/p>\n","protected":false},"author":1,"featured_media":0,"parent":8750,"menu_order":8,"comment_status":"closed","ping_status":"closed","template":"templates\/template-full-width.php","meta":{"pgc_sgb_lightbox_settings":"","footnotes":""},"class_list":["post-8806","page","type-page","status-publish","hentry"],"featured_image_urls":{"full":"","thumbnail":"","medium":"","medium_large":"","large":"","1536x1536":"","2048x2048":"","post-thumbnail":"","twentytwenty-fullscreen":""},"post_excerpt_stackable":"<p>Back to random orbit sandersDynabrade Dynorbital Extreme Random Orbital SanderPneumatic single hand random orbit sander, model series Dynabrade SpiritPneumatic single hand random orbit sander, model series Dynabrade SupremeDynabrade Two-hand random orbit sander with Velcro diskDynabrade Two-hand random orbit sander, rotative \u2013 eccentricDynabrade single hand orbit sanderSmall random orbit grinding machine \u00d832 Dynabrade 53400Small random orbit grinding machine \u00d832 Dynabrade 51410Small random orbit grinding machine \u00d832 Dynabrade 53417Small random orbit grinding machine \u00d832 Shinano 993207AirVANTAGE Electric Orbital Sander AV150 Small random orbit grinding machine \u00d832 Dynabrade 53417 Kompakte Bauformverbessertes Winkelgetriebefreilaufender Mini-Exzenter3 mm HubKlebetellerf\u00fcr den Einsatz von Schleifbl\u00fctenzum Ausschleifen von Schmutzpartikeln in&hellip;<\/p>\n","category_list":"","author_info":{"name":"sschmitt","url":"https:\/\/loeser.createch-media.com\/en\/author\/sschmitt\/"},"comments_num":"0 comments","yoast_head":"<!-- This site is optimized with the Yoast SEO plugin v20.3 - https:\/\/yoast.com\/wordpress\/plugins\/seo\/ -->\n<title>Small random orbit grinding machine \u00d832 Dynabrade 53417 - Loeser Schleifmaschinen<\/title>\n<meta name=\"robots\" content=\"noindex, follow, max-snippet:-1, max-image-preview:large, max-video-preview:-1\" \/>\n<meta property=\"og:locale\" content=\"en_US\" \/>\n<meta property=\"og:type\" content=\"article\" \/>\n<meta property=\"og:title\" content=\"Small random orbit grinding machine \u00d832 Dynabrade 53417 - Loeser Schleifmaschinen\" \/>\n<meta property=\"og:description\" content=\"Small random orbit grinding machine \u00d832 Dynabrade 53417 Kompakte Bauform verbessertes Winkelgetriebe freilaufender Mini-Exzenter 3 mm Hub Klebeteller f\u00fcr den Einsatz von Schleifbl\u00fcten zum Ausschleifen von Schmutzpartikeln in Lackoberfl\u00e4chen\" \/>\n<meta property=\"og:url\" content=\"https:\/\/loeser.createch-media.com\/en\/grinding\/random-orbit-sanders\/small-random-orbit-grinding-machine-o32-dynabrade-53417\/\" \/>\n<meta property=\"og:site_name\" content=\"Loeser Schleifmaschinen\" \/>\n<meta property=\"article:modified_time\" content=\"2023-05-22T07:04:43+00:00\" \/>\n<meta property=\"og:image\" content=\"https:\/\/loeser.createch-media.com\/wp-content\/uploads\/2023\/05\/53417-dynabrade.jpg\" \/>\n<meta name=\"twitter:card\" content=\"summary_large_image\" \/>\n<meta name=\"twitter:label1\" content=\"Est. reading time\" \/>\n\t<meta name=\"twitter:data1\" content=\"1 minute\" \/>\n<script type=\"application\/ld+json\" class=\"yoast-schema-graph\">{\"@context\":\"https:\/\/schema.org\",\"@graph\":[{\"@type\":\"WebPage\",\"@id\":\"https:\/\/loeser.createch-media.com\/en\/grinding\/random-orbit-sanders\/small-random-orbit-grinding-machine-o32-dynabrade-53417\/\",\"url\":\"https:\/\/loeser.createch-media.com\/en\/grinding\/random-orbit-sanders\/small-random-orbit-grinding-machine-o32-dynabrade-53417\/\",\"name\":\"Small random orbit grinding machine \u00d832 Dynabrade 53417 - Loeser Schleifmaschinen\",\"isPartOf\":{\"@id\":\"https:\/\/loeser.createch-media.com\/en\/#website\"},\"datePublished\":\"2023-05-15T11:25:33+00:00\",\"dateModified\":\"2023-05-22T07:04:43+00:00\",\"breadcrumb\":{\"@id\":\"https:\/\/loeser.createch-media.com\/en\/grinding\/random-orbit-sanders\/small-random-orbit-grinding-machine-o32-dynabrade-53417\/#breadcrumb\"},\"inLanguage\":\"en-US\",\"potentialAction\":[{\"@type\":\"ReadAction\",\"target\":[\"https:\/\/loeser.createch-media.com\/en\/grinding\/random-orbit-sanders\/small-random-orbit-grinding-machine-o32-dynabrade-53417\/\"]}]},{\"@type\":\"BreadcrumbList\",\"@id\":\"https:\/\/loeser.createch-media.com\/en\/grinding\/random-orbit-sanders\/small-random-orbit-grinding-machine-o32-dynabrade-53417\/#breadcrumb\",\"itemListElement\":[{\"@type\":\"ListItem\",\"position\":1,\"name\":\"Startseite\",\"item\":\"https:\/\/loeser.createch-media.com\/en\/\"},{\"@type\":\"ListItem\",\"position\":2,\"name\":\"Grinding\",\"item\":\"https:\/\/loeser.createch-media.com\/en\/grinding\/\"},{\"@type\":\"ListItem\",\"position\":3,\"name\":\"Random orbit sanders\",\"item\":\"https:\/\/loeser.createch-media.com\/en\/grinding\/random-orbit-sanders\/\"},{\"@type\":\"ListItem\",\"position\":4,\"name\":\"Small random orbit grinding machine \u00d832 Dynabrade 53417\"}]},{\"@type\":\"WebSite\",\"@id\":\"https:\/\/loeser.createch-media.com\/en\/#website\",\"url\":\"https:\/\/loeser.createch-media.com\/en\/\",\"name\":\"Loeser Schleifmaschinen\",\"description\":\"\",\"publisher\":{\"@id\":\"https:\/\/loeser.createch-media.com\/en\/#organization\"},\"potentialAction\":[{\"@type\":\"SearchAction\",\"target\":{\"@type\":\"EntryPoint\",\"urlTemplate\":\"https:\/\/loeser.createch-media.com\/en\/?s={search_term_string}\"},\"query-input\":\"required name=search_term_string\"}],\"inLanguage\":\"en-US\"},{\"@type\":\"Organization\",\"@id\":\"https:\/\/loeser.createch-media.com\/en\/#organization\",\"name\":\"Loeser Schleifmaschinen\",\"url\":\"https:\/\/loeser.createch-media.com\/en\/\",\"logo\":{\"@type\":\"ImageObject\",\"inLanguage\":\"en-US\",\"@id\":\"https:\/\/loeser.createch-media.com\/en\/#\/schema\/logo\/image\/\",\"url\":\"https:\/\/loeser.createch-media.com\/wp-content\/uploads\/2023\/03\/cropped-loeser-logo-2023.jpg\",\"contentUrl\":\"https:\/\/loeser.createch-media.com\/wp-content\/uploads\/2023\/03\/cropped-loeser-logo-2023.jpg\",\"width\":500,\"height\":238,\"caption\":\"Loeser Schleifmaschinen\"},\"image\":{\"@id\":\"https:\/\/loeser.createch-media.com\/en\/#\/schema\/logo\/image\/\"}}]}<\/script>\n<!-- \/ Yoast SEO plugin. -->","yoast_head_json":{"title":"Small random orbit grinding machine \u00d832 Dynabrade 53417 - Loeser Schleifmaschinen","robots":{"index":"noindex","follow":"follow","max-snippet":"max-snippet:-1","max-image-preview":"max-image-preview:large","max-video-preview":"max-video-preview:-1"},"og_locale":"en_US","og_type":"article","og_title":"Small random orbit grinding machine \u00d832 Dynabrade 53417 - Loeser Schleifmaschinen","og_description":"Small random orbit grinding machine \u00d832 Dynabrade 53417 Kompakte Bauform verbessertes Winkelgetriebe freilaufender Mini-Exzenter 3 mm Hub Klebeteller f\u00fcr den Einsatz von Schleifbl\u00fcten zum Ausschleifen von Schmutzpartikeln in Lackoberfl\u00e4chen","og_url":"https:\/\/loeser.createch-media.com\/en\/grinding\/random-orbit-sanders\/small-random-orbit-grinding-machine-o32-dynabrade-53417\/","og_site_name":"Loeser Schleifmaschinen","article_modified_time":"2023-05-22T07:04:43+00:00","og_image":[{"url":"https:\/\/loeser.createch-media.com\/wp-content\/uploads\/2023\/05\/53417-dynabrade.jpg"}],"twitter_card":"summary_large_image","twitter_misc":{"Est. reading time":"1 minute"},"schema":{"@context":"https:\/\/schema.org","@graph":[{"@type":"WebPage","@id":"https:\/\/loeser.createch-media.com\/en\/grinding\/random-orbit-sanders\/small-random-orbit-grinding-machine-o32-dynabrade-53417\/","url":"https:\/\/loeser.createch-media.com\/en\/grinding\/random-orbit-sanders\/small-random-orbit-grinding-machine-o32-dynabrade-53417\/","name":"Small random orbit grinding machine \u00d832 Dynabrade 53417 - Loeser Schleifmaschinen","isPartOf":{"@id":"https:\/\/loeser.createch-media.com\/en\/#website"},"datePublished":"2023-05-15T11:25:33+00:00","dateModified":"2023-05-22T07:04:43+00:00","breadcrumb":{"@id":"https:\/\/loeser.createch-media.com\/en\/grinding\/random-orbit-sanders\/small-random-orbit-grinding-machine-o32-dynabrade-53417\/#breadcrumb"},"inLanguage":"en-US","potentialAction":[{"@type":"ReadAction","target":["https:\/\/loeser.createch-media.com\/en\/grinding\/random-orbit-sanders\/small-random-orbit-grinding-machine-o32-dynabrade-53417\/"]}]},{"@type":"BreadcrumbList","@id":"https:\/\/loeser.createch-media.com\/en\/grinding\/random-orbit-sanders\/small-random-orbit-grinding-machine-o32-dynabrade-53417\/#breadcrumb","itemListElement":[{"@type":"ListItem","position":1,"name":"Startseite","item":"https:\/\/loeser.createch-media.com\/en\/"},{"@type":"ListItem","position":2,"name":"Grinding","item":"https:\/\/loeser.createch-media.com\/en\/grinding\/"},{"@type":"ListItem","position":3,"name":"Random orbit sanders","item":"https:\/\/loeser.createch-media.com\/en\/grinding\/random-orbit-sanders\/"},{"@type":"ListItem","position":4,"name":"Small random orbit grinding machine \u00d832 Dynabrade 53417"}]},{"@type":"WebSite","@id":"https:\/\/loeser.createch-media.com\/en\/#website","url":"https:\/\/loeser.createch-media.com\/en\/","name":"Loeser Schleifmaschinen","description":"","publisher":{"@id":"https:\/\/loeser.createch-media.com\/en\/#organization"},"potentialAction":[{"@type":"SearchAction","target":{"@type":"EntryPoint","urlTemplate":"https:\/\/loeser.createch-media.com\/en\/?s={search_term_string}"},"query-input":"required name=search_term_string"}],"inLanguage":"en-US"},{"@type":"Organization","@id":"https:\/\/loeser.createch-media.com\/en\/#organization","name":"Loeser Schleifmaschinen","url":"https:\/\/loeser.createch-media.com\/en\/","logo":{"@type":"ImageObject","inLanguage":"en-US","@id":"https:\/\/loeser.createch-media.com\/en\/#\/schema\/logo\/image\/","url":"https:\/\/loeser.createch-media.com\/wp-content\/uploads\/2023\/03\/cropped-loeser-logo-2023.jpg","contentUrl":"https:\/\/loeser.createch-media.com\/wp-content\/uploads\/2023\/03\/cropped-loeser-logo-2023.jpg","width":500,"height":238,"caption":"Loeser Schleifmaschinen"},"image":{"@id":"https:\/\/loeser.createch-media.com\/en\/#\/schema\/logo\/image\/"}}]}},"_links":{"self":[{"href":"https:\/\/loeser.createch-media.com\/en\/wp-json\/wp\/v2\/pages\/8806","targetHints":{"allow":["GET"]}}],"collection":[{"href":"https:\/\/loeser.createch-media.com\/en\/wp-json\/wp\/v2\/pages"}],"about":[{"href":"https:\/\/loeser.createch-media.com\/en\/wp-json\/wp\/v2\/types\/page"}],"author":[{"embeddable":true,"href":"https:\/\/loeser.createch-media.com\/en\/wp-json\/wp\/v2\/users\/1"}],"replies":[{"embeddable":true,"href":"https:\/\/loeser.createch-media.com\/en\/wp-json\/wp\/v2\/comments?post=8806"}],"version-history":[{"count":1,"href":"https:\/\/loeser.createch-media.com\/en\/wp-json\/wp\/v2\/pages\/8806\/revisions"}],"predecessor-version":[{"id":8809,"href":"https:\/\/loeser.createch-media.com\/en\/wp-json\/wp\/v2\/pages\/8806\/revisions\/8809"}],"up":[{"embeddable":true,"href":"https:\/\/loeser.createch-media.com\/en\/wp-json\/wp\/v2\/pages\/8750"}],"wp:attachment":[{"href":"https:\/\/loeser.createch-media.com\/en\/wp-json\/wp\/v2\/media?parent=8806"}],"curies":[{"name":"wp","href":"https:\/\/api.w.org\/{rel}","templated":true}]}}