{"id":11290,"date":"2023-05-26T12:20:28","date_gmt":"2023-05-26T10:20:28","guid":{"rendered":"https:\/\/loeser.createch-media.com\/?page_id=11290"},"modified":"2023-06-07T10:50:25","modified_gmt":"2023-06-07T08:50:25","slug":"pulidora-modelo-smz-57","status":"publish","type":"page","link":"https:\/\/loeser.createch-media.com\/es\/cintas\/loeser-pulidoras\/pulidora-modelo-smz-57\/","title":{"rendered":"Pulidora modelo SMZ 57"},"content":{"rendered":"<nav class=\"is-responsive wp-block-navigation is-layout-flex wp-block-navigation-is-layout-flex\" aria-label=\"Navigation\" \n\t\t data-wp-interactive=\"core\/navigation\" data-wp-context='{\"overlayOpenedBy\":{\"click\":false,\"hover\":false,\"focus\":false},\"type\":\"overlay\",\"roleAttribute\":\"\",\"ariaLabel\":\"Men\\u00fa\"}'><button aria-haspopup=\"dialog\" aria-label=\"Abrir el men\u00fa\" class=\"wp-block-navigation__responsive-container-open\" \n\t\t\t\tdata-wp-on--click=\"actions.openMenuOnClick\"\n\t\t\t\tdata-wp-on--keydown=\"actions.handleMenuKeydown\"\n\t\t\t><svg width=\"24\" height=\"24\" xmlns=\"http:\/\/www.w3.org\/2000\/svg\" viewBox=\"0 0 24 24\" aria-hidden=\"true\" focusable=\"false\"><path d=\"M4 7.5h16v1.5H4z\"><\/path><path d=\"M4 15h16v1.5H4z\"><\/path><\/svg><\/button>\n\t\t\t\t<div class=\"wp-block-navigation__responsive-container\"  id=\"modal-1\" \n\t\t\t\tdata-wp-class--has-modal-open=\"state.isMenuOpen\"\n\t\t\t\tdata-wp-class--is-menu-open=\"state.isMenuOpen\"\n\t\t\t\tdata-wp-watch=\"callbacks.initMenu\"\n\t\t\t\tdata-wp-on--keydown=\"actions.handleMenuKeydown\"\n\t\t\t\tdata-wp-on--focusout=\"actions.handleMenuFocusout\"\n\t\t\t\ttabindex=\"-1\"\n\t\t\t>\n\t\t\t\t\t<div class=\"wp-block-navigation__responsive-close\" tabindex=\"-1\">\n\t\t\t\t\t\t<div class=\"wp-block-navigation__responsive-dialog\" \n\t\t\t\tdata-wp-bind--aria-modal=\"state.ariaModal\"\n\t\t\t\tdata-wp-bind--aria-label=\"state.ariaLabel\"\n\t\t\t\tdata-wp-bind--role=\"state.roleAttribute\"\n\t\t\t>\n\t\t\t\t\t\t\t<button aria-label=\"Cerrar el men\u00fa\" class=\"wp-block-navigation__responsive-container-close\" \n\t\t\t\tdata-wp-on--click=\"actions.closeMenuOnClick\"\n\t\t\t><svg xmlns=\"http:\/\/www.w3.org\/2000\/svg\" viewBox=\"0 0 24 24\" width=\"24\" height=\"24\" aria-hidden=\"true\" focusable=\"false\"><path d=\"m13.06 12 6.47-6.47-1.06-1.06L12 10.94 5.53 4.47 4.47 5.53 10.94 12l-6.47 6.47 1.06 1.06L12 13.06l6.47 6.47 1.06-1.06L13.06 12Z\"><\/path><\/svg><\/button>\n\t\t\t\t\t\t\t<div class=\"wp-block-navigation__responsive-container-content\" \n\t\t\t\tdata-wp-watch=\"callbacks.focusFirstElement\"\n\t\t\t id=\"modal-1-content\">\n\t\t\t\t\t\t\t\t<ul class=\"wp-block-navigation__container is-responsive wp-block-navigation\"><li class=\" wp-block-navigation-item subnav-first wp-block-navigation-link\"><a class=\"wp-block-navigation-item__content\"  href=\"https:\/\/loeser.createch-media.com\/es\/cintas\/loeser-pulidoras\/\"><span class=\"wp-block-navigation-item__label\">Volver a pulidoras<\/span><\/a><\/li><li class=\" wp-block-navigation-item wp-block-navigation-link\"><a class=\"wp-block-navigation-item__content\"  href=\"https:\/\/loeser.createch-media.com\/es\/cintas\/loeser-pulidoras\/motores-de-pulido-modelo-dp-dpn-dpns\/\"><span class=\"wp-block-navigation-item__label\">Motores de pulido modelo DP \/ DPN \/ DPNS<\/span><\/a><\/li><li class=\" wp-block-navigation-item wp-block-navigation-link\"><a class=\"wp-block-navigation-item__content\"  href=\"https:\/\/loeser.createch-media.com\/es\/cintas\/loeser-pulidoras\/pulidoras-modelo-smg\/\"><span class=\"wp-block-navigation-item__label\">Pulidoras modelo SMG<\/span><\/a><\/li><li class=\" wp-block-navigation-item wp-block-navigation-link\"><a class=\"wp-block-navigation-item__content\"  href=\"https:\/\/loeser.createch-media.com\/es\/cintas\/loeser-pulidoras\/pulidora-modelo-smz-57\/\"><span class=\"wp-block-navigation-item__label\">Pulidora modelo SMZ 57<\/span><\/a><\/li><\/ul>\n\t\t\t\t\t\t\t<\/div>\n\t\t\t\t\t\t<\/div>\n\t\t\t\t\t<\/div>\n\t\t\t\t<\/div><\/nav>\n\n\n<h1 class=\"wp-block-heading animated zoomIn\">Pulidora modelo SMZ 57<\/h1>\n\n\n\n<div class=\"wp-block-stackable-columns stk-block-columns stk-block stk-826bcfb animated zoomIn\" data-block-id=\"826bcfb\"><div class=\"stk-row stk-inner-blocks stk-block-content stk-content-align stk-826bcfb-column\">\n<div class=\"wp-block-stackable-column stk-block-column stk-block-column--v3 stk-column stk-block-column--v2 stk-block stk-ff573b5\" data-block-id=\"ff573b5\"><style>@media screen and (min-width:768px){.stk-ff573b5{flex:1 1 66.7% !important}}<\/style><div class=\"stk-column-wrapper stk-block-column__content stk-container stk-ff573b5-container stk--no-background stk--no-padding\"><div class=\"stk-block-content stk-inner-blocks stk-ff573b5-inner-blocks\">\n<div class=\"wp-block-stackable-icon-list stk-block-icon-list has-text-align-center stk-block stk-d1ed66b\" data-block-id=\"d1ed66b\"><style>.stk-d1ed66b li{padding-inline-start:5px !important;margin-bottom:15px !important}.stk-d1ed66b{column-gap:0px !important}.stk-d1ed66b ul,.stk-d1ed66b ol{padding-left:20px !important}.stk-d1ed66b ul li{list-style-image:url('data:image\/svg+xml;base64,PHN2ZyBhcmlhLWhpZGRlbj0idHJ1ZSIgZm9jdXNhYmxlPSJmYWxzZSIgZGF0YS1wcmVmaXg9ImZhcyIgZGF0YS1pY29uPSJkb3QtY2lyY2xlIiBjbGFzcz0ic3ZnLWlubGluZS0tZmEgZmEtZG90LWNpcmNsZSBmYS13LTE2IiByb2xlPSJpbWciIHhtbG5zPSJodHRwOi8vd3d3LnczLm9yZy8yMDAwL3N2ZyIgdmlld0JveD0iMCAwIDUxMiA1MTIiIHN0eWxlPSJmaWxsOiAjMmM0Zjk1ICFpbXBvcnRhbnQ7IGNvbG9yOiAjMmM0Zjk1ICFpbXBvcnRhbnQ7dHJhbnNmb3JtOiByb3RhdGUoZGVnKSAhaW1wb3J0YW50OyI+PHBhdGggZmlsbD0iIzJjNGY5NSIgZD0iTTI1NiA4QzExOS4wMzMgOCA4IDExOS4wMzMgOCAyNTZzMTExLjAzMyAyNDggMjQ4IDI0OCAyNDgtMTExLjAzMyAyNDgtMjQ4UzM5Mi45NjcgOCAyNTYgOHptODAgMjQ4YzAgNDQuMTEyLTM1Ljg4OCA4MC04MCA4MHMtODAtMzUuODg4LTgwLTgwIDM1Ljg4OC04MCA4MC04MCA4MCAzNS44ODggODAgODB6IiBzdHJva2U9IiMyYzRmOTUiIHN0eWxlPSJmaWxsOiByZ2IoNDQsIDc5LCAxNDkpOyBzdHJva2U6IHJnYig0NCwgNzksIDE0OSk7Ii8+PC9zdmc+') !important}.stk-d1ed66b li::marker{color:#2c4f95 !important;font-size:1.6em !important}<\/style><ul><li>Con 1 motor montado, ejes de husillo divididos y transmisi\u00f3n por correa trapezoidal.<\/li><li>Sobre columna baja, altura de husillo 600 mm<\/li><\/ul><\/div>\n\n\n\n<p><strong>Accesorios:<\/strong><br>Campana de aspiraci\u00f3n S 400 con arandela dentada, lazo izquierdo.<br>Campana de aspiraci\u00f3n S 400 con disco pulidor, lado derecho.<\/p>\n<\/div><\/div><\/div>\n\n\n\n<div class=\"wp-block-stackable-column stk-block-column stk-block-column--v3 stk-column stk-block-column--v2 stk-block stk-3a61e76\" data-block-id=\"3a61e76\"><style>@media screen and (min-width:768px){.stk-3a61e76{flex:1 1 33.3% !important}}<\/style><div class=\"stk-column-wrapper stk-block-column__content stk-container stk-3a61e76-container stk--no-background stk--no-padding\"><div class=\"stk-block-content stk-inner-blocks stk-3a61e76-inner-blocks\">\n<figure class=\"wp-block-image size-full\"><img loading=\"lazy\" decoding=\"async\" width=\"800\" height=\"474\" src=\"https:\/\/loeser.createch-media.com\/wp-content\/uploads\/2023\/05\/csm_poliermaschine-smz-57.jpg\" alt=\"Poliermaschine Typ SMZ 57\" class=\"wp-image-10010\" srcset=\"https:\/\/loeser.createch-media.com\/wp-content\/uploads\/2023\/05\/csm_poliermaschine-smz-57.jpg 800w, https:\/\/loeser.createch-media.com\/wp-content\/uploads\/2023\/05\/csm_poliermaschine-smz-57-300x178.jpg 300w, https:\/\/loeser.createch-media.com\/wp-content\/uploads\/2023\/05\/csm_poliermaschine-smz-57-768x455.jpg 768w\" sizes=\"auto, (max-width: 800px) 100vw, 800px\" \/><\/figure>\n<\/div><\/div><\/div>\n<\/div><\/div>\n\n\n\n<div class=\"wp-block-stackable-columns stk-block-columns stk-block stk-18cb3af animated zoomIn\" data-block-id=\"18cb3af\"><div class=\"stk-row stk-inner-blocks stk-block-content stk-content-align stk-18cb3af-column\">\n<div class=\"wp-block-stackable-column stk-block-column stk-block-column--v3 stk-column stk-block-column--v2 stk-block stk-a0edafc\" data-block-id=\"a0edafc\"><style>@media screen and (min-width:768px){.stk-a0edafc{flex:1 1 calc(15% - var(--stk-column-gap,0px) * 2 \/ 3 ) !important}}<\/style><div class=\"stk-column-wrapper stk-block-column__content stk-container stk-a0edafc-container stk--no-background stk--no-padding\"><div class=\"stk-block-content stk-inner-blocks stk-a0edafc-inner-blocks\"><\/div><\/div><\/div>\n\n\n\n<div class=\"wp-block-stackable-column stk-block-column stk-block-column--v3 stk-column stk-block-column--v2 stk-block stk-5461264\" data-block-id=\"5461264\"><style>@media screen and (min-width:768px){.stk-5461264{flex:1 1 calc(70% - var(--stk-column-gap,0px) * 2 \/ 3 ) !important}}<\/style><div class=\"stk-column-wrapper stk-block-column__content stk-container stk-5461264-container stk--no-background stk--no-padding\"><div class=\"stk-block-content stk-inner-blocks stk-5461264-inner-blocks\">\n<figure class=\"wp-block-gallery has-nested-images columns-default is-cropped wp-block-gallery-2 is-layout-flex wp-block-gallery-is-layout-flex\">\n<figure class=\"wp-block-image size-large\"><img loading=\"lazy\" decoding=\"async\" width=\"800\" height=\"600\" data-id=\"10017\" src=\"https:\/\/loeser.createch-media.com\/wp-content\/uploads\/2023\/05\/csm_poliermaschine-smz-57-2.jpg\" alt=\"Poliermaschine Typ SMZ 57\" class=\"wp-image-10017\" srcset=\"https:\/\/loeser.createch-media.com\/wp-content\/uploads\/2023\/05\/csm_poliermaschine-smz-57-2.jpg 800w, https:\/\/loeser.createch-media.com\/wp-content\/uploads\/2023\/05\/csm_poliermaschine-smz-57-2-300x225.jpg 300w, https:\/\/loeser.createch-media.com\/wp-content\/uploads\/2023\/05\/csm_poliermaschine-smz-57-2-768x576.jpg 768w\" sizes=\"auto, (max-width: 800px) 100vw, 800px\" \/><\/figure>\n\n\n\n<figure class=\"wp-block-image size-large\"><img loading=\"lazy\" decoding=\"async\" width=\"800\" height=\"600\" data-id=\"10022\" src=\"https:\/\/loeser.createch-media.com\/wp-content\/uploads\/2023\/05\/csm_poliermaschine-smz-57-3.jpg\" alt=\"Poliermaschine Typ SMZ 57\" class=\"wp-image-10022\" srcset=\"https:\/\/loeser.createch-media.com\/wp-content\/uploads\/2023\/05\/csm_poliermaschine-smz-57-3.jpg 800w, https:\/\/loeser.createch-media.com\/wp-content\/uploads\/2023\/05\/csm_poliermaschine-smz-57-3-300x225.jpg 300w, https:\/\/loeser.createch-media.com\/wp-content\/uploads\/2023\/05\/csm_poliermaschine-smz-57-3-768x576.jpg 768w\" sizes=\"auto, (max-width: 800px) 100vw, 800px\" \/><\/figure>\n<\/figure>\n<\/div><\/div><\/div>\n\n\n\n<div class=\"wp-block-stackable-column stk-block-column stk-block-column--v3 stk-column stk-block-column--v2 stk-block stk-6c29f17\" data-block-id=\"6c29f17\"><style>@media screen and (min-width:768px){.stk-6c29f17{flex:1 1 calc(15% - var(--stk-column-gap,0px) * 2 \/ 3 ) !important}}<\/style><div class=\"stk-column-wrapper stk-block-column__content stk-container stk-6c29f17-container stk--no-background stk--no-padding\"><div class=\"stk-block-content stk-inner-blocks stk-6c29f17-inner-blocks\"><\/div><\/div><\/div>\n<\/div><\/div>\n\n\n\n<div id=\"\" class=\"wp-block-gosign-gosign-background-contianer gosign-color-section btn-full align-false default-padding no-margin full-width custom-height lightColorLayout no-top-border no-bottom-border colorSectionFe background-parallax background-repeat overlay-false defined-width\"><div data-parallax=\"scroll\" data-image-src=\"https:\/\/loeser.createch-media.com\/wp-content\/uploads\/2023\/04\/ks100-trenner-3.jpg\" class=\"outer-container background-parallax\" style=\"min-height:300px;background-repeat:repeat\"><div class=\"inner-container\"><div class=\"contentBlock\"><\/div><\/div><\/div><\/div>\n\n\n<div class=\"wp-block-image\">\n<figure class=\"aligncenter size-full\"><img loading=\"lazy\" decoding=\"async\" width=\"800\" height=\"330\" src=\"https:\/\/loeser.createch-media.com\/wp-content\/uploads\/2023\/05\/csm_SMZ_57.png\" alt=\"Zeichnung Poliermaschine Typ SMZ 57\" class=\"wp-image-10031\" srcset=\"https:\/\/loeser.createch-media.com\/wp-content\/uploads\/2023\/05\/csm_SMZ_57.png 800w, https:\/\/loeser.createch-media.com\/wp-content\/uploads\/2023\/05\/csm_SMZ_57-300x124.png 300w, https:\/\/loeser.createch-media.com\/wp-content\/uploads\/2023\/05\/csm_SMZ_57-768x317.png 768w\" sizes=\"auto, (max-width: 800px) 100vw, 800px\" \/><\/figure>\n<\/div>\n\n\n<div class=\"wp-block-gutena-tabs gutena-tabs-block gutena-tabs-block-44902e-4e animated zoomIn\"><ul class=\"gutena-tabs-tab tab-left\"><li class=\"gutena-tab-title active\" data-tab=\"1\"><div class=\"gutena-tab-title-content icon-top\"><div class=\"gutena-tab-title-text\"><div>Especificaciones t\u00e9cnicas<\/div><\/div><\/div><\/li><li class=\"gutena-tab-title inactive\" data-tab=\"2\"><div class=\"gutena-tab-title-content icon-top\"><div class=\"gutena-tab-title-text\"><div>Accesorios<\/div><\/div><\/div><\/li><\/ul><div class=\"gutena-tabs-content is-layout-flow wp-block-gutena-tabs-is-layout-flow\">\n<div class=\"wp-block-gutena-tab gutena-tab-block gutena-tab-block-2c69df-a0 active animated zoomIn\" data-tab=\"1\">\n<figure class=\"wp-block-table is-style-regular\"><table class=\"has-white-background-color has-background has-fixed-layout\"><tbody><tr><td><strong>Modelo<\/strong><\/td><td><strong>SMZ 57 E<\/strong><\/td><td><strong>SMZ 57<\/strong><\/td><\/tr><tr><td>Altura del husillo en mm:<\/td><td>600 \/ 1000<\/td><td>600 \/ 1000<\/td><\/tr><tr><td>Tensi\u00f3n de red:<\/td><td>400V, 50Hz, 3PH\/PE<\/td><td>400V, 50Hz, 3PH\/PE<\/td><\/tr><tr><td>Potencia del motor:<\/td><td>ver placa de caracter\u00edsticas en la m\u00e1quina:<br>4,0 kW, 5,5 kW, 7,5kW<\/td><td>ver placa de caracter\u00edsticas en la m\u00e1quina:<br>4,0 kW, 5,5 kW, 7,5kW<\/td><\/tr><tr><td>rpm:<\/td><td>ver placa de caracter\u00edsticas en la m\u00e1quina:<br>3 niveles (en el rango de 1200 &#8211; 3500)<\/td><td>ver placa de caracter\u00edsticas en la m\u00e1quina:<br>3 niveles (en el rango de 1200 &#8211; 3500)<\/td><\/tr><tr><td>Longitud en mm:<\/td><td>1234<\/td><td>1688<\/td><\/tr><tr><td>Ancho en mm:<\/td><td>665<\/td><td>665<\/td><\/tr><tr><td>Altura en mm:<\/td><td>740 \/ 1140<\/td><td>740 \/ 1140<\/td><\/tr><tr><td>Peso en kg:<\/td><td>190 \/ 235<\/td><td>230 \/ 275<\/td><\/tr><\/tbody><\/table><\/figure>\n<\/div>\n\n\n\n<div class=\"wp-block-gutena-tab gutena-tab-block gutena-tab-block-e6fb54-cf inactive\" data-tab=\"2\">\n<figure class=\"wp-block-table is-style-regular\"><table class=\"has-white-background-color has-background has-fixed-layout\"><tbody><tr><td><strong>Modelo<\/strong><\/td><td><strong>SMZ 57<\/strong><\/td><\/tr><tr><td>Brazo de rectificado para cinta mm<\/td><td>EB 3-S<br>3500 x 100 max.<\/td><\/tr><tr><td>Punta de pulido<br>V\u00e1stago del disco pulidor<\/td><td>M 16<\/td><\/tr><tr><td>\u00d8 campanas de aspiraci\u00f3n<\/td><td>400<br>500<\/td><\/tr><\/tbody><\/table><\/figure>\n<\/div>\n<\/div><\/div>\n","protected":false},"excerpt":{"rendered":"<p>Pulidora modelo SMZ 57 Con 1 motor montado, ejes de husillo divididos y transmisi\u00f3n por correa trapezoidal. Sobre columna baja, altura de husillo 600 mm Accesorios:Campana de aspiraci\u00f3n S 400 con arandela dentada, lazo izquierdo.Campana de aspiraci\u00f3n S 400 con disco pulidor, lado derecho.<\/p>\n","protected":false},"author":1,"featured_media":0,"parent":11294,"menu_order":2,"comment_status":"closed","ping_status":"closed","template":"templates\/template-full-width.php","meta":{"pgc_sgb_lightbox_settings":"","footnotes":""},"class_list":["post-11290","page","type-page","status-publish","hentry"],"featured_image_urls":{"full":"","thumbnail":"","medium":"","medium_large":"","large":"","1536x1536":"","2048x2048":"","post-thumbnail":"","twentytwenty-fullscreen":""},"post_excerpt_stackable":"<p>Volver a pulidorasMotores de pulido modelo DP \/ DPN \/ DPNSPulidoras modelo SMGPulidora modelo SMZ 57 Pulidora modelo SMZ 57 Con 1 motor montado, ejes de husillo divididos y transmisi\u00f3n por correa trapezoidal.Sobre columna baja, altura de husillo 600 mm Accesorios:Campana de aspiraci\u00f3n S 400 con arandela dentada, lazo izquierdo.Campana de aspiraci\u00f3n S 400 con disco pulidor, lado derecho. Especificaciones t\u00e9cnicasAccesorios ModeloSMZ 57 ESMZ 57Altura del husillo en mm:600 \/ 1000600 \/ 1000Tensi\u00f3n de red:400V, 50Hz, 3PH\/PE400V, 50Hz, 3PH\/PEPotencia del motor:ver placa de caracter\u00edsticas en la m\u00e1quina:4,0 kW, 5,5 kW, 7,5kWver placa de caracter\u00edsticas en la m\u00e1quina:4,0 kW, 5,5 kW,&hellip;<\/p>\n","category_list":"","author_info":{"name":"sschmitt","url":"https:\/\/loeser.createch-media.com\/es\/author\/sschmitt\/"},"comments_num":"0 comentarios","yoast_head":"<!-- This site is optimized with the Yoast SEO plugin v20.3 - https:\/\/yoast.com\/wordpress\/plugins\/seo\/ -->\n<title>Pulidora modelo SMZ 57 - Loeser Schleifmaschinen<\/title>\n<meta name=\"robots\" content=\"noindex, follow, max-snippet:-1, max-image-preview:large, max-video-preview:-1\" \/>\n<meta property=\"og:locale\" content=\"es_ES\" \/>\n<meta property=\"og:type\" content=\"article\" \/>\n<meta property=\"og:title\" content=\"Pulidora modelo SMZ 57 - Loeser Schleifmaschinen\" \/>\n<meta property=\"og:description\" content=\"Pulidora modelo SMZ 57 Con 1 motor montado, ejes de husillo divididos y transmisi\u00f3n por correa trapezoidal. Sobre columna baja, altura de husillo 600 mm Accesorios:Campana de aspiraci\u00f3n S 400 con arandela dentada, lazo izquierdo.Campana de aspiraci\u00f3n S 400 con disco pulidor, lado derecho.\" \/>\n<meta property=\"og:url\" content=\"https:\/\/loeser.createch-media.com\/es\/cintas\/loeser-pulidoras\/pulidora-modelo-smz-57\/\" \/>\n<meta property=\"og:site_name\" content=\"Loeser Schleifmaschinen\" \/>\n<meta property=\"article:modified_time\" content=\"2023-06-07T08:50:25+00:00\" \/>\n<meta property=\"og:image\" content=\"https:\/\/loeser.createch-media.com\/wp-content\/uploads\/2023\/05\/csm_poliermaschine-smz-57.jpg\" \/>\n<meta name=\"twitter:card\" content=\"summary_large_image\" \/>\n<meta name=\"twitter:label1\" content=\"Tiempo de lectura\" \/>\n\t<meta name=\"twitter:data1\" content=\"3 minutos\" \/>\n<script type=\"application\/ld+json\" class=\"yoast-schema-graph\">{\"@context\":\"https:\/\/schema.org\",\"@graph\":[{\"@type\":\"WebPage\",\"@id\":\"https:\/\/loeser.createch-media.com\/es\/cintas\/loeser-pulidoras\/pulidora-modelo-smz-57\/\",\"url\":\"https:\/\/loeser.createch-media.com\/es\/cintas\/loeser-pulidoras\/pulidora-modelo-smz-57\/\",\"name\":\"Pulidora modelo SMZ 57 - Loeser Schleifmaschinen\",\"isPartOf\":{\"@id\":\"https:\/\/loeser.createch-media.com\/es\/#website\"},\"datePublished\":\"2023-05-26T10:20:28+00:00\",\"dateModified\":\"2023-06-07T08:50:25+00:00\",\"breadcrumb\":{\"@id\":\"https:\/\/loeser.createch-media.com\/es\/cintas\/loeser-pulidoras\/pulidora-modelo-smz-57\/#breadcrumb\"},\"inLanguage\":\"es\",\"potentialAction\":[{\"@type\":\"ReadAction\",\"target\":[\"https:\/\/loeser.createch-media.com\/es\/cintas\/loeser-pulidoras\/pulidora-modelo-smz-57\/\"]}]},{\"@type\":\"BreadcrumbList\",\"@id\":\"https:\/\/loeser.createch-media.com\/es\/cintas\/loeser-pulidoras\/pulidora-modelo-smz-57\/#breadcrumb\",\"itemListElement\":[{\"@type\":\"ListItem\",\"position\":1,\"name\":\"Startseite\",\"item\":\"https:\/\/loeser.createch-media.com\/es\/\"},{\"@type\":\"ListItem\",\"position\":2,\"name\":\"Pulidora modelo SMZ 57\"}]},{\"@type\":\"WebSite\",\"@id\":\"https:\/\/loeser.createch-media.com\/es\/#website\",\"url\":\"https:\/\/loeser.createch-media.com\/es\/\",\"name\":\"Loeser Schleifmaschinen\",\"description\":\"\",\"publisher\":{\"@id\":\"https:\/\/loeser.createch-media.com\/es\/#organization\"},\"potentialAction\":[{\"@type\":\"SearchAction\",\"target\":{\"@type\":\"EntryPoint\",\"urlTemplate\":\"https:\/\/loeser.createch-media.com\/es\/?s={search_term_string}\"},\"query-input\":\"required name=search_term_string\"}],\"inLanguage\":\"es\"},{\"@type\":\"Organization\",\"@id\":\"https:\/\/loeser.createch-media.com\/es\/#organization\",\"name\":\"Loeser Schleifmaschinen\",\"url\":\"https:\/\/loeser.createch-media.com\/es\/\",\"logo\":{\"@type\":\"ImageObject\",\"inLanguage\":\"es\",\"@id\":\"https:\/\/loeser.createch-media.com\/es\/#\/schema\/logo\/image\/\",\"url\":\"https:\/\/loeser.createch-media.com\/wp-content\/uploads\/2023\/03\/cropped-loeser-logo-2023.jpg\",\"contentUrl\":\"https:\/\/loeser.createch-media.com\/wp-content\/uploads\/2023\/03\/cropped-loeser-logo-2023.jpg\",\"width\":500,\"height\":238,\"caption\":\"Loeser Schleifmaschinen\"},\"image\":{\"@id\":\"https:\/\/loeser.createch-media.com\/es\/#\/schema\/logo\/image\/\"}}]}<\/script>\n<!-- \/ Yoast SEO plugin. -->","yoast_head_json":{"title":"Pulidora modelo SMZ 57 - Loeser Schleifmaschinen","robots":{"index":"noindex","follow":"follow","max-snippet":"max-snippet:-1","max-image-preview":"max-image-preview:large","max-video-preview":"max-video-preview:-1"},"og_locale":"es_ES","og_type":"article","og_title":"Pulidora modelo SMZ 57 - Loeser Schleifmaschinen","og_description":"Pulidora modelo SMZ 57 Con 1 motor montado, ejes de husillo divididos y transmisi\u00f3n por correa trapezoidal. Sobre columna baja, altura de husillo 600 mm Accesorios:Campana de aspiraci\u00f3n S 400 con arandela dentada, lazo izquierdo.Campana de aspiraci\u00f3n S 400 con disco pulidor, lado derecho.","og_url":"https:\/\/loeser.createch-media.com\/es\/cintas\/loeser-pulidoras\/pulidora-modelo-smz-57\/","og_site_name":"Loeser Schleifmaschinen","article_modified_time":"2023-06-07T08:50:25+00:00","og_image":[{"url":"https:\/\/loeser.createch-media.com\/wp-content\/uploads\/2023\/05\/csm_poliermaschine-smz-57.jpg"}],"twitter_card":"summary_large_image","twitter_misc":{"Tiempo de lectura":"3 minutos"},"schema":{"@context":"https:\/\/schema.org","@graph":[{"@type":"WebPage","@id":"https:\/\/loeser.createch-media.com\/es\/cintas\/loeser-pulidoras\/pulidora-modelo-smz-57\/","url":"https:\/\/loeser.createch-media.com\/es\/cintas\/loeser-pulidoras\/pulidora-modelo-smz-57\/","name":"Pulidora modelo SMZ 57 - Loeser Schleifmaschinen","isPartOf":{"@id":"https:\/\/loeser.createch-media.com\/es\/#website"},"datePublished":"2023-05-26T10:20:28+00:00","dateModified":"2023-06-07T08:50:25+00:00","breadcrumb":{"@id":"https:\/\/loeser.createch-media.com\/es\/cintas\/loeser-pulidoras\/pulidora-modelo-smz-57\/#breadcrumb"},"inLanguage":"es","potentialAction":[{"@type":"ReadAction","target":["https:\/\/loeser.createch-media.com\/es\/cintas\/loeser-pulidoras\/pulidora-modelo-smz-57\/"]}]},{"@type":"BreadcrumbList","@id":"https:\/\/loeser.createch-media.com\/es\/cintas\/loeser-pulidoras\/pulidora-modelo-smz-57\/#breadcrumb","itemListElement":[{"@type":"ListItem","position":1,"name":"Startseite","item":"https:\/\/loeser.createch-media.com\/es\/"},{"@type":"ListItem","position":2,"name":"Pulidora modelo SMZ 57"}]},{"@type":"WebSite","@id":"https:\/\/loeser.createch-media.com\/es\/#website","url":"https:\/\/loeser.createch-media.com\/es\/","name":"Loeser Schleifmaschinen","description":"","publisher":{"@id":"https:\/\/loeser.createch-media.com\/es\/#organization"},"potentialAction":[{"@type":"SearchAction","target":{"@type":"EntryPoint","urlTemplate":"https:\/\/loeser.createch-media.com\/es\/?s={search_term_string}"},"query-input":"required name=search_term_string"}],"inLanguage":"es"},{"@type":"Organization","@id":"https:\/\/loeser.createch-media.com\/es\/#organization","name":"Loeser Schleifmaschinen","url":"https:\/\/loeser.createch-media.com\/es\/","logo":{"@type":"ImageObject","inLanguage":"es","@id":"https:\/\/loeser.createch-media.com\/es\/#\/schema\/logo\/image\/","url":"https:\/\/loeser.createch-media.com\/wp-content\/uploads\/2023\/03\/cropped-loeser-logo-2023.jpg","contentUrl":"https:\/\/loeser.createch-media.com\/wp-content\/uploads\/2023\/03\/cropped-loeser-logo-2023.jpg","width":500,"height":238,"caption":"Loeser Schleifmaschinen"},"image":{"@id":"https:\/\/loeser.createch-media.com\/es\/#\/schema\/logo\/image\/"}}]}},"_links":{"self":[{"href":"https:\/\/loeser.createch-media.com\/es\/wp-json\/wp\/v2\/pages\/11290","targetHints":{"allow":["GET"]}}],"collection":[{"href":"https:\/\/loeser.createch-media.com\/es\/wp-json\/wp\/v2\/pages"}],"about":[{"href":"https:\/\/loeser.createch-media.com\/es\/wp-json\/wp\/v2\/types\/page"}],"author":[{"embeddable":true,"href":"https:\/\/loeser.createch-media.com\/es\/wp-json\/wp\/v2\/users\/1"}],"replies":[{"embeddable":true,"href":"https:\/\/loeser.createch-media.com\/es\/wp-json\/wp\/v2\/comments?post=11290"}],"version-history":[{"count":1,"href":"https:\/\/loeser.createch-media.com\/es\/wp-json\/wp\/v2\/pages\/11290\/revisions"}],"predecessor-version":[{"id":11293,"href":"https:\/\/loeser.createch-media.com\/es\/wp-json\/wp\/v2\/pages\/11290\/revisions\/11293"}],"up":[{"embeddable":true,"href":"https:\/\/loeser.createch-media.com\/es\/wp-json\/wp\/v2\/pages\/11294"}],"wp:attachment":[{"href":"https:\/\/loeser.createch-media.com\/es\/wp-json\/wp\/v2\/media?parent=11290"}],"curies":[{"name":"wp","href":"https:\/\/api.w.org\/{rel}","templated":true}]}}