{"id":8529,"date":"2023-05-11T12:20:37","date_gmt":"2023-05-11T10:20:37","guid":{"rendered":"https:\/\/loeser.createch-media.com\/?page_id=8529"},"modified":"2023-05-30T12:24:10","modified_gmt":"2023-05-30T10:24:10","slug":"rectificadora-de-matrices-en-linea-recta-dynabrade-52230","status":"publish","type":"page","link":"https:\/\/loeser.createch-media.com\/es\/cintas\/herramientas-neumaticas-con-pinza\/rectificadora-de-matrices-en-linea-recta-dynabrade-52230\/","title":{"rendered":"Rectificadora de matrices en l\u00ednea recta Dynabrade 52230"},"content":{"rendered":"<nav class=\"is-responsive wp-block-navigation is-layout-flex wp-block-navigation-is-layout-flex\" aria-label=\"Navigation\" \n\t\t data-wp-interactive=\"core\/navigation\" data-wp-context='{\"overlayOpenedBy\":{\"click\":false,\"hover\":false,\"focus\":false},\"type\":\"overlay\",\"roleAttribute\":\"\",\"ariaLabel\":\"Men\\u00fa\"}'><button aria-haspopup=\"dialog\" aria-label=\"Abrir el men\u00fa\" class=\"wp-block-navigation__responsive-container-open\" \n\t\t\t\tdata-wp-on--click=\"actions.openMenuOnClick\"\n\t\t\t\tdata-wp-on--keydown=\"actions.handleMenuKeydown\"\n\t\t\t><svg width=\"24\" height=\"24\" xmlns=\"http:\/\/www.w3.org\/2000\/svg\" viewBox=\"0 0 24 24\" aria-hidden=\"true\" focusable=\"false\"><path d=\"M4 7.5h16v1.5H4z\"><\/path><path d=\"M4 15h16v1.5H4z\"><\/path><\/svg><\/button>\n\t\t\t\t<div class=\"wp-block-navigation__responsive-container\"  id=\"modal-1\" \n\t\t\t\tdata-wp-class--has-modal-open=\"state.isMenuOpen\"\n\t\t\t\tdata-wp-class--is-menu-open=\"state.isMenuOpen\"\n\t\t\t\tdata-wp-watch=\"callbacks.initMenu\"\n\t\t\t\tdata-wp-on--keydown=\"actions.handleMenuKeydown\"\n\t\t\t\tdata-wp-on--focusout=\"actions.handleMenuFocusout\"\n\t\t\t\ttabindex=\"-1\"\n\t\t\t>\n\t\t\t\t\t<div class=\"wp-block-navigation__responsive-close\" tabindex=\"-1\">\n\t\t\t\t\t\t<div class=\"wp-block-navigation__responsive-dialog\" \n\t\t\t\tdata-wp-bind--aria-modal=\"state.ariaModal\"\n\t\t\t\tdata-wp-bind--aria-label=\"state.ariaLabel\"\n\t\t\t\tdata-wp-bind--role=\"state.roleAttribute\"\n\t\t\t>\n\t\t\t\t\t\t\t<button aria-label=\"Cerrar el men\u00fa\" class=\"wp-block-navigation__responsive-container-close\" \n\t\t\t\tdata-wp-on--click=\"actions.closeMenuOnClick\"\n\t\t\t><svg xmlns=\"http:\/\/www.w3.org\/2000\/svg\" viewBox=\"0 0 24 24\" width=\"24\" height=\"24\" aria-hidden=\"true\" focusable=\"false\"><path d=\"m13.06 12 6.47-6.47-1.06-1.06L12 10.94 5.53 4.47 4.47 5.53 10.94 12l-6.47 6.47 1.06 1.06L12 13.06l6.47 6.47 1.06-1.06L13.06 12Z\"><\/path><\/svg><\/button>\n\t\t\t\t\t\t\t<div class=\"wp-block-navigation__responsive-container-content\" \n\t\t\t\tdata-wp-watch=\"callbacks.focusFirstElement\"\n\t\t\t id=\"modal-1-content\">\n\t\t\t\t\t\t\t\t<ul class=\"wp-block-navigation__container is-responsive wp-block-navigation\"><li class=\" wp-block-navigation-item subnav-first wp-block-navigation-link\"><a class=\"wp-block-navigation-item__content\"  href=\"https:\/\/loeser.createch-media.com\/es\/herramientas-neumaticas-con-pinza\/\"><span class=\"wp-block-navigation-item__label\">Volver a herramientas neum\u00e1ticas con pinza<\/span><\/a><\/li><li class=\" wp-block-navigation-item wp-block-navigation-link\"><a class=\"wp-block-navigation-item__content\"  href=\"https:\/\/loeser.createch-media.com\/es\/herramientas-neumaticas-con-pinza\/rectificadora-de-matrices-en-linea-recta-dynabrade-43500-43505-43510-43515\/\"><span class=\"wp-block-navigation-item__label\">Rectificadora de matrices en l\u00ednea recta Dynabrade 43500, 43505, 43510, 43515<\/span><\/a><\/li><li class=\" wp-block-navigation-item wp-block-navigation-link\"><a class=\"wp-block-navigation-item__content\"  href=\"https:\/\/loeser.createch-media.com\/es\/herramientas-neumaticas-con-pinza\/lapiz-esmerilador-en-linea-recta-dynabrade-52862-52864\/\"><span class=\"wp-block-navigation-item__label\">L\u00e1piz esmerilador en l\u00ednea recta Dynabrade 52862, 52864<\/span><\/a><\/li><li class=\" wp-block-navigation-item wp-block-navigation-link\"><a class=\"wp-block-navigation-item__content\"  href=\"https:\/\/loeser.createch-media.com\/es\/herramientas-neumaticas-con-pinza\/rectificadora-de-matrices-en-linea-recta-dynabrade-52230\/\"><span class=\"wp-block-navigation-item__label\">Rectificadora de matrices en l\u00ednea recta Dynabrade 52230<\/span><\/a><\/li><li class=\" wp-block-navigation-item wp-block-navigation-link\"><a class=\"wp-block-navigation-item__content\"  href=\"https:\/\/loeser.createch-media.com\/es\/herramientas-neumaticas-con-pinza\/rectificadora-de-matrices-en-linea-recta-dynabrade-51300\/\"><span class=\"wp-block-navigation-item__label\">Rectificadora de matrices en l\u00ednea recta Dynabrade 51300<\/span><\/a><\/li><li class=\" wp-block-navigation-item wp-block-navigation-link\"><a class=\"wp-block-navigation-item__content\"  href=\"https:\/\/loeser.createch-media.com\/es\/herramientas-neumaticas-con-pinza\/rectificadora-de-matrices-en-linea-recta-dynabrade-52264\/\"><span class=\"wp-block-navigation-item__label\">Rectificadora de matrices en l\u00ednea recta Dynabrade 52264<\/span><\/a><\/li><li class=\" wp-block-navigation-item wp-block-navigation-link\"><a class=\"wp-block-navigation-item__content\"  href=\"https:\/\/loeser.createch-media.com\/es\/herramientas-neumaticas-con-pinza\/rectificadora-de-matrices-en-linea-recta-dynabrade-51312-53506\/\"><span class=\"wp-block-navigation-item__label\">Rectificadora de matrices en l\u00ednea recta Dynabrade 51312, 53506<\/span><\/a><\/li><li class=\" wp-block-navigation-item wp-block-navigation-link\"><a class=\"wp-block-navigation-item__content\"  href=\"https:\/\/loeser.createch-media.com\/es\/herramientas-neumaticas-con-pinza\/rectificadora-de-matrices-en-linea-recta-dynabrade-52660\/\"><span class=\"wp-block-navigation-item__label\">Rectificadora de matrices en l\u00ednea recta Dynabrade 52660<\/span><\/a><\/li><li class=\" wp-block-navigation-item wp-block-navigation-link\"><a class=\"wp-block-navigation-item__content\"  href=\"https:\/\/loeser.createch-media.com\/es\/herramientas-neumaticas-con-pinza\/rectificadora-de-matrices-con-extension-de-6-pulgadas-en-linea-recta-dynabrade-52692\/\"><span class=\"wp-block-navigation-item__label\">Rectificadora de matrices con extensi\u00f3n de 6 pulgadas en l\u00ednea recta Dynabrade 52692<\/span><\/a><\/li><li class=\" wp-block-navigation-item wp-block-navigation-link\"><a class=\"wp-block-navigation-item__content\"  href=\"https:\/\/loeser.createch-media.com\/es\/herramientas-neumaticas-con-pinza\/rectificadora-de-matrices-en-linea-recta-dynabrade-53807-53808-53811-53812-53781-53783\/\"><span class=\"wp-block-navigation-item__label\">Rectificadora de matrices en l\u00ednea recta Dynabrade 53807, 53808, 53811, 53812, 53781, 53783<\/span><\/a><\/li><li class=\" wp-block-navigation-item wp-block-navigation-link\"><a class=\"wp-block-navigation-item__content\"  href=\"https:\/\/loeser.createch-media.com\/es\/herramientas-neumaticas-con-pinza\/rectificadora-de-matrices-en-angulo-recto-dynabrade-54343-54347-54359-54363\/\"><span class=\"wp-block-navigation-item__label\">Rectificadora de matrices en \u00e1ngulo recto Dynabrade 54343, 54347, 54359, 54363<\/span><\/a><\/li><li class=\" wp-block-navigation-item wp-block-navigation-link\"><a class=\"wp-block-navigation-item__content\"  href=\"https:\/\/loeser.createch-media.com\/es\/herramientas-neumaticas-con-pinza\/amoladora-recta-de-aire-dynabrade-53521\/\"><span class=\"wp-block-navigation-item__label\">Amoladora recta de aire Dynabrade 53521<\/span><\/a><\/li><li class=\" wp-block-navigation-item wp-block-navigation-link\"><a class=\"wp-block-navigation-item__content\"  href=\"https:\/\/loeser.createch-media.com\/es\/herramientas-neumaticas-con-pinza\/rectificadora-de-matrices-en-angulo-recto-dynabrade-54369-54374-54387-54391\/\"><span class=\"wp-block-navigation-item__label\">Rectificadora de matrices en \u00e1ngulo recto Dynabrade 54369, 54374, 54387, 54391<\/span><\/a><\/li><li class=\" wp-block-navigation-item wp-block-navigation-link\"><a class=\"wp-block-navigation-item__content\"  href=\"https:\/\/loeser.createch-media.com\/es\/herramientas-neumaticas-con-pinza\/3m-amoladora-de-eje-recto-neumatica-25126-25127-25128-25129-28346-28347\/\"><span class=\"wp-block-navigation-item__label\">3M Amoladora de eje recto Neum\u00e1tica 25126, 25127, 25128, 25129, 28346, 28347<\/span><\/a><\/li><li class=\" wp-block-navigation-item wp-block-navigation-link\"><a class=\"wp-block-navigation-item__content\"  href=\"https:\/\/loeser.createch-media.com\/es\/herramientas-neumaticas-con-pinza\/limadora-de-mano-en-linea-recta-dynabrade-10832-10843\/\"><span class=\"wp-block-navigation-item__label\">Limadora de mano en l\u00ednea recta Dynabrade 10832, 10843<\/span><\/a><\/li><li class=\" wp-block-navigation-item wp-block-navigation-link\"><a class=\"wp-block-navigation-item__content\"  href=\"https:\/\/loeser.createch-media.com\/es\/herramientas-neumaticas-con-pinza\/paquete-versatil-de-limadora-de-mano-en-linea-recta-dynabrade-10844\/\"><span class=\"wp-block-navigation-item__label\">Paquete vers\u00e1til de limadora de mano en l\u00ednea recta Dynabrade 10844<\/span><\/a><\/li><li class=\" wp-block-navigation-item wp-block-navigation-link\"><a class=\"wp-block-navigation-item__content\"  href=\"https:\/\/loeser.createch-media.com\/es\/herramientas-neumaticas-con-pinza\/paquete-versatil-de-limadora-de-mano-en-linea-recta-dynabrade-10846-10847\/\"><span class=\"wp-block-navigation-item__label\">Paquete vers\u00e1til de limadora de mano en l\u00ednea recta Dynabrade 10846, 10847<\/span><\/a><\/li><li class=\" wp-block-navigation-item wp-block-navigation-link\"><a class=\"wp-block-navigation-item__content\"  href=\"https:\/\/loeser.createch-media.com\/es\/herramientas-neumaticas-con-pinza\/lima-de-aire-comprimido-tipo-351028\/\"><span class=\"wp-block-navigation-item__label\">Lima de aire comprimido tipo 351028<\/span><\/a><\/li><li class=\" wp-block-navigation-item wp-block-navigation-link\"><a class=\"wp-block-navigation-item__content\"  href=\"https:\/\/loeser.createch-media.com\/es\/herramientas-neumaticas-con-pinza\/lima-de-aire-comprimido-tipo-351020\/\"><span class=\"wp-block-navigation-item__label\">Lima de aire comprimido tipo 351020<\/span><\/a><\/li><\/ul>\n\t\t\t\t\t\t\t<\/div>\n\t\t\t\t\t\t<\/div>\n\t\t\t\t\t<\/div>\n\t\t\t\t<\/div><\/nav>\n\n\n<h1 class=\"wp-block-heading animated zoomIn\">Rectificadora de matrices en l\u00ednea recta Dynabrade 52230<\/h1>\n\n\n\n<div class=\"wp-block-stackable-columns stk-block-columns stk-block stk-7a8ef8a animated zoomIn\" data-block-id=\"7a8ef8a\"><div class=\"stk-row stk-inner-blocks stk-block-content stk-content-align stk-7a8ef8a-column\">\n<div class=\"wp-block-stackable-column stk-block-column stk-block-column--v3 stk-column stk-block-column--v2 stk-block stk-835a466\" data-block-id=\"835a466\"><style>@media screen and (min-width:768px){.stk-835a466{flex:1 1 calc(66.7% - var(--stk-column-gap,0px) * 1 \/ 2 ) !important}}<\/style><div class=\"stk-column-wrapper stk-block-column__content stk-container stk-835a466-container stk--no-background stk--no-padding\"><div class=\"stk-block-content stk-inner-blocks stk-835a466-inner-blocks\">\n<div class=\"wp-block-stackable-icon-list stk-block-icon-list stk-block stk-d1ed66b\" data-block-id=\"d1ed66b\"><style>.stk-d1ed66b li{padding-inline-start:5px !important;margin-bottom:15px !important}.stk-d1ed66b{column-gap:0px !important}.stk-d1ed66b ul,.stk-d1ed66b ol{padding-left:20px !important}.stk-d1ed66b ul li{list-style-image:url('data:image\/svg+xml;base64,PHN2ZyBhcmlhLWhpZGRlbj0idHJ1ZSIgZm9jdXNhYmxlPSJmYWxzZSIgZGF0YS1wcmVmaXg9ImZhcyIgZGF0YS1pY29uPSJkb3QtY2lyY2xlIiBjbGFzcz0ic3ZnLWlubGluZS0tZmEgZmEtZG90LWNpcmNsZSBmYS13LTE2IiByb2xlPSJpbWciIHhtbG5zPSJodHRwOi8vd3d3LnczLm9yZy8yMDAwL3N2ZyIgdmlld0JveD0iMCAwIDUxMiA1MTIiIHN0eWxlPSJmaWxsOiAjMmM0Zjk1ICFpbXBvcnRhbnQ7IGNvbG9yOiAjMmM0Zjk1ICFpbXBvcnRhbnQ7dHJhbnNmb3JtOiByb3RhdGUoZGVnKSAhaW1wb3J0YW50OyI+PHBhdGggZmlsbD0iIzJjNGY5NSIgZD0iTTI1NiA4QzExOS4wMzMgOCA4IDExOS4wMzMgOCAyNTZzMTExLjAzMyAyNDggMjQ4IDI0OCAyNDgtMTExLjAzMyAyNDgtMjQ4UzM5Mi45NjcgOCAyNTYgOHptODAgMjQ4YzAgNDQuMTEyLTM1Ljg4OCA4MC04MCA4MHMtODAtMzUuODg4LTgwLTgwIDM1Ljg4OC04MCA4MC04MCA4MCAzNS44ODggODAgODB6IiBzdHJva2U9IiMyYzRmOTUiIHN0eWxlPSJmaWxsOiByZ2IoNDQsIDc5LCAxNDkpOyBzdHJva2U6IHJnYig0NCwgNzksIDE0OSk7Ii8+PC9zdmc+') !important}.stk-d1ed66b li::marker{color:#2c4f95 !important;font-size:1.6em !important}<\/style><ul><li>Talla peque\u00f1a<\/li><li>motor de paletas robusto y de bajo mantenimiento<\/li><li>Chaqueta de pl\u00e1stico para aislamiento del fr\u00edo y reducci\u00f3n de vibraciones.<\/li><li>f\u00e1cil cambio de herramienta con pinza<\/li><li>Todas las m\u00e1quinas est\u00e1n equipadas con pinzas de 6 mm de serie.<\/li><\/ul><\/div>\n<\/div><\/div><\/div>\n\n\n\n<div class=\"wp-block-stackable-column stk-block-column stk-block-column--v3 stk-column stk-block-column--v2 stk-block stk-7d2e3ef\" data-block-id=\"7d2e3ef\"><style>@media screen and (min-width:768px){.stk-7d2e3ef{flex:1 1 calc(33.3% - var(--stk-column-gap,0px) * 1 \/ 2 ) !important}}<\/style><div class=\"stk-column-wrapper stk-block-column__content stk-container stk-7d2e3ef-container stk--no-background stk--no-padding\"><div class=\"stk-block-content stk-inner-blocks stk-7d2e3ef-inner-blocks\">\n<figure class=\"wp-block-image size-full\"><a href=\"https:\/\/loeser.createch-media.com\/wp-content\/uploads\/2023\/05\/52230-dynabrade.jpg\"><img loading=\"lazy\" decoding=\"async\" width=\"800\" height=\"401\" src=\"https:\/\/loeser.createch-media.com\/wp-content\/uploads\/2023\/05\/52230-dynabrade.jpg\" alt=\"Dynabrade Druckluft- Geradeschleifer 52230\" class=\"wp-image-4923\" srcset=\"https:\/\/loeser.createch-media.com\/wp-content\/uploads\/2023\/05\/52230-dynabrade.jpg 800w, https:\/\/loeser.createch-media.com\/wp-content\/uploads\/2023\/05\/52230-dynabrade-300x150.jpg 300w, https:\/\/loeser.createch-media.com\/wp-content\/uploads\/2023\/05\/52230-dynabrade-768x385.jpg 768w\" sizes=\"auto, (max-width: 800px) 100vw, 800px\" \/><\/a><\/figure>\n<\/div><\/div><\/div>\n<\/div><\/div>\n\n\n\n<div class=\"wp-block-gutena-tabs gutena-tabs-block gutena-tabs-block-6e1b4c-52 animated zoomIn\"><ul class=\"gutena-tabs-tab tab-left\"><li class=\"gutena-tab-title active\" data-tab=\"1\"><div class=\"gutena-tab-title-content icon-top\"><div class=\"gutena-tab-title-text\"><div>Especificaciones t\u00e9cnica<\/div><\/div><\/div><\/li><\/ul><div class=\"gutena-tabs-content is-layout-flow wp-block-gutena-tabs-is-layout-flow\">\n<div class=\"wp-block-gutena-tab gutena-tab-block gutena-tab-block-dbedd8-f2 active\" data-tab=\"1\">\n<figure class=\"wp-block-table is-style-regular\"><table class=\"has-white-background-color has-background has-fixed-layout\"><tbody><tr><td><strong>N\u00famero de modelo<\/strong><\/td><td>52230<\/td><td>52232<\/td><\/tr><tr><td><strong>Potencia del motor<\/strong><\/td><td>300 W<\/td><td>300 W<\/td><\/tr><tr><td><strong>Velocidad por minuto<\/strong><\/td><td>25.000<\/td><td>25.000<\/td><\/tr><tr><td><strong>Nivel de ruido<\/strong><\/td><td>75 dB(A)<\/td><td>88 dB(A)<\/td><\/tr><tr><td><strong>Consumo de aire<\/strong><\/td><td>550 L\/min.<\/td><td>550 L\/min.<\/td><\/tr><tr><td><strong>Peso<\/strong><\/td><td>0,4 kg<\/td><td>0,4 kg<\/td><\/tr><tr><td><strong>Longitud<\/strong><\/td><td>130 mm<\/td><td>130 mm<\/td><\/tr><tr><td><strong>Renovaci\u00f3n<\/strong><\/td><td>41 mm<\/td><td>41 mm<\/td><\/tr><\/tbody><\/table><\/figure>\n<\/div>\n<\/div><\/div>\n","protected":false},"excerpt":{"rendered":"<p>Rectificadora de matrices en l\u00ednea recta Dynabrade 52230 Talla peque\u00f1a motor de paletas robusto y de bajo mantenimiento Chaqueta de pl\u00e1stico para aislamiento del fr\u00edo y reducci\u00f3n de vibraciones. f\u00e1cil cambio de herramienta con pinza Todas las m\u00e1quinas est\u00e1n equipadas con pinzas de 6 mm de serie.<\/p>\n","protected":false},"author":1,"featured_media":0,"parent":8513,"menu_order":2,"comment_status":"closed","ping_status":"closed","template":"templates\/template-full-width.php","meta":{"pgc_sgb_lightbox_settings":"","footnotes":""},"class_list":["post-8529","page","type-page","status-publish","hentry"],"featured_image_urls":{"full":"","thumbnail":"","medium":"","medium_large":"","large":"","1536x1536":"","2048x2048":"","post-thumbnail":"","twentytwenty-fullscreen":""},"post_excerpt_stackable":"<p>Volver a herramientas neum\u00e1ticas con pinzaRectificadora de matrices en l\u00ednea recta Dynabrade 43500, 43505, 43510, 43515L\u00e1piz esmerilador en l\u00ednea recta Dynabrade 52862, 52864Rectificadora de matrices en l\u00ednea recta Dynabrade 52230Rectificadora de matrices en l\u00ednea recta Dynabrade 51300Rectificadora de matrices en l\u00ednea recta Dynabrade 52264Rectificadora de matrices en l\u00ednea recta Dynabrade 51312, 53506Rectificadora de matrices en l\u00ednea recta Dynabrade 52660Rectificadora de matrices con extensi\u00f3n de 6 pulgadas en l\u00ednea recta Dynabrade 52692Rectificadora de matrices en l\u00ednea recta Dynabrade 53807, 53808, 53811, 53812, 53781, 53783Rectificadora de matrices en \u00e1ngulo recto Dynabrade 54343, 54347, 54359, 54363Amoladora recta de aire Dynabrade 53521Rectificadora de matrices&hellip;<\/p>\n","category_list":"","author_info":{"name":"sschmitt","url":"https:\/\/loeser.createch-media.com\/es\/author\/sschmitt\/"},"comments_num":"0 comentarios","yoast_head":"<!-- This site is optimized with the Yoast SEO plugin v20.3 - https:\/\/yoast.com\/wordpress\/plugins\/seo\/ -->\n<title>Rectificadora de matrices en l\u00ednea recta Dynabrade 52230 - Loeser Schleifmaschinen<\/title>\n<meta name=\"robots\" content=\"noindex, follow, max-snippet:-1, max-image-preview:large, max-video-preview:-1\" \/>\n<meta property=\"og:locale\" content=\"es_ES\" \/>\n<meta property=\"og:type\" content=\"article\" \/>\n<meta property=\"og:title\" content=\"Rectificadora de matrices en l\u00ednea recta Dynabrade 52230 - Loeser Schleifmaschinen\" \/>\n<meta property=\"og:description\" content=\"Rectificadora de matrices en l\u00ednea recta Dynabrade 52230 Talla peque\u00f1a motor de paletas robusto y de bajo mantenimiento Chaqueta de pl\u00e1stico para aislamiento del fr\u00edo y reducci\u00f3n de vibraciones. f\u00e1cil cambio de herramienta con pinza Todas las m\u00e1quinas est\u00e1n equipadas con pinzas de 6 mm de serie.\" \/>\n<meta property=\"og:url\" content=\"https:\/\/loeser.createch-media.com\/es\/cintas\/herramientas-neumaticas-con-pinza\/rectificadora-de-matrices-en-linea-recta-dynabrade-52230\/\" \/>\n<meta property=\"og:site_name\" content=\"Loeser Schleifmaschinen\" \/>\n<meta property=\"article:modified_time\" content=\"2023-05-30T10:24:10+00:00\" \/>\n<meta property=\"og:image\" content=\"https:\/\/loeser.createch-media.com\/wp-content\/uploads\/2023\/05\/52230-dynabrade.jpg\" \/>\n<meta name=\"twitter:card\" content=\"summary_large_image\" \/>\n<meta name=\"twitter:label1\" content=\"Tiempo de lectura\" \/>\n\t<meta name=\"twitter:data1\" content=\"1 minuto\" \/>\n<script type=\"application\/ld+json\" class=\"yoast-schema-graph\">{\"@context\":\"https:\/\/schema.org\",\"@graph\":[{\"@type\":\"WebPage\",\"@id\":\"https:\/\/loeser.createch-media.com\/es\/cintas\/herramientas-neumaticas-con-pinza\/rectificadora-de-matrices-en-linea-recta-dynabrade-52230\/\",\"url\":\"https:\/\/loeser.createch-media.com\/es\/cintas\/herramientas-neumaticas-con-pinza\/rectificadora-de-matrices-en-linea-recta-dynabrade-52230\/\",\"name\":\"Rectificadora de matrices en l\u00ednea recta Dynabrade 52230 - Loeser Schleifmaschinen\",\"isPartOf\":{\"@id\":\"https:\/\/loeser.createch-media.com\/es\/#website\"},\"datePublished\":\"2023-05-11T10:20:37+00:00\",\"dateModified\":\"2023-05-30T10:24:10+00:00\",\"breadcrumb\":{\"@id\":\"https:\/\/loeser.createch-media.com\/es\/cintas\/herramientas-neumaticas-con-pinza\/rectificadora-de-matrices-en-linea-recta-dynabrade-52230\/#breadcrumb\"},\"inLanguage\":\"es\",\"potentialAction\":[{\"@type\":\"ReadAction\",\"target\":[\"https:\/\/loeser.createch-media.com\/es\/cintas\/herramientas-neumaticas-con-pinza\/rectificadora-de-matrices-en-linea-recta-dynabrade-52230\/\"]}]},{\"@type\":\"BreadcrumbList\",\"@id\":\"https:\/\/loeser.createch-media.com\/es\/cintas\/herramientas-neumaticas-con-pinza\/rectificadora-de-matrices-en-linea-recta-dynabrade-52230\/#breadcrumb\",\"itemListElement\":[{\"@type\":\"ListItem\",\"position\":1,\"name\":\"Startseite\",\"item\":\"https:\/\/loeser.createch-media.com\/es\/\"},{\"@type\":\"ListItem\",\"position\":2,\"name\":\"Herramientas neum\u00e1ticas con pinza\",\"item\":\"https:\/\/loeser.createch-media.com\/es\/herramientas-neumaticas-con-pinza\/\"},{\"@type\":\"ListItem\",\"position\":3,\"name\":\"Rectificadora de matrices en l\u00ednea recta Dynabrade 52230\"}]},{\"@type\":\"WebSite\",\"@id\":\"https:\/\/loeser.createch-media.com\/es\/#website\",\"url\":\"https:\/\/loeser.createch-media.com\/es\/\",\"name\":\"Loeser Schleifmaschinen\",\"description\":\"\",\"publisher\":{\"@id\":\"https:\/\/loeser.createch-media.com\/es\/#organization\"},\"potentialAction\":[{\"@type\":\"SearchAction\",\"target\":{\"@type\":\"EntryPoint\",\"urlTemplate\":\"https:\/\/loeser.createch-media.com\/es\/?s={search_term_string}\"},\"query-input\":\"required name=search_term_string\"}],\"inLanguage\":\"es\"},{\"@type\":\"Organization\",\"@id\":\"https:\/\/loeser.createch-media.com\/es\/#organization\",\"name\":\"Loeser Schleifmaschinen\",\"url\":\"https:\/\/loeser.createch-media.com\/es\/\",\"logo\":{\"@type\":\"ImageObject\",\"inLanguage\":\"es\",\"@id\":\"https:\/\/loeser.createch-media.com\/es\/#\/schema\/logo\/image\/\",\"url\":\"https:\/\/loeser.createch-media.com\/wp-content\/uploads\/2023\/03\/cropped-loeser-logo-2023.jpg\",\"contentUrl\":\"https:\/\/loeser.createch-media.com\/wp-content\/uploads\/2023\/03\/cropped-loeser-logo-2023.jpg\",\"width\":500,\"height\":238,\"caption\":\"Loeser Schleifmaschinen\"},\"image\":{\"@id\":\"https:\/\/loeser.createch-media.com\/es\/#\/schema\/logo\/image\/\"}}]}<\/script>\n<!-- \/ Yoast SEO plugin. -->","yoast_head_json":{"title":"Rectificadora de matrices en l\u00ednea recta Dynabrade 52230 - Loeser Schleifmaschinen","robots":{"index":"noindex","follow":"follow","max-snippet":"max-snippet:-1","max-image-preview":"max-image-preview:large","max-video-preview":"max-video-preview:-1"},"og_locale":"es_ES","og_type":"article","og_title":"Rectificadora de matrices en l\u00ednea recta Dynabrade 52230 - Loeser Schleifmaschinen","og_description":"Rectificadora de matrices en l\u00ednea recta Dynabrade 52230 Talla peque\u00f1a motor de paletas robusto y de bajo mantenimiento Chaqueta de pl\u00e1stico para aislamiento del fr\u00edo y reducci\u00f3n de vibraciones. f\u00e1cil cambio de herramienta con pinza Todas las m\u00e1quinas est\u00e1n equipadas con pinzas de 6 mm de serie.","og_url":"https:\/\/loeser.createch-media.com\/es\/cintas\/herramientas-neumaticas-con-pinza\/rectificadora-de-matrices-en-linea-recta-dynabrade-52230\/","og_site_name":"Loeser Schleifmaschinen","article_modified_time":"2023-05-30T10:24:10+00:00","og_image":[{"url":"https:\/\/loeser.createch-media.com\/wp-content\/uploads\/2023\/05\/52230-dynabrade.jpg"}],"twitter_card":"summary_large_image","twitter_misc":{"Tiempo de lectura":"1 minuto"},"schema":{"@context":"https:\/\/schema.org","@graph":[{"@type":"WebPage","@id":"https:\/\/loeser.createch-media.com\/es\/cintas\/herramientas-neumaticas-con-pinza\/rectificadora-de-matrices-en-linea-recta-dynabrade-52230\/","url":"https:\/\/loeser.createch-media.com\/es\/cintas\/herramientas-neumaticas-con-pinza\/rectificadora-de-matrices-en-linea-recta-dynabrade-52230\/","name":"Rectificadora de matrices en l\u00ednea recta Dynabrade 52230 - Loeser Schleifmaschinen","isPartOf":{"@id":"https:\/\/loeser.createch-media.com\/es\/#website"},"datePublished":"2023-05-11T10:20:37+00:00","dateModified":"2023-05-30T10:24:10+00:00","breadcrumb":{"@id":"https:\/\/loeser.createch-media.com\/es\/cintas\/herramientas-neumaticas-con-pinza\/rectificadora-de-matrices-en-linea-recta-dynabrade-52230\/#breadcrumb"},"inLanguage":"es","potentialAction":[{"@type":"ReadAction","target":["https:\/\/loeser.createch-media.com\/es\/cintas\/herramientas-neumaticas-con-pinza\/rectificadora-de-matrices-en-linea-recta-dynabrade-52230\/"]}]},{"@type":"BreadcrumbList","@id":"https:\/\/loeser.createch-media.com\/es\/cintas\/herramientas-neumaticas-con-pinza\/rectificadora-de-matrices-en-linea-recta-dynabrade-52230\/#breadcrumb","itemListElement":[{"@type":"ListItem","position":1,"name":"Startseite","item":"https:\/\/loeser.createch-media.com\/es\/"},{"@type":"ListItem","position":2,"name":"Herramientas neum\u00e1ticas con pinza","item":"https:\/\/loeser.createch-media.com\/es\/herramientas-neumaticas-con-pinza\/"},{"@type":"ListItem","position":3,"name":"Rectificadora de matrices en l\u00ednea recta Dynabrade 52230"}]},{"@type":"WebSite","@id":"https:\/\/loeser.createch-media.com\/es\/#website","url":"https:\/\/loeser.createch-media.com\/es\/","name":"Loeser Schleifmaschinen","description":"","publisher":{"@id":"https:\/\/loeser.createch-media.com\/es\/#organization"},"potentialAction":[{"@type":"SearchAction","target":{"@type":"EntryPoint","urlTemplate":"https:\/\/loeser.createch-media.com\/es\/?s={search_term_string}"},"query-input":"required name=search_term_string"}],"inLanguage":"es"},{"@type":"Organization","@id":"https:\/\/loeser.createch-media.com\/es\/#organization","name":"Loeser Schleifmaschinen","url":"https:\/\/loeser.createch-media.com\/es\/","logo":{"@type":"ImageObject","inLanguage":"es","@id":"https:\/\/loeser.createch-media.com\/es\/#\/schema\/logo\/image\/","url":"https:\/\/loeser.createch-media.com\/wp-content\/uploads\/2023\/03\/cropped-loeser-logo-2023.jpg","contentUrl":"https:\/\/loeser.createch-media.com\/wp-content\/uploads\/2023\/03\/cropped-loeser-logo-2023.jpg","width":500,"height":238,"caption":"Loeser Schleifmaschinen"},"image":{"@id":"https:\/\/loeser.createch-media.com\/es\/#\/schema\/logo\/image\/"}}]}},"_links":{"self":[{"href":"https:\/\/loeser.createch-media.com\/es\/wp-json\/wp\/v2\/pages\/8529","targetHints":{"allow":["GET"]}}],"collection":[{"href":"https:\/\/loeser.createch-media.com\/es\/wp-json\/wp\/v2\/pages"}],"about":[{"href":"https:\/\/loeser.createch-media.com\/es\/wp-json\/wp\/v2\/types\/page"}],"author":[{"embeddable":true,"href":"https:\/\/loeser.createch-media.com\/es\/wp-json\/wp\/v2\/users\/1"}],"replies":[{"embeddable":true,"href":"https:\/\/loeser.createch-media.com\/es\/wp-json\/wp\/v2\/comments?post=8529"}],"version-history":[{"count":2,"href":"https:\/\/loeser.createch-media.com\/es\/wp-json\/wp\/v2\/pages\/8529\/revisions"}],"predecessor-version":[{"id":10168,"href":"https:\/\/loeser.createch-media.com\/es\/wp-json\/wp\/v2\/pages\/8529\/revisions\/10168"}],"up":[{"embeddable":true,"href":"https:\/\/loeser.createch-media.com\/es\/wp-json\/wp\/v2\/pages\/8513"}],"wp:attachment":[{"href":"https:\/\/loeser.createch-media.com\/es\/wp-json\/wp\/v2\/media?parent=8529"}],"curies":[{"name":"wp","href":"https:\/\/api.w.org\/{rel}","templated":true}]}}