{"id":9083,"date":"2023-05-15T16:26:40","date_gmt":"2023-05-15T14:26:40","guid":{"rendered":"https:\/\/loeser.createch-media.com\/?page_id=9083"},"modified":"2023-06-01T09:30:38","modified_gmt":"2023-06-01T07:30:38","slug":"lijadora-a-dos-manos-accionada-por-engranajes-dynabrade-58441-58442","status":"publish","type":"page","link":"https:\/\/loeser.createch-media.com\/es\/cintas\/pulidoras\/lijadora-a-dos-manos-accionada-por-engranajes-dynabrade-58441-58442\/","title":{"rendered":"Lijadora a dos manos accionada por engranajes Dynabrade 58441, 58442"},"content":{"rendered":"<nav class=\"is-responsive wp-block-navigation is-layout-flex wp-block-navigation-is-layout-flex\" aria-label=\"Navigation\" \n\t\t data-wp-interactive=\"core\/navigation\" data-wp-context='{\"overlayOpenedBy\":{\"click\":false,\"hover\":false,\"focus\":false},\"type\":\"overlay\",\"roleAttribute\":\"\",\"ariaLabel\":\"Men\\u00fa\"}'><button aria-haspopup=\"dialog\" aria-label=\"Abrir el men\u00fa\" class=\"wp-block-navigation__responsive-container-open\" \n\t\t\t\tdata-wp-on--click=\"actions.openMenuOnClick\"\n\t\t\t\tdata-wp-on--keydown=\"actions.handleMenuKeydown\"\n\t\t\t><svg width=\"24\" height=\"24\" xmlns=\"http:\/\/www.w3.org\/2000\/svg\" viewBox=\"0 0 24 24\" aria-hidden=\"true\" focusable=\"false\"><path d=\"M4 7.5h16v1.5H4z\"><\/path><path d=\"M4 15h16v1.5H4z\"><\/path><\/svg><\/button>\n\t\t\t\t<div class=\"wp-block-navigation__responsive-container\"  id=\"modal-1\" \n\t\t\t\tdata-wp-class--has-modal-open=\"state.isMenuOpen\"\n\t\t\t\tdata-wp-class--is-menu-open=\"state.isMenuOpen\"\n\t\t\t\tdata-wp-watch=\"callbacks.initMenu\"\n\t\t\t\tdata-wp-on--keydown=\"actions.handleMenuKeydown\"\n\t\t\t\tdata-wp-on--focusout=\"actions.handleMenuFocusout\"\n\t\t\t\ttabindex=\"-1\"\n\t\t\t>\n\t\t\t\t\t<div class=\"wp-block-navigation__responsive-close\" tabindex=\"-1\">\n\t\t\t\t\t\t<div class=\"wp-block-navigation__responsive-dialog\" \n\t\t\t\tdata-wp-bind--aria-modal=\"state.ariaModal\"\n\t\t\t\tdata-wp-bind--aria-label=\"state.ariaLabel\"\n\t\t\t\tdata-wp-bind--role=\"state.roleAttribute\"\n\t\t\t>\n\t\t\t\t\t\t\t<button aria-label=\"Cerrar el men\u00fa\" class=\"wp-block-navigation__responsive-container-close\" \n\t\t\t\tdata-wp-on--click=\"actions.closeMenuOnClick\"\n\t\t\t><svg xmlns=\"http:\/\/www.w3.org\/2000\/svg\" viewBox=\"0 0 24 24\" width=\"24\" height=\"24\" aria-hidden=\"true\" focusable=\"false\"><path d=\"m13.06 12 6.47-6.47-1.06-1.06L12 10.94 5.53 4.47 4.47 5.53 10.94 12l-6.47 6.47 1.06 1.06L12 13.06l6.47 6.47 1.06-1.06L13.06 12Z\"><\/path><\/svg><\/button>\n\t\t\t\t\t\t\t<div class=\"wp-block-navigation__responsive-container-content\" \n\t\t\t\tdata-wp-watch=\"callbacks.focusFirstElement\"\n\t\t\t id=\"modal-1-content\">\n\t\t\t\t\t\t\t\t<ul class=\"wp-block-navigation__container is-responsive wp-block-navigation\"><li class=\" wp-block-navigation-item subnav-first wp-block-navigation-link\"><a class=\"wp-block-navigation-item__content\"  href=\"https:\/\/loeser.createch-media.com\/es\/pulidoras\/\"><span class=\"wp-block-navigation-item__label\">Volver a pulidoras<\/span><\/a><\/li><li class=\" wp-block-navigation-item wp-block-navigation-link\"><a class=\"wp-block-navigation-item__content\"  href=\"https:\/\/loeser.createch-media.com\/es\/pulidoras\/pulidora-roto-orbital-dynabrade-57126\/\"><span class=\"wp-block-navigation-item__label\">Pulidora roto-orbital Dynabrade 57126<\/span><\/a><\/li><li class=\" wp-block-navigation-item wp-block-navigation-link\"><a class=\"wp-block-navigation-item__content\"  href=\"https:\/\/loeser.createch-media.com\/es\/pulidoras\/dynabrade-exzenterpolierer-b0496\/\"><span class=\"wp-block-navigation-item__label\">Pulidora orbital Dynabrade B0496<\/span><\/a><\/li><li class=\" wp-block-navigation-item wp-block-navigation-link\"><a class=\"wp-block-navigation-item__content\"  href=\"https:\/\/loeser.createch-media.com\/es\/pulidoras\/pulidora-roto-orbital-dynabrade-58455\/\"><span class=\"wp-block-navigation-item__label\">Pulidora roto-orbital Dynabrade 58455<\/span><\/a><\/li><li class=\" wp-block-navigation-item wp-block-navigation-link\"><a class=\"wp-block-navigation-item__content\"  href=\"https:\/\/loeser.createch-media.com\/es\/pulidoras\/pulidora-roto-orbital-a-dos-manos-dynabrade-51448-51449\/\"><span class=\"wp-block-navigation-item__label\">Pulidora roto-orbital a dos manos Dynabrade 51448, 51449<\/span><\/a><\/li><li class=\" wp-block-navigation-item wp-block-navigation-link\"><a class=\"wp-block-navigation-item__content\"  href=\"https:\/\/loeser.createch-media.com\/es\/pulidoras\/lijadora-a-dos-manos-accionada-por-engranajes-dynabrade-58441-58442\/\"><span class=\"wp-block-navigation-item__label\">Lijadora a dos manos accionada por engranajes Dynabrade 58441, 58442<\/span><\/a><\/li><li class=\" wp-block-navigation-item wp-block-navigation-link\"><a class=\"wp-block-navigation-item__content\"  href=\"https:\/\/loeser.createch-media.com\/es\/pulidoras\/pulidora-rotativa-en-angulo-recto-dynabrade-53460\/\"><span class=\"wp-block-navigation-item__label\">Pulidora rotativa en \u00e1ngulo recto Dynabrade 53460<\/span><\/a><\/li><li class=\" wp-block-navigation-item wp-block-navigation-link\"><a class=\"wp-block-navigation-item__content\"  href=\"https:\/\/loeser.createch-media.com\/es\/pulidoras\/pulidora-rotativa-dynabrade-51430-51431\/\"><span class=\"wp-block-navigation-item__label\">Pulidora rotativa Dynabrade 51430, 51431<\/span><\/a><\/li><li class=\" wp-block-navigation-item wp-block-navigation-link\"><a class=\"wp-block-navigation-item__content\"  href=\"https:\/\/loeser.createch-media.com\/es\/pulidoras\/pulidora-rotativa-a-dos-manos-en-angulo-recto-dynabrade-51394-51397\/\"><span class=\"wp-block-navigation-item__label\">Pulidora rotativa a dos manos en \u00e1ngulo recto Dynabrade 51394 \u2013 51397<\/span><\/a><\/li><li class=\" wp-block-navigation-item wp-block-navigation-link\"><a class=\"wp-block-navigation-item__content\"  href=\"https:\/\/loeser.createch-media.com\/es\/pulidoras\/pulidora-rotativa-a-dos-manos-en-angulo-recto-51600-51601\/\"><span class=\"wp-block-navigation-item__label\">Pulidora rotativa a dos manos en \u00e1ngulo recto 51600, 51601<\/span><\/a><\/li><\/ul>\n\t\t\t\t\t\t\t<\/div>\n\t\t\t\t\t\t<\/div>\n\t\t\t\t\t<\/div>\n\t\t\t\t<\/div><\/nav>\n\n\n<h1 class=\"wp-block-heading animated zoomIn\">Lijadora a dos manos accionada por engranajes Dynabrade 58441, 58442<\/h1>\n\n\n\n<div class=\"wp-block-stackable-columns stk-block-columns stk-block stk-7a8ef8a animated zoomIn\" data-block-id=\"7a8ef8a\"><div class=\"stk-row stk-inner-blocks stk-block-content stk-content-align stk-7a8ef8a-column\">\n<div class=\"wp-block-stackable-column stk-block-column stk-block-column--v3 stk-column stk-block-column--v2 stk-block stk-835a466\" data-block-id=\"835a466\"><style>@media screen and (min-width:768px){.stk-835a466{flex:1 1 calc(66.7% - var(--stk-column-gap,0px) * 1 \/ 2 ) !important}}<\/style><div class=\"stk-column-wrapper stk-block-column__content stk-container stk-835a466-container stk--no-background stk--no-padding\"><div class=\"stk-block-content stk-inner-blocks stk-835a466-inner-blocks\">\n<p><strong>Modelo: Dynabrade 58441 f\u00fcr \u00d8 125mm<br>Modelo: Dynabrade 58442 f\u00fcr \u00d8 150mm<\/strong><\/p>\n\n\n\n<div class=\"wp-block-stackable-icon-list stk-block-icon-list stk-block stk-d1ed66b\" data-block-id=\"d1ed66b\"><style>.stk-d1ed66b li{padding-inline-start:5px !important;margin-bottom:15px !important}.stk-d1ed66b{column-gap:0px !important}.stk-d1ed66b ul,.stk-d1ed66b ol{padding-left:20px !important}.stk-d1ed66b ul li{list-style-image:url('data:image\/svg+xml;base64,PHN2ZyBhcmlhLWhpZGRlbj0idHJ1ZSIgZm9jdXNhYmxlPSJmYWxzZSIgZGF0YS1wcmVmaXg9ImZhcyIgZGF0YS1pY29uPSJkb3QtY2lyY2xlIiBjbGFzcz0ic3ZnLWlubGluZS0tZmEgZmEtZG90LWNpcmNsZSBmYS13LTE2IiByb2xlPSJpbWciIHhtbG5zPSJodHRwOi8vd3d3LnczLm9yZy8yMDAwL3N2ZyIgdmlld0JveD0iMCAwIDUxMiA1MTIiIHN0eWxlPSJmaWxsOiAjMmM0Zjk1ICFpbXBvcnRhbnQ7IGNvbG9yOiAjMmM0Zjk1ICFpbXBvcnRhbnQ7dHJhbnNmb3JtOiByb3RhdGUoZGVnKSAhaW1wb3J0YW50OyI+PHBhdGggZmlsbD0iIzJjNGY5NSIgZD0iTTI1NiA4QzExOS4wMzMgOCA4IDExOS4wMzMgOCAyNTZzMTExLjAzMyAyNDggMjQ4IDI0OCAyNDgtMTExLjAzMyAyNDgtMjQ4UzM5Mi45NjcgOCAyNTYgOHptODAgMjQ4YzAgNDQuMTEyLTM1Ljg4OCA4MC04MCA4MHMtODAtMzUuODg4LTgwLTgwIDM1Ljg4OC04MCA4MC04MCA4MCAzNS44ODggODAgODB6IiBzdHJva2U9IiMyYzRmOTUiIHN0eWxlPSJmaWxsOiByZ2IoNDQsIDc5LCAxNDkpOyBzdHJva2U6IHJnYig0NCwgNzksIDE0OSk7Ii8+PC9zdmc+') !important}.stk-d1ed66b li::marker{color:#2c4f95 !important;font-size:1.6em !important}<\/style><ul><li>Dise\u00f1o compacto<\/li><li>placa forzada<\/li><li>Palanca de arranque en forma de empu\u00f1adura<\/li><li>Placa de velcro 57760 \u00d8 125 mm<br>Placa 57764 \u00d8 150 mm<\/li><li>para el uso de esponjas de pulido<\/li><\/ul><\/div>\n<\/div><\/div><\/div>\n\n\n\n<div class=\"wp-block-stackable-column stk-block-column stk-block-column--v3 stk-column stk-block-column--v2 stk-block stk-7d2e3ef\" data-block-id=\"7d2e3ef\"><style>@media screen and (min-width:768px){.stk-7d2e3ef{flex:1 1 calc(33.3% - var(--stk-column-gap,0px) * 1 \/ 2 ) !important}}<\/style><div class=\"stk-column-wrapper stk-block-column__content stk-container stk-7d2e3ef-container stk--no-background stk--no-padding\"><div class=\"stk-block-content stk-inner-blocks stk-7d2e3ef-inner-blocks\"><div class=\"pgc-sgb-cb wp-block-pgcsimplygalleryblock-slider \" data-gallery-id=\"da673770\" style=\"min-height:388px\"><div class=\"sgb-preloader\" id=\"pr_da673770\">\n\t<div class=\"sgb-square\" style=\"background:#d4d4d4\"><\/div>\n\t<div class=\"sgb-square\" style=\"background:#d4d4d4\"><\/div>\n\t<div class=\"sgb-square\" style=\"background:#d4d4d4\"><\/div>\n\t<div class=\"sgb-square\" style=\"background:#d4d4d4\"><\/div><\/div><div class=\"simply-gallery-amp pgc_sgb_slider \" style=\"display: none;\"><div class=\"sgb-gallery\"><div class=\"sgb-item\"><a href=\"https:\/\/loeser.createch-media.com\/?attachment_id=5830\"><img decoding=\"async\" alt=\"Exzenterpolierer Dynabrade 58441, 58442\" width=\"300\" height=\"194\" loading=\"lazy\" src=\"https:\/\/loeser.createch-media.com\/wp-content\/uploads\/2023\/05\/58441-dynabrade-300x194.jpg\"\/><\/a><\/div><\/div><\/div><script type=\"application\/json\" class=\"sgb-data\">{\"collectionThumbRecomendedWidth\":300,\"externalLink\":false,\"captionHAlign\":\"bottom\",\"collectionThumbSubMenuDownload\":false,\"collectionThumbSubMenuShare\":false,\"sliderMaxHeight\":388,\"sliderAdminWidth\":179,\"collectionColumns\":1,\"galleryType\":\"pgc_sgb_slider\",\"galleryId\":\"da673770\",\"images\":[{\"id\":5830,\"title\":\"Exzenterpolierer Dynabrade 58441, 58442\",\"url\":\"https:\/\/loeser.createch-media.com\/wp-content\/uploads\/2023\/05\/58441-dynabrade.jpg\",\"link\":\"https:\/\/loeser.createch-media.com\/?attachment_id=5830\",\"alt\":\"Exzenterpolierer Dynabrade 58441, 58442\",\"description\":\"\",\"caption\":\"\",\"mime\":\"image\/jpeg\",\"type\":\"image\",\"width\":1200,\"height\":776,\"sizes\":{\"thumbnail\":{\"height\":150,\"width\":150,\"url\":\"https:\/\/loeser.createch-media.com\/wp-content\/uploads\/2023\/05\/58441-dynabrade-150x150.jpg\",\"orientation\":\"landscape\"},\"medium\":{\"height\":194,\"width\":300,\"url\":\"https:\/\/loeser.createch-media.com\/wp-content\/uploads\/2023\/05\/58441-dynabrade-300x194.jpg\",\"orientation\":\"landscape\"},\"large\":{\"height\":375,\"width\":580,\"url\":\"https:\/\/loeser.createch-media.com\/wp-content\/uploads\/2023\/05\/58441-dynabrade-1024x662.jpg\",\"orientation\":\"landscape\"},\"full\":{\"url\":\"https:\/\/loeser.createch-media.com\/wp-content\/uploads\/2023\/05\/58441-dynabrade.jpg\",\"height\":776,\"width\":1200,\"orientation\":\"landscape\"}},\"meta\":false,\"postlink\":\"https:\/\/loeser.createch-media.com\/?attachment_id=5830\"}],\"itemsMetaDataCollection\":[],\"sliderSocialShareEnabled\":false,\"sliderZoomEnable\":false}<\/script><script>(function(){if(window.PGC_SGB && window.PGC_SGB.searcher){window.PGC_SGB.searcher.initBlocks()}})()<\/script><\/div><\/div><\/div><\/div>\n<\/div><\/div>\n\n\n\n<div class=\"wp-block-stackable-divider stk-block-divider stk-block stk-f0ebf88\" data-block-id=\"f0ebf88\"><hr class=\"stk-block-divider__hr\"\/><\/div>\n\n\n\n<div class=\"wp-block-gutena-tabs gutena-tabs-block gutena-tabs-block-6e1b4c-52 animated zoomIn\"><ul class=\"gutena-tabs-tab tab-left\"><li class=\"gutena-tab-title active\" data-tab=\"1\"><div class=\"gutena-tab-title-content icon-top\"><div class=\"gutena-tab-title-text\"><div>Especificaciones t\u00e9cnicas<\/div><\/div><\/div><\/li><li class=\"gutena-tab-title inactive\" data-tab=\"2\"><div class=\"gutena-tab-title-content icon-top\"><div class=\"gutena-tab-title-text\"><div>Hojas de datos y repuestos<\/div><\/div><\/div><\/li><\/ul><div class=\"gutena-tabs-content is-layout-flow wp-block-gutena-tabs-is-layout-flow\">\n<div class=\"wp-block-gutena-tab gutena-tab-block gutena-tab-block-dbedd8-f2 active\" data-tab=\"1\">\n<figure class=\"wp-block-table is-style-regular\"><table class=\"has-white-background-color has-background has-fixed-layout\"><tbody><tr><td><strong>N\u00famero de modelo<\/strong><\/td><td>58441<\/td><td>58442<\/td><\/tr><tr><td><strong>hp (W)<\/strong><\/td><td>340 W<\/td><td>340 W<\/td><\/tr><tr><td><strong>Velocidad en vac\u00edo RPM<\/strong><\/td><td>900 \/ min.<\/td><td>900 \/ min.<\/td><\/tr><tr><td><strong>Nivel de sonido<\/strong><\/td><td>79 dB (A)<\/td><td>78 dB (A)<\/td><\/tr><tr><td><strong>M\u00e1x. Flujo de aire: SCFM<\/strong><\/td><td>650 L<\/td><td>650 L<\/td><\/tr><tr><td><strong>Peso del art\u00edculo<\/strong><\/td><td>1,7 kg<\/td><td>1,7 kg<\/td><\/tr><tr><td><strong>Longitud<\/strong><\/td><td>281 mm<\/td><td>293 mm<\/td><\/tr><tr><td><strong>Altura<\/strong><\/td><td>143 mm<\/td><td>143 mm<\/td><\/tr><\/tbody><\/table><\/figure>\n<\/div>\n\n\n\n<div class=\"wp-block-gutena-tab gutena-tab-block gutena-tab-block-6d3609-58 inactive\" data-tab=\"2\">\n<div class=\"wp-block-file\"><a id=\"wp-block-file--media-c03a4b22-db67-41fc-a3a1-3c38bec8c377\" href=\"https:\/\/loeser.createch-media.com\/wp-content\/uploads\/2023\/05\/58441-dynabrade.pdf\" target=\"_blank\" rel=\"noreferrer noopener\">Manual de instrucciones y lista de piezas de repuesto pulidora orbital aleatoria Dynabrade 58441, 58442 (PDF)<\/a><\/div>\n<\/div>\n<\/div><\/div>\n","protected":false},"excerpt":{"rendered":"<p>Lijadora a dos manos accionada por engranajes Dynabrade 58441, 58442 Modelo: Dynabrade 58441 f\u00fcr \u00d8 125mmModelo: Dynabrade 58442 f\u00fcr \u00d8 150mm Dise\u00f1o compacto placa forzada Palanca de arranque en forma de empu\u00f1adura Placa de velcro 57760 \u00d8 125 mmPlaca 57764 \u00d8 150 mm para el uso de esponjas de pulido<\/p>\n","protected":false},"author":1,"featured_media":0,"parent":9063,"menu_order":4,"comment_status":"closed","ping_status":"closed","template":"templates\/template-full-width.php","meta":{"pgc_sgb_lightbox_settings":"","footnotes":""},"class_list":["post-9083","page","type-page","status-publish","hentry"],"featured_image_urls":{"full":"","thumbnail":"","medium":"","medium_large":"","large":"","1536x1536":"","2048x2048":"","post-thumbnail":"","twentytwenty-fullscreen":""},"post_excerpt_stackable":"<p>Volver a pulidorasPulidora roto-orbital Dynabrade 57126Pulidora orbital Dynabrade B0496Pulidora roto-orbital Dynabrade 58455Pulidora roto-orbital a dos manos Dynabrade 51448, 51449Lijadora a dos manos accionada por engranajes Dynabrade 58441, 58442Pulidora rotativa en \u00e1ngulo recto Dynabrade 53460Pulidora rotativa Dynabrade 51430, 51431Pulidora rotativa a dos manos en \u00e1ngulo recto Dynabrade 51394 \u2013 51397Pulidora rotativa a dos manos en \u00e1ngulo recto 51600, 51601 Lijadora a dos manos accionada por engranajes Dynabrade 58441, 58442 Modelo: Dynabrade 58441 f\u00fcr \u00d8 125mmModelo: Dynabrade 58442 f\u00fcr \u00d8 150mm Dise\u00f1o compactoplaca forzadaPalanca de arranque en forma de empu\u00f1aduraPlaca de velcro 57760 \u00d8 125 mmPlaca 57764 \u00d8 150 mmpara el uso&hellip;<\/p>\n","category_list":"","author_info":{"name":"sschmitt","url":"https:\/\/loeser.createch-media.com\/es\/author\/sschmitt\/"},"comments_num":"0 comentarios","yoast_head":"<!-- This site is optimized with the Yoast SEO plugin v20.3 - https:\/\/yoast.com\/wordpress\/plugins\/seo\/ -->\n<title>Lijadora a dos manos accionada por engranajes Dynabrade 58441, 58442 - Loeser Schleifmaschinen<\/title>\n<meta name=\"robots\" content=\"noindex, follow, max-snippet:-1, max-image-preview:large, max-video-preview:-1\" \/>\n<meta property=\"og:locale\" content=\"es_ES\" \/>\n<meta property=\"og:type\" content=\"article\" \/>\n<meta property=\"og:title\" content=\"Lijadora a dos manos accionada por engranajes Dynabrade 58441, 58442 - Loeser Schleifmaschinen\" \/>\n<meta property=\"og:description\" content=\"Lijadora a dos manos accionada por engranajes Dynabrade 58441, 58442 Modelo: Dynabrade 58441 f\u00fcr \u00d8 125mmModelo: Dynabrade 58442 f\u00fcr \u00d8 150mm Dise\u00f1o compacto placa forzada Palanca de arranque en forma de empu\u00f1adura Placa de velcro 57760 \u00d8 125 mmPlaca 57764 \u00d8 150 mm para el uso de esponjas de pulido\" \/>\n<meta property=\"og:url\" content=\"https:\/\/loeser.createch-media.com\/es\/cintas\/pulidoras\/lijadora-a-dos-manos-accionada-por-engranajes-dynabrade-58441-58442\/\" \/>\n<meta property=\"og:site_name\" content=\"Loeser Schleifmaschinen\" \/>\n<meta property=\"article:modified_time\" content=\"2023-06-01T07:30:38+00:00\" \/>\n<meta property=\"og:image\" content=\"https:\/\/loeser.createch-media.com\/wp-content\/uploads\/2023\/05\/58441-dynabrade-1024x662.jpg\" \/>\n<meta name=\"twitter:card\" content=\"summary_large_image\" \/>\n<meta name=\"twitter:label1\" content=\"Tiempo de lectura\" \/>\n\t<meta name=\"twitter:data1\" content=\"2 minutos\" \/>\n<script type=\"application\/ld+json\" class=\"yoast-schema-graph\">{\"@context\":\"https:\/\/schema.org\",\"@graph\":[{\"@type\":\"WebPage\",\"@id\":\"https:\/\/loeser.createch-media.com\/es\/cintas\/pulidoras\/lijadora-a-dos-manos-accionada-por-engranajes-dynabrade-58441-58442\/\",\"url\":\"https:\/\/loeser.createch-media.com\/es\/cintas\/pulidoras\/lijadora-a-dos-manos-accionada-por-engranajes-dynabrade-58441-58442\/\",\"name\":\"Lijadora a dos manos accionada por engranajes Dynabrade 58441, 58442 - Loeser Schleifmaschinen\",\"isPartOf\":{\"@id\":\"https:\/\/loeser.createch-media.com\/es\/#website\"},\"datePublished\":\"2023-05-15T14:26:40+00:00\",\"dateModified\":\"2023-06-01T07:30:38+00:00\",\"breadcrumb\":{\"@id\":\"https:\/\/loeser.createch-media.com\/es\/cintas\/pulidoras\/lijadora-a-dos-manos-accionada-por-engranajes-dynabrade-58441-58442\/#breadcrumb\"},\"inLanguage\":\"es\",\"potentialAction\":[{\"@type\":\"ReadAction\",\"target\":[\"https:\/\/loeser.createch-media.com\/es\/cintas\/pulidoras\/lijadora-a-dos-manos-accionada-por-engranajes-dynabrade-58441-58442\/\"]}]},{\"@type\":\"BreadcrumbList\",\"@id\":\"https:\/\/loeser.createch-media.com\/es\/cintas\/pulidoras\/lijadora-a-dos-manos-accionada-por-engranajes-dynabrade-58441-58442\/#breadcrumb\",\"itemListElement\":[{\"@type\":\"ListItem\",\"position\":1,\"name\":\"Startseite\",\"item\":\"https:\/\/loeser.createch-media.com\/es\/\"},{\"@type\":\"ListItem\",\"position\":2,\"name\":\"Pulidoras\",\"item\":\"https:\/\/loeser.createch-media.com\/es\/pulidoras\/\"},{\"@type\":\"ListItem\",\"position\":3,\"name\":\"Lijadora a dos manos accionada por engranajes Dynabrade 58441, 58442\"}]},{\"@type\":\"WebSite\",\"@id\":\"https:\/\/loeser.createch-media.com\/es\/#website\",\"url\":\"https:\/\/loeser.createch-media.com\/es\/\",\"name\":\"Loeser Schleifmaschinen\",\"description\":\"\",\"publisher\":{\"@id\":\"https:\/\/loeser.createch-media.com\/es\/#organization\"},\"potentialAction\":[{\"@type\":\"SearchAction\",\"target\":{\"@type\":\"EntryPoint\",\"urlTemplate\":\"https:\/\/loeser.createch-media.com\/es\/?s={search_term_string}\"},\"query-input\":\"required name=search_term_string\"}],\"inLanguage\":\"es\"},{\"@type\":\"Organization\",\"@id\":\"https:\/\/loeser.createch-media.com\/es\/#organization\",\"name\":\"Loeser Schleifmaschinen\",\"url\":\"https:\/\/loeser.createch-media.com\/es\/\",\"logo\":{\"@type\":\"ImageObject\",\"inLanguage\":\"es\",\"@id\":\"https:\/\/loeser.createch-media.com\/es\/#\/schema\/logo\/image\/\",\"url\":\"https:\/\/loeser.createch-media.com\/wp-content\/uploads\/2023\/03\/cropped-loeser-logo-2023.jpg\",\"contentUrl\":\"https:\/\/loeser.createch-media.com\/wp-content\/uploads\/2023\/03\/cropped-loeser-logo-2023.jpg\",\"width\":500,\"height\":238,\"caption\":\"Loeser Schleifmaschinen\"},\"image\":{\"@id\":\"https:\/\/loeser.createch-media.com\/es\/#\/schema\/logo\/image\/\"}}]}<\/script>\n<!-- \/ Yoast SEO plugin. -->","yoast_head_json":{"title":"Lijadora a dos manos accionada por engranajes Dynabrade 58441, 58442 - Loeser Schleifmaschinen","robots":{"index":"noindex","follow":"follow","max-snippet":"max-snippet:-1","max-image-preview":"max-image-preview:large","max-video-preview":"max-video-preview:-1"},"og_locale":"es_ES","og_type":"article","og_title":"Lijadora a dos manos accionada por engranajes Dynabrade 58441, 58442 - Loeser Schleifmaschinen","og_description":"Lijadora a dos manos accionada por engranajes Dynabrade 58441, 58442 Modelo: Dynabrade 58441 f\u00fcr \u00d8 125mmModelo: Dynabrade 58442 f\u00fcr \u00d8 150mm Dise\u00f1o compacto placa forzada Palanca de arranque en forma de empu\u00f1adura Placa de velcro 57760 \u00d8 125 mmPlaca 57764 \u00d8 150 mm para el uso de esponjas de pulido","og_url":"https:\/\/loeser.createch-media.com\/es\/cintas\/pulidoras\/lijadora-a-dos-manos-accionada-por-engranajes-dynabrade-58441-58442\/","og_site_name":"Loeser Schleifmaschinen","article_modified_time":"2023-06-01T07:30:38+00:00","og_image":[{"url":"https:\/\/loeser.createch-media.com\/wp-content\/uploads\/2023\/05\/58441-dynabrade-1024x662.jpg"}],"twitter_card":"summary_large_image","twitter_misc":{"Tiempo de lectura":"2 minutos"},"schema":{"@context":"https:\/\/schema.org","@graph":[{"@type":"WebPage","@id":"https:\/\/loeser.createch-media.com\/es\/cintas\/pulidoras\/lijadora-a-dos-manos-accionada-por-engranajes-dynabrade-58441-58442\/","url":"https:\/\/loeser.createch-media.com\/es\/cintas\/pulidoras\/lijadora-a-dos-manos-accionada-por-engranajes-dynabrade-58441-58442\/","name":"Lijadora a dos manos accionada por engranajes Dynabrade 58441, 58442 - Loeser Schleifmaschinen","isPartOf":{"@id":"https:\/\/loeser.createch-media.com\/es\/#website"},"datePublished":"2023-05-15T14:26:40+00:00","dateModified":"2023-06-01T07:30:38+00:00","breadcrumb":{"@id":"https:\/\/loeser.createch-media.com\/es\/cintas\/pulidoras\/lijadora-a-dos-manos-accionada-por-engranajes-dynabrade-58441-58442\/#breadcrumb"},"inLanguage":"es","potentialAction":[{"@type":"ReadAction","target":["https:\/\/loeser.createch-media.com\/es\/cintas\/pulidoras\/lijadora-a-dos-manos-accionada-por-engranajes-dynabrade-58441-58442\/"]}]},{"@type":"BreadcrumbList","@id":"https:\/\/loeser.createch-media.com\/es\/cintas\/pulidoras\/lijadora-a-dos-manos-accionada-por-engranajes-dynabrade-58441-58442\/#breadcrumb","itemListElement":[{"@type":"ListItem","position":1,"name":"Startseite","item":"https:\/\/loeser.createch-media.com\/es\/"},{"@type":"ListItem","position":2,"name":"Pulidoras","item":"https:\/\/loeser.createch-media.com\/es\/pulidoras\/"},{"@type":"ListItem","position":3,"name":"Lijadora a dos manos accionada por engranajes Dynabrade 58441, 58442"}]},{"@type":"WebSite","@id":"https:\/\/loeser.createch-media.com\/es\/#website","url":"https:\/\/loeser.createch-media.com\/es\/","name":"Loeser Schleifmaschinen","description":"","publisher":{"@id":"https:\/\/loeser.createch-media.com\/es\/#organization"},"potentialAction":[{"@type":"SearchAction","target":{"@type":"EntryPoint","urlTemplate":"https:\/\/loeser.createch-media.com\/es\/?s={search_term_string}"},"query-input":"required name=search_term_string"}],"inLanguage":"es"},{"@type":"Organization","@id":"https:\/\/loeser.createch-media.com\/es\/#organization","name":"Loeser Schleifmaschinen","url":"https:\/\/loeser.createch-media.com\/es\/","logo":{"@type":"ImageObject","inLanguage":"es","@id":"https:\/\/loeser.createch-media.com\/es\/#\/schema\/logo\/image\/","url":"https:\/\/loeser.createch-media.com\/wp-content\/uploads\/2023\/03\/cropped-loeser-logo-2023.jpg","contentUrl":"https:\/\/loeser.createch-media.com\/wp-content\/uploads\/2023\/03\/cropped-loeser-logo-2023.jpg","width":500,"height":238,"caption":"Loeser Schleifmaschinen"},"image":{"@id":"https:\/\/loeser.createch-media.com\/es\/#\/schema\/logo\/image\/"}}]}},"_links":{"self":[{"href":"https:\/\/loeser.createch-media.com\/es\/wp-json\/wp\/v2\/pages\/9083","targetHints":{"allow":["GET"]}}],"collection":[{"href":"https:\/\/loeser.createch-media.com\/es\/wp-json\/wp\/v2\/pages"}],"about":[{"href":"https:\/\/loeser.createch-media.com\/es\/wp-json\/wp\/v2\/types\/page"}],"author":[{"embeddable":true,"href":"https:\/\/loeser.createch-media.com\/es\/wp-json\/wp\/v2\/users\/1"}],"replies":[{"embeddable":true,"href":"https:\/\/loeser.createch-media.com\/es\/wp-json\/wp\/v2\/comments?post=9083"}],"version-history":[{"count":2,"href":"https:\/\/loeser.createch-media.com\/es\/wp-json\/wp\/v2\/pages\/9083\/revisions"}],"predecessor-version":[{"id":10295,"href":"https:\/\/loeser.createch-media.com\/es\/wp-json\/wp\/v2\/pages\/9083\/revisions\/10295"}],"up":[{"embeddable":true,"href":"https:\/\/loeser.createch-media.com\/es\/wp-json\/wp\/v2\/pages\/9063"}],"wp:attachment":[{"href":"https:\/\/loeser.createch-media.com\/es\/wp-json\/wp\/v2\/media?parent=9083"}],"curies":[{"name":"wp","href":"https:\/\/api.w.org\/{rel}","templated":true}]}}