{"id":9201,"date":"2023-05-16T10:35:11","date_gmt":"2023-05-16T08:35:11","guid":{"rendered":"https:\/\/loeser.createch-media.com\/?page_id=9201"},"modified":"2023-06-01T10:13:12","modified_gmt":"2023-06-01T08:13:12","slug":"07-cv-taladradora-con-aspiracion-central-dynabrade-53103-53106","status":"publish","type":"page","link":"https:\/\/loeser.createch-media.com\/es\/cintas\/taladradoras\/07-cv-taladradora-con-aspiracion-central-dynabrade-53103-53106\/","title":{"rendered":"0,7 CV Taladradora con aspiraci\u00f3n central Dynabrade 53103 &#8211; 53106"},"content":{"rendered":"<nav class=\"is-responsive wp-block-navigation is-layout-flex wp-block-navigation-is-layout-flex\" aria-label=\"Navigation\" \n\t\t data-wp-interactive=\"core\/navigation\" data-wp-context='{\"overlayOpenedBy\":{\"click\":false,\"hover\":false,\"focus\":false},\"type\":\"overlay\",\"roleAttribute\":\"\",\"ariaLabel\":\"Men\\u00fa\"}'><button aria-haspopup=\"dialog\" aria-label=\"Abrir el men\u00fa\" class=\"wp-block-navigation__responsive-container-open\" \n\t\t\t\tdata-wp-on--click=\"actions.openMenuOnClick\"\n\t\t\t\tdata-wp-on--keydown=\"actions.handleMenuKeydown\"\n\t\t\t><svg width=\"24\" height=\"24\" xmlns=\"http:\/\/www.w3.org\/2000\/svg\" viewBox=\"0 0 24 24\" aria-hidden=\"true\" focusable=\"false\"><path d=\"M4 7.5h16v1.5H4z\"><\/path><path d=\"M4 15h16v1.5H4z\"><\/path><\/svg><\/button>\n\t\t\t\t<div class=\"wp-block-navigation__responsive-container\"  id=\"modal-1\" \n\t\t\t\tdata-wp-class--has-modal-open=\"state.isMenuOpen\"\n\t\t\t\tdata-wp-class--is-menu-open=\"state.isMenuOpen\"\n\t\t\t\tdata-wp-watch=\"callbacks.initMenu\"\n\t\t\t\tdata-wp-on--keydown=\"actions.handleMenuKeydown\"\n\t\t\t\tdata-wp-on--focusout=\"actions.handleMenuFocusout\"\n\t\t\t\ttabindex=\"-1\"\n\t\t\t>\n\t\t\t\t\t<div class=\"wp-block-navigation__responsive-close\" tabindex=\"-1\">\n\t\t\t\t\t\t<div class=\"wp-block-navigation__responsive-dialog\" \n\t\t\t\tdata-wp-bind--aria-modal=\"state.ariaModal\"\n\t\t\t\tdata-wp-bind--aria-label=\"state.ariaLabel\"\n\t\t\t\tdata-wp-bind--role=\"state.roleAttribute\"\n\t\t\t>\n\t\t\t\t\t\t\t<button aria-label=\"Cerrar el men\u00fa\" class=\"wp-block-navigation__responsive-container-close\" \n\t\t\t\tdata-wp-on--click=\"actions.closeMenuOnClick\"\n\t\t\t><svg xmlns=\"http:\/\/www.w3.org\/2000\/svg\" viewBox=\"0 0 24 24\" width=\"24\" height=\"24\" aria-hidden=\"true\" focusable=\"false\"><path d=\"m13.06 12 6.47-6.47-1.06-1.06L12 10.94 5.53 4.47 4.47 5.53 10.94 12l-6.47 6.47 1.06 1.06L12 13.06l6.47 6.47 1.06-1.06L13.06 12Z\"><\/path><\/svg><\/button>\n\t\t\t\t\t\t\t<div class=\"wp-block-navigation__responsive-container-content\" \n\t\t\t\tdata-wp-watch=\"callbacks.focusFirstElement\"\n\t\t\t id=\"modal-1-content\">\n\t\t\t\t\t\t\t\t<ul class=\"wp-block-navigation__container is-responsive wp-block-navigation\"><li class=\" wp-block-navigation-item subnav-first wp-block-navigation-link\"><a class=\"wp-block-navigation-item__content\"  href=\"https:\/\/loeser.createch-media.com\/es\/taladradoras\/\"><span class=\"wp-block-navigation-item__label\">Volver a taladradoras<\/span><\/a><\/li><li class=\" wp-block-navigation-item wp-block-navigation-link\"><a class=\"wp-block-navigation-item__content\"  href=\"https:\/\/loeser.createch-media.com\/es\/taladradoras\/04-cv-taladradora-dynabrade-52831-52836\/\"><span class=\"wp-block-navigation-item__label\">0,4 CV Taladradora Dynabrade 52831 \u2013 52836<\/span><\/a><\/li><li class=\" wp-block-navigation-item wp-block-navigation-link\"><a class=\"wp-block-navigation-item__content\"  href=\"https:\/\/loeser.createch-media.com\/es\/taladradoras\/04-cv-taladradora-con-aspiracion-central-dynabrade-52903-52905\/\"><span class=\"wp-block-navigation-item__label\">0,4 CV Taladradora con aspiraci\u00f3n central Dynabrade 52903 \u2013 52905<\/span><\/a><\/li><li class=\" wp-block-navigation-item wp-block-navigation-link\"><a class=\"wp-block-navigation-item__content\"  href=\"https:\/\/loeser.createch-media.com\/es\/taladradoras\/07-cv-taladradora-dynabrade-53090-53096\/\"><span class=\"wp-block-navigation-item__label\">0,7 CV Taladradora Dynabrade 53090 \u2013 53096<\/span><\/a><\/li><li class=\" wp-block-navigation-item wp-block-navigation-link\"><a class=\"wp-block-navigation-item__content\"  href=\"https:\/\/loeser.createch-media.com\/es\/taladradoras\/07-cv-taladradora-con-aspiracion-central-dynabrade-53103-53106\/\"><span class=\"wp-block-navigation-item__label\">0,7 CV Taladradora con aspiraci\u00f3n central Dynabrade 53103 \u2013 53106<\/span><\/a><\/li><\/ul>\n\t\t\t\t\t\t\t<\/div>\n\t\t\t\t\t\t<\/div>\n\t\t\t\t\t<\/div>\n\t\t\t\t<\/div><\/nav>\n\n\n<h1 class=\"wp-block-heading animated zoomIn\">0,7 CV Taladradora con aspiraci\u00f3n central Dynabrade 53103 &#8211; 53106<\/h1>\n\n\n\n<div class=\"wp-block-stackable-columns stk-block-columns stk-block stk-7a8ef8a animated zoomIn\" data-block-id=\"7a8ef8a\"><div class=\"stk-row stk-inner-blocks stk-block-content stk-content-align stk-7a8ef8a-column\">\n<div class=\"wp-block-stackable-column stk-block-column stk-block-column--v3 stk-column stk-block-column--v2 stk-block stk-835a466\" data-block-id=\"835a466\"><style>@media screen and (min-width:768px){.stk-835a466{flex:1 1 calc(66.7% - var(--stk-column-gap,0px) * 1 \/ 2 ) !important}}<\/style><div class=\"stk-column-wrapper stk-block-column__content stk-container stk-835a466-container stk--no-background stk--no-padding\"><div class=\"stk-block-content stk-inner-blocks stk-835a466-inner-blocks\">\n<div class=\"wp-block-stackable-icon-list stk-block-icon-list stk-block stk-d1ed66b\" data-block-id=\"d1ed66b\"><style>.stk-d1ed66b li{padding-inline-start:5px !important;margin-bottom:15px !important}.stk-d1ed66b{column-gap:0px !important}.stk-d1ed66b ul,.stk-d1ed66b ol{padding-left:20px !important}.stk-d1ed66b ul li{list-style-image:url('data:image\/svg+xml;base64,PHN2ZyBhcmlhLWhpZGRlbj0idHJ1ZSIgZm9jdXNhYmxlPSJmYWxzZSIgZGF0YS1wcmVmaXg9ImZhcyIgZGF0YS1pY29uPSJkb3QtY2lyY2xlIiBjbGFzcz0ic3ZnLWlubGluZS0tZmEgZmEtZG90LWNpcmNsZSBmYS13LTE2IiByb2xlPSJpbWciIHhtbG5zPSJodHRwOi8vd3d3LnczLm9yZy8yMDAwL3N2ZyIgdmlld0JveD0iMCAwIDUxMiA1MTIiIHN0eWxlPSJmaWxsOiAjMmM0Zjk1ICFpbXBvcnRhbnQ7IGNvbG9yOiAjMmM0Zjk1ICFpbXBvcnRhbnQ7dHJhbnNmb3JtOiByb3RhdGUoZGVnKSAhaW1wb3J0YW50OyI+PHBhdGggZmlsbD0iIzJjNGY5NSIgZD0iTTI1NiA4QzExOS4wMzMgOCA4IDExOS4wMzMgOCAyNTZzMTExLjAzMyAyNDggMjQ4IDI0OCAyNDgtMTExLjAzMyAyNDgtMjQ4UzM5Mi45NjcgOCAyNTYgOHptODAgMjQ4YzAgNDQuMTEyLTM1Ljg4OCA4MC04MCA4MHMtODAtMzUuODg4LTgwLTgwIDM1Ljg4OC04MCA4MC04MCA4MCAzNS44ODggODAgODB6IiBzdHJva2U9IiMyYzRmOTUiIHN0eWxlPSJmaWxsOiByZ2IoNDQsIDc5LCAxNDkpOyBzdHJva2U6IHJnYig0NCwgNzksIDE0OSk7Ii8+PC9zdmc+') !important}.stk-d1ed66b li::marker{color:#2c4f95 !important;font-size:1.6em !important}<\/style><ul><li>Taladro con succi\u00f3n de .7hp (522W) incluye guarda flexible que se comprime alrededor de la broca para capturar efizcamente las rebabas<\/li><li>Dise\u00f1o de empu\u00f1adura tipo pistola inlcuye boton arranque a baja velocidad.<\/li><li>Motor neum\u00e1tico de alto torque; confortable empu\u00f1adura insulada.<\/li><li>Incluye manguera y conectores que conducen la electricidad, para proteger al operaroo de de cargas electrostaticas (ESD), 1-1\/4&#8243;(32 mm) de Daimetro del puerto de succi\u00f3n para la conexii\u00f3n a un sistema central de succi\u00f3n.<\/li><li>No tirada clave se puede apretar a mano.<\/li><\/ul><\/div>\n<\/div><\/div><\/div>\n\n\n\n<div class=\"wp-block-stackable-column stk-block-column stk-block-column--v3 stk-column stk-block-column--v2 stk-block stk-7d2e3ef\" data-block-id=\"7d2e3ef\"><style>@media screen and (min-width:768px){.stk-7d2e3ef{flex:1 1 calc(33.3% - var(--stk-column-gap,0px) * 1 \/ 2 ) !important}}<\/style><div class=\"stk-column-wrapper stk-block-column__content stk-container stk-7d2e3ef-container stk--no-background stk--no-padding\"><div class=\"stk-block-content stk-inner-blocks stk-7d2e3ef-inner-blocks\"><div class=\"pgc-sgb-cb wp-block-pgcsimplygalleryblock-slider \" data-gallery-id=\"da673770\" style=\"min-height:420px\"><div class=\"sgb-preloader\" id=\"pr_da673770\">\n\t<div class=\"sgb-square\" style=\"background:#d4d4d4\"><\/div>\n\t<div class=\"sgb-square\" style=\"background:#d4d4d4\"><\/div>\n\t<div class=\"sgb-square\" style=\"background:#d4d4d4\"><\/div>\n\t<div class=\"sgb-square\" style=\"background:#d4d4d4\"><\/div><\/div><div class=\"simply-gallery-amp pgc_sgb_slider \" style=\"display: none;\"><div class=\"sgb-gallery\"><div class=\"sgb-item\"><a href=\"https:\/\/loeser.createch-media.com\/?attachment_id=5997\"><img decoding=\"async\" alt=\"Dynabrade 0.7 PS Pistolengriff-Bohrmaschinen f\u00fcr Zentralabsaugung 53103 - 53106\" width=\"271\" height=\"300\" loading=\"lazy\" src=\"https:\/\/loeser.createch-media.com\/wp-content\/uploads\/2023\/05\/53103-dynabrade-271x300.jpg\"\/><\/a><\/div><div class=\"sgb-item\"><a href=\"https:\/\/loeser.createch-media.com\/?attachment_id=6002\"><img decoding=\"async\" alt=\"Anwednung Dynabrade 0.7 PS Pistolengriff-Bohrmaschinen f\u00fcr Zentralabsaugung 53103 - 53106\" width=\"300\" height=\"199\" loading=\"lazy\" src=\"https:\/\/loeser.createch-media.com\/wp-content\/uploads\/2023\/05\/53103-app-300x199.jpg\"\/><\/a><\/div><\/div><\/div><script type=\"application\/json\" class=\"sgb-data\">{\"collectionThumbRecomendedWidth\":300,\"externalLink\":false,\"captionHAlign\":\"bottom\",\"collectionThumbSubMenuDownload\":false,\"collectionThumbSubMenuShare\":false,\"sliderMaxHeight\":420,\"sliderAdminWidth\":179,\"collectionColumns\":1,\"galleryType\":\"pgc_sgb_slider\",\"galleryId\":\"da673770\",\"images\":[{\"id\":5997,\"title\":\"Dynabrade 0.7 PS Pistolengriff-Bohrmaschinen f\u00fcr Zentralabsaugung 53103 - 53106\",\"url\":\"https:\/\/loeser.createch-media.com\/wp-content\/uploads\/2023\/05\/53103-dynabrade.jpg\",\"link\":\"https:\/\/loeser.createch-media.com\/?attachment_id=5997\",\"alt\":\"Dynabrade 0.7 PS Pistolengriff-Bohrmaschinen f\u00fcr Zentralabsaugung 53103 - 53106\",\"description\":\"\",\"caption\":\"\",\"mime\":\"image\/jpeg\",\"type\":\"image\",\"width\":1084,\"height\":1200,\"sizes\":{\"thumbnail\":{\"height\":150,\"width\":150,\"url\":\"https:\/\/loeser.createch-media.com\/wp-content\/uploads\/2023\/05\/53103-dynabrade-150x150.jpg\",\"orientation\":\"landscape\"},\"medium\":{\"height\":300,\"width\":271,\"url\":\"https:\/\/loeser.createch-media.com\/wp-content\/uploads\/2023\/05\/53103-dynabrade-271x300.jpg\",\"orientation\":\"portrait\"},\"large\":{\"height\":642,\"width\":580,\"url\":\"https:\/\/loeser.createch-media.com\/wp-content\/uploads\/2023\/05\/53103-dynabrade-925x1024.jpg\",\"orientation\":\"portrait\"},\"full\":{\"url\":\"https:\/\/loeser.createch-media.com\/wp-content\/uploads\/2023\/05\/53103-dynabrade.jpg\",\"height\":1200,\"width\":1084,\"orientation\":\"portrait\"}},\"meta\":false,\"postlink\":\"https:\/\/loeser.createch-media.com\/?attachment_id=5997\"},{\"id\":6002,\"title\":\"Anwednung Dynabrade 0.7 PS Pistolengriff-Bohrmaschinen f\u00fcr Zentralabsaugung 53103 - 53106\",\"url\":\"https:\/\/loeser.createch-media.com\/wp-content\/uploads\/2023\/05\/53103-app.jpg\",\"link\":\"https:\/\/loeser.createch-media.com\/?attachment_id=6002\",\"alt\":\"Anwednung Dynabrade 0.7 PS Pistolengriff-Bohrmaschinen f\u00fcr Zentralabsaugung 53103 - 53106\",\"description\":\"\",\"caption\":\"\",\"mime\":\"image\/jpeg\",\"type\":\"image\",\"width\":1200,\"height\":797,\"sizes\":{\"thumbnail\":{\"height\":150,\"width\":150,\"url\":\"https:\/\/loeser.createch-media.com\/wp-content\/uploads\/2023\/05\/53103-app-150x150.jpg\",\"orientation\":\"landscape\"},\"medium\":{\"height\":199,\"width\":300,\"url\":\"https:\/\/loeser.createch-media.com\/wp-content\/uploads\/2023\/05\/53103-app-300x199.jpg\",\"orientation\":\"landscape\"},\"large\":{\"height\":385,\"width\":580,\"url\":\"https:\/\/loeser.createch-media.com\/wp-content\/uploads\/2023\/05\/53103-app-1024x680.jpg\",\"orientation\":\"landscape\"},\"full\":{\"url\":\"https:\/\/loeser.createch-media.com\/wp-content\/uploads\/2023\/05\/53103-app.jpg\",\"height\":797,\"width\":1200,\"orientation\":\"landscape\"}},\"meta\":false,\"postlink\":\"https:\/\/loeser.createch-media.com\/?attachment_id=6002\"}],\"itemsMetaDataCollection\":[],\"sliderSocialShareEnabled\":false,\"sliderZoomEnable\":false}<\/script><script>(function(){if(window.PGC_SGB && window.PGC_SGB.searcher){window.PGC_SGB.searcher.initBlocks()}})()<\/script><\/div><\/div><\/div><\/div>\n<\/div><\/div>\n\n\n\n<div class=\"wp-block-stackable-divider stk-block-divider stk-block stk-f0ebf88\" data-block-id=\"f0ebf88\"><hr class=\"stk-block-divider__hr\"\/><\/div>\n\n\n\n<div class=\"wp-block-gutena-tabs gutena-tabs-block gutena-tabs-block-6e1b4c-52 animated zoomIn\"><ul class=\"gutena-tabs-tab tab-left\"><li class=\"gutena-tab-title active\" data-tab=\"1\"><div class=\"gutena-tab-title-content icon-top\"><div class=\"gutena-tab-title-text\"><div>Especificaciones t\u00e9cnicas<\/div><\/div><\/div><\/li><li class=\"gutena-tab-title inactive\" data-tab=\"2\"><div class=\"gutena-tab-title-content icon-top\"><div class=\"gutena-tab-title-text\"><div>Hojas de datos y repuestos<\/div><\/div><\/div><\/li><\/ul><div class=\"gutena-tabs-content is-layout-flow wp-block-gutena-tabs-is-layout-flow\">\n<div class=\"wp-block-gutena-tab gutena-tab-block gutena-tab-block-dbedd8-f2 active\" data-tab=\"1\">\n<figure class=\"wp-block-table is-style-regular\"><table class=\"has-white-background-color has-background has-fixed-layout\"><tbody><tr><td><strong>N\u00famero de modelo<\/strong><\/td><td>53103<\/td><td>53104<\/td><td>53105<\/td><td>53106<\/td><\/tr><tr><td><strong>Tama\u00f1o del mandril pulg. (mm)<\/strong><\/td><td>3\/8&#8243; (10)<\/td><td>3\/8&#8243; (10)<\/td><td>3\/8&#8243; (10)<\/td><td>1\/2&#8243; (13)<\/td><\/tr><tr><td><strong>hp (W)<\/strong><\/td><td>.7 (522)<\/td><td>.7 (522)<\/td><td>.7 (522)<\/td><td>.7 (522)<\/td><\/tr><tr><td><strong>Velocidad en vac\u00edo del motor (RPM)<\/strong><\/td><td>3400<\/td><td>4500<\/td><td>950<\/td><td>950<\/td><\/tr><tr><td><strong>Tipo de escape<\/strong><\/td><td>Rear<\/td><td>Rear<\/td><td>Rear<\/td><td>Rear<\/td><\/tr><tr><td><strong>M\u00e1x. flujo de aire a 90 PSIG (6.2 Bar): SCFM (L\/Min.)<\/strong><\/td><td>40 (1,130)<\/td><td>40 (1,130)<\/td><td>40 (1,130)<\/td><td>40 (1,130))<\/td><\/tr><tr><td><strong>Rosca de la entrada de aire<\/strong><\/td><td>1\/4&#8243; NPT<\/td><td>1\/4&#8243; NPT<\/td><td>1\/4&#8243; NPT<\/td><td>1\/4&#8243; NPT<\/td><\/tr><tr><td><strong>Tama\u00f1o de D.I. de la manguera pulg. (mm)<\/strong><\/td><td>3\/8&#8243; (10)<\/td><td>3\/8&#8243; (10)<\/td><td>3\/8&#8243; (10)<\/td><td>3\/8&#8243; (10)<\/td><\/tr><tr><td><strong>Longitud Pulgadas (mm)<\/strong><\/td><td>10-3\/8&#8243; (264 )<\/td><td>10-3\/8&#8243; (264 )<\/td><td>12-1\/4&#8243; (310 )<\/td><td>12-1\/4&#8243; (310 )<\/td><\/tr><tr><td><strong>Altura Pulgadas (mm)<\/strong><\/td><td>5-7\/8&#8243; (149)<\/td><td>5-7\/8&#8243; (149)<\/td><td>5-7\/8&#8243; (149)<\/td><td>5-7\/8&#8243; (149)<\/td><\/tr><tr><td><strong>Nivel de sonido dB(A)<\/strong><\/td><td>84<\/td><td>84<\/td><td>85<\/td><td>85<\/td><\/tr><tr><td><strong>Informaci\u00f3n de las vibraciones<\/strong><\/td><td>5.3<\/td><td>3.9<\/td><td>3.7<\/td><td>4.7<\/td><\/tr><tr><td><strong>Configuraci\u00f3n<\/strong><\/td><td>Pistol Grip<\/td><td>Pistol Grip<\/td><td>Pistol Grip<\/td><td>Pistol Grip<\/td><\/tr><tr><td><strong>Transmisi\u00f3n de potencia<\/strong><\/td><td>Planetary-Geared<\/td><td>Planetary-Geared<\/td><td>Planetary-Geared<\/td><td>Planetary-Geared<\/td><\/tr><tr><td><strong>Peso del art\u00edculo<\/strong><\/td><td>1.81 kg<\/td><td>1.81 kg<\/td><td>2 kg<\/td><td>2 kg<\/td><\/tr><\/tbody><\/table><\/figure>\n<\/div>\n\n\n\n<div class=\"wp-block-gutena-tab gutena-tab-block gutena-tab-block-6d3609-58 inactive\" data-tab=\"2\">\n<div class=\"wp-block-file\"><a id=\"wp-block-file--media-c03a4b22-db67-41fc-a3a1-3c38bec8c377\" href=\"https:\/\/loeser.createch-media.com\/wp-content\/uploads\/2023\/05\/53103-dynabrade.pdf\" target=\"_blank\" rel=\"noreferrer noopener\">Manual de instrucciones y lista de piezas Taladros con empu\u00f1adura de pistola Dynabrade de 0,7 HP para succi\u00f3n central 53103 \u2013 53106 (PDF)<\/a><\/div>\n<\/div>\n<\/div><\/div>\n","protected":false},"excerpt":{"rendered":"<p>0,7 CV Taladradora con aspiraci\u00f3n central Dynabrade 53103 &#8211; 53106 Taladro con succi\u00f3n de .7hp (522W) incluye guarda flexible que se comprime alrededor de la broca para capturar efizcamente las rebabas Dise\u00f1o de empu\u00f1adura tipo pistola inlcuye boton arranque a baja velocidad. Motor neum\u00e1tico de alto torque; confortable empu\u00f1adura insulada. Incluye manguera y conectores que [&hellip;]<\/p>\n","protected":false},"author":1,"featured_media":0,"parent":9181,"menu_order":2,"comment_status":"closed","ping_status":"closed","template":"templates\/template-full-width.php","meta":{"pgc_sgb_lightbox_settings":"","footnotes":""},"class_list":["post-9201","page","type-page","status-publish","hentry"],"featured_image_urls":{"full":"","thumbnail":"","medium":"","medium_large":"","large":"","1536x1536":"","2048x2048":"","post-thumbnail":"","twentytwenty-fullscreen":""},"post_excerpt_stackable":"<p>Volver a taladradoras0,4 CV Taladradora Dynabrade 52831 \u2013 528360,4 CV Taladradora con aspiraci\u00f3n central Dynabrade 52903 \u2013 529050,7 CV Taladradora Dynabrade 53090 \u2013 530960,7 CV Taladradora con aspiraci\u00f3n central Dynabrade 53103 \u2013 53106 0,7 CV Taladradora con aspiraci\u00f3n central Dynabrade 53103 &#8211; 53106 Taladro con succi\u00f3n de .7hp (522W) incluye guarda flexible que se comprime alrededor de la broca para capturar efizcamente las rebabasDise\u00f1o de empu\u00f1adura tipo pistola inlcuye boton arranque a baja velocidad.Motor neum\u00e1tico de alto torque; confortable empu\u00f1adura insulada.Incluye manguera y conectores que conducen la electricidad, para proteger al operaroo de de cargas electrostaticas (ESD), 1-1\/4&#8243;(32 mm) de&hellip;<\/p>\n","category_list":"","author_info":{"name":"sschmitt","url":"https:\/\/loeser.createch-media.com\/es\/author\/sschmitt\/"},"comments_num":"0 comentarios","yoast_head":"<!-- This site is optimized with the Yoast SEO plugin v20.3 - https:\/\/yoast.com\/wordpress\/plugins\/seo\/ -->\n<title>0,7 CV Taladradora con aspiraci\u00f3n central Dynabrade 53103 - 53106 - Loeser Schleifmaschinen<\/title>\n<meta name=\"robots\" content=\"noindex, follow, max-snippet:-1, max-image-preview:large, max-video-preview:-1\" \/>\n<meta property=\"og:locale\" content=\"es_ES\" \/>\n<meta property=\"og:type\" content=\"article\" \/>\n<meta property=\"og:title\" content=\"0,7 CV Taladradora con aspiraci\u00f3n central Dynabrade 53103 - 53106 - Loeser Schleifmaschinen\" \/>\n<meta property=\"og:description\" content=\"0,7 CV Taladradora con aspiraci\u00f3n central Dynabrade 53103 &#8211; 53106 Taladro con succi\u00f3n de .7hp (522W) incluye guarda flexible que se comprime alrededor de la broca para capturar efizcamente las rebabas Dise\u00f1o de empu\u00f1adura tipo pistola inlcuye boton arranque a baja velocidad. Motor neum\u00e1tico de alto torque; confortable empu\u00f1adura insulada. Incluye manguera y conectores que [&hellip;]\" \/>\n<meta property=\"og:url\" content=\"https:\/\/loeser.createch-media.com\/es\/cintas\/taladradoras\/07-cv-taladradora-con-aspiracion-central-dynabrade-53103-53106\/\" \/>\n<meta property=\"og:site_name\" content=\"Loeser Schleifmaschinen\" \/>\n<meta property=\"article:modified_time\" content=\"2023-06-01T08:13:12+00:00\" \/>\n<meta property=\"og:image\" content=\"https:\/\/loeser.createch-media.com\/wp-content\/uploads\/2023\/05\/53103-dynabrade-925x1024.jpg\" \/>\n<meta name=\"twitter:card\" content=\"summary_large_image\" \/>\n<meta name=\"twitter:label1\" content=\"Tiempo de lectura\" \/>\n\t<meta name=\"twitter:data1\" content=\"3 minutos\" \/>\n<script type=\"application\/ld+json\" class=\"yoast-schema-graph\">{\"@context\":\"https:\/\/schema.org\",\"@graph\":[{\"@type\":\"WebPage\",\"@id\":\"https:\/\/loeser.createch-media.com\/es\/cintas\/taladradoras\/07-cv-taladradora-con-aspiracion-central-dynabrade-53103-53106\/\",\"url\":\"https:\/\/loeser.createch-media.com\/es\/cintas\/taladradoras\/07-cv-taladradora-con-aspiracion-central-dynabrade-53103-53106\/\",\"name\":\"0,7 CV Taladradora con aspiraci\u00f3n central Dynabrade 53103 - 53106 - Loeser Schleifmaschinen\",\"isPartOf\":{\"@id\":\"https:\/\/loeser.createch-media.com\/es\/#website\"},\"datePublished\":\"2023-05-16T08:35:11+00:00\",\"dateModified\":\"2023-06-01T08:13:12+00:00\",\"breadcrumb\":{\"@id\":\"https:\/\/loeser.createch-media.com\/es\/cintas\/taladradoras\/07-cv-taladradora-con-aspiracion-central-dynabrade-53103-53106\/#breadcrumb\"},\"inLanguage\":\"es\",\"potentialAction\":[{\"@type\":\"ReadAction\",\"target\":[\"https:\/\/loeser.createch-media.com\/es\/cintas\/taladradoras\/07-cv-taladradora-con-aspiracion-central-dynabrade-53103-53106\/\"]}]},{\"@type\":\"BreadcrumbList\",\"@id\":\"https:\/\/loeser.createch-media.com\/es\/cintas\/taladradoras\/07-cv-taladradora-con-aspiracion-central-dynabrade-53103-53106\/#breadcrumb\",\"itemListElement\":[{\"@type\":\"ListItem\",\"position\":1,\"name\":\"Startseite\",\"item\":\"https:\/\/loeser.createch-media.com\/es\/\"},{\"@type\":\"ListItem\",\"position\":2,\"name\":\"Taladradoras\",\"item\":\"https:\/\/loeser.createch-media.com\/es\/taladradoras\/\"},{\"@type\":\"ListItem\",\"position\":3,\"name\":\"0,7 CV Taladradora con aspiraci\u00f3n central Dynabrade 53103 &#8211; 53106\"}]},{\"@type\":\"WebSite\",\"@id\":\"https:\/\/loeser.createch-media.com\/es\/#website\",\"url\":\"https:\/\/loeser.createch-media.com\/es\/\",\"name\":\"Loeser Schleifmaschinen\",\"description\":\"\",\"publisher\":{\"@id\":\"https:\/\/loeser.createch-media.com\/es\/#organization\"},\"potentialAction\":[{\"@type\":\"SearchAction\",\"target\":{\"@type\":\"EntryPoint\",\"urlTemplate\":\"https:\/\/loeser.createch-media.com\/es\/?s={search_term_string}\"},\"query-input\":\"required name=search_term_string\"}],\"inLanguage\":\"es\"},{\"@type\":\"Organization\",\"@id\":\"https:\/\/loeser.createch-media.com\/es\/#organization\",\"name\":\"Loeser Schleifmaschinen\",\"url\":\"https:\/\/loeser.createch-media.com\/es\/\",\"logo\":{\"@type\":\"ImageObject\",\"inLanguage\":\"es\",\"@id\":\"https:\/\/loeser.createch-media.com\/es\/#\/schema\/logo\/image\/\",\"url\":\"https:\/\/loeser.createch-media.com\/wp-content\/uploads\/2023\/03\/cropped-loeser-logo-2023.jpg\",\"contentUrl\":\"https:\/\/loeser.createch-media.com\/wp-content\/uploads\/2023\/03\/cropped-loeser-logo-2023.jpg\",\"width\":500,\"height\":238,\"caption\":\"Loeser Schleifmaschinen\"},\"image\":{\"@id\":\"https:\/\/loeser.createch-media.com\/es\/#\/schema\/logo\/image\/\"}}]}<\/script>\n<!-- \/ Yoast SEO plugin. -->","yoast_head_json":{"title":"0,7 CV Taladradora con aspiraci\u00f3n central Dynabrade 53103 - 53106 - Loeser Schleifmaschinen","robots":{"index":"noindex","follow":"follow","max-snippet":"max-snippet:-1","max-image-preview":"max-image-preview:large","max-video-preview":"max-video-preview:-1"},"og_locale":"es_ES","og_type":"article","og_title":"0,7 CV Taladradora con aspiraci\u00f3n central Dynabrade 53103 - 53106 - Loeser Schleifmaschinen","og_description":"0,7 CV Taladradora con aspiraci\u00f3n central Dynabrade 53103 &#8211; 53106 Taladro con succi\u00f3n de .7hp (522W) incluye guarda flexible que se comprime alrededor de la broca para capturar efizcamente las rebabas Dise\u00f1o de empu\u00f1adura tipo pistola inlcuye boton arranque a baja velocidad. Motor neum\u00e1tico de alto torque; confortable empu\u00f1adura insulada. Incluye manguera y conectores que [&hellip;]","og_url":"https:\/\/loeser.createch-media.com\/es\/cintas\/taladradoras\/07-cv-taladradora-con-aspiracion-central-dynabrade-53103-53106\/","og_site_name":"Loeser Schleifmaschinen","article_modified_time":"2023-06-01T08:13:12+00:00","og_image":[{"url":"https:\/\/loeser.createch-media.com\/wp-content\/uploads\/2023\/05\/53103-dynabrade-925x1024.jpg"}],"twitter_card":"summary_large_image","twitter_misc":{"Tiempo de lectura":"3 minutos"},"schema":{"@context":"https:\/\/schema.org","@graph":[{"@type":"WebPage","@id":"https:\/\/loeser.createch-media.com\/es\/cintas\/taladradoras\/07-cv-taladradora-con-aspiracion-central-dynabrade-53103-53106\/","url":"https:\/\/loeser.createch-media.com\/es\/cintas\/taladradoras\/07-cv-taladradora-con-aspiracion-central-dynabrade-53103-53106\/","name":"0,7 CV Taladradora con aspiraci\u00f3n central Dynabrade 53103 - 53106 - Loeser Schleifmaschinen","isPartOf":{"@id":"https:\/\/loeser.createch-media.com\/es\/#website"},"datePublished":"2023-05-16T08:35:11+00:00","dateModified":"2023-06-01T08:13:12+00:00","breadcrumb":{"@id":"https:\/\/loeser.createch-media.com\/es\/cintas\/taladradoras\/07-cv-taladradora-con-aspiracion-central-dynabrade-53103-53106\/#breadcrumb"},"inLanguage":"es","potentialAction":[{"@type":"ReadAction","target":["https:\/\/loeser.createch-media.com\/es\/cintas\/taladradoras\/07-cv-taladradora-con-aspiracion-central-dynabrade-53103-53106\/"]}]},{"@type":"BreadcrumbList","@id":"https:\/\/loeser.createch-media.com\/es\/cintas\/taladradoras\/07-cv-taladradora-con-aspiracion-central-dynabrade-53103-53106\/#breadcrumb","itemListElement":[{"@type":"ListItem","position":1,"name":"Startseite","item":"https:\/\/loeser.createch-media.com\/es\/"},{"@type":"ListItem","position":2,"name":"Taladradoras","item":"https:\/\/loeser.createch-media.com\/es\/taladradoras\/"},{"@type":"ListItem","position":3,"name":"0,7 CV Taladradora con aspiraci\u00f3n central Dynabrade 53103 &#8211; 53106"}]},{"@type":"WebSite","@id":"https:\/\/loeser.createch-media.com\/es\/#website","url":"https:\/\/loeser.createch-media.com\/es\/","name":"Loeser Schleifmaschinen","description":"","publisher":{"@id":"https:\/\/loeser.createch-media.com\/es\/#organization"},"potentialAction":[{"@type":"SearchAction","target":{"@type":"EntryPoint","urlTemplate":"https:\/\/loeser.createch-media.com\/es\/?s={search_term_string}"},"query-input":"required name=search_term_string"}],"inLanguage":"es"},{"@type":"Organization","@id":"https:\/\/loeser.createch-media.com\/es\/#organization","name":"Loeser Schleifmaschinen","url":"https:\/\/loeser.createch-media.com\/es\/","logo":{"@type":"ImageObject","inLanguage":"es","@id":"https:\/\/loeser.createch-media.com\/es\/#\/schema\/logo\/image\/","url":"https:\/\/loeser.createch-media.com\/wp-content\/uploads\/2023\/03\/cropped-loeser-logo-2023.jpg","contentUrl":"https:\/\/loeser.createch-media.com\/wp-content\/uploads\/2023\/03\/cropped-loeser-logo-2023.jpg","width":500,"height":238,"caption":"Loeser Schleifmaschinen"},"image":{"@id":"https:\/\/loeser.createch-media.com\/es\/#\/schema\/logo\/image\/"}}]}},"_links":{"self":[{"href":"https:\/\/loeser.createch-media.com\/es\/wp-json\/wp\/v2\/pages\/9201","targetHints":{"allow":["GET"]}}],"collection":[{"href":"https:\/\/loeser.createch-media.com\/es\/wp-json\/wp\/v2\/pages"}],"about":[{"href":"https:\/\/loeser.createch-media.com\/es\/wp-json\/wp\/v2\/types\/page"}],"author":[{"embeddable":true,"href":"https:\/\/loeser.createch-media.com\/es\/wp-json\/wp\/v2\/users\/1"}],"replies":[{"embeddable":true,"href":"https:\/\/loeser.createch-media.com\/es\/wp-json\/wp\/v2\/comments?post=9201"}],"version-history":[{"count":2,"href":"https:\/\/loeser.createch-media.com\/es\/wp-json\/wp\/v2\/pages\/9201\/revisions"}],"predecessor-version":[{"id":10311,"href":"https:\/\/loeser.createch-media.com\/es\/wp-json\/wp\/v2\/pages\/9201\/revisions\/10311"}],"up":[{"embeddable":true,"href":"https:\/\/loeser.createch-media.com\/es\/wp-json\/wp\/v2\/pages\/9181"}],"wp:attachment":[{"href":"https:\/\/loeser.createch-media.com\/es\/wp-json\/wp\/v2\/media?parent=9201"}],"curies":[{"name":"wp","href":"https:\/\/api.w.org\/{rel}","templated":true}]}}