{"id":11025,"date":"2023-04-18T14:12:13","date_gmt":"2023-04-18T12:12:13","guid":{"rendered":"https:\/\/loeser.createch-media.com\/?page_id=11025"},"modified":"2023-06-06T13:17:14","modified_gmt":"2023-06-06T11:17:14","slug":"loeser-ponceuses-a-bande","status":"publish","type":"page","link":"https:\/\/loeser.createch-media.com\/fr\/rubans\/loeser-ponceuses-a-bande\/","title":{"rendered":"Loeser Ponceuses \u00e0 bande"},"content":{"rendered":"\n<h1 class=\"wp-block-heading\">Ponceuses \u00e0 bande<\/h1>\n\n\n\n<p class=\"has-text-align-center has-normal-font-size\">Nos mod\u00e8les vous offrent une vari\u00e9t\u00e9 d&rsquo;options.<\/p>\n\n\n\n<div class=\"wp-block-stackable-columns stk-block-columns stk-block stk-541423f\" data-block-id=\"541423f\"><div class=\"stk-row stk-inner-blocks stk-block-content stk-content-align stk-541423f-column\">\n<div class=\"wp-block-stackable-column stk-block-column stk-block-column--v3 stk-column stk-block-column--v2 stk-block stk-d2bc049\" data-block-id=\"d2bc049\"><div class=\"stk-column-wrapper stk-block-column__content stk-container stk-d2bc049-container stk--no-background stk--no-padding\"><div class=\"stk-block-content stk-inner-blocks stk-d2bc049-inner-blocks\">\n<div class=\"wp-block-stackable-card stk-block-card stk-block stk-cdf899b is-style-default\" data-block-id=\"cdf899b\"><style>.stk-cdf899b .stk-block-card__image img{transform:scale(0.9) !important;object-fit:none !important}<\/style><div class=\"stk--no-padding stk-container stk-cdf899b-container stk-hover-parent\"><figure class=\"stk-block-card__image stk-img-wrapper stk-image--shape-stretch\"><img loading=\"lazy\" decoding=\"async\" class=\"stk-img wp-image-10082\" src=\"https:\/\/loeser.createch-media.com\/wp-content\/uploads\/2023\/05\/csm_support-bandschleifmaschine-frei-190x300.png\" width=\"190\" height=\"300\" alt=\"Support-Bandschleifmaschine Typ SO 0337\" srcset=\"https:\/\/loeser.createch-media.com\/wp-content\/uploads\/2023\/05\/csm_support-bandschleifmaschine-frei-190x300.png 190w, https:\/\/loeser.createch-media.com\/wp-content\/uploads\/2023\/05\/csm_support-bandschleifmaschine-frei.png 379w\" sizes=\"auto, (max-width: 190px) 100vw, 190px\" \/><\/figure><div class=\"stk-container-padding stk-block-card__content\"><div class=\"stk-block-content stk-inner-blocks\">\n<div class=\"wp-block-stackable-heading stk-block-heading stk-block-heading--v2 stk-block stk-23c2216\" id=\"a-href-https-loeser-createch-media-com-fr-support-machine-a-bande-abrasive-ponceuse-type-so-0337-support-machine-a-bande-abrasive-ponceuse-type-so-0337-a\" data-block-id=\"23c2216\"><h4 class=\"stk-block-heading__text\"><a href=\"https:\/\/loeser.createch-media.com\/fr\/support-machine-a-bande-abrasive-ponceuse-type-so-0337\/\">Support-Machine \u00e0 bande abrasive\/ Ponceuse Type SO 0337<\/a><\/h4><\/div>\n<\/div><\/div><a class=\"stk-link stk-block-link stk--transparent-overlay\" href=\"https:\/\/loeser.createch-media.com\/fr\/support-machine-a-bande-abrasive-ponceuse-type-so-0337\/\" aria-hidden=\"true\" tabindex=\"-1\"><\/a><\/div><\/div>\n<\/div><\/div><\/div>\n\n\n\n<div class=\"wp-block-stackable-column stk-block-column stk-block-column--v3 stk-column stk-block-column--v2 stk-block stk-2ddd046\" data-block-id=\"2ddd046\"><div class=\"stk-column-wrapper stk-block-column__content stk-container stk-2ddd046-container stk--no-background stk--no-padding\"><div class=\"stk-block-content stk-inner-blocks stk-2ddd046-inner-blocks\"><\/div><\/div><\/div>\n\n\n\n<div class=\"wp-block-stackable-column stk-block-column stk-block-column--v3 stk-column stk-block-column--v2 stk-block stk-5f77657\" data-block-id=\"5f77657\"><div class=\"stk-column-wrapper stk-block-column__content stk-container stk-5f77657-container stk--no-background stk--no-padding\"><div class=\"stk-block-content stk-inner-blocks stk-5f77657-inner-blocks\"><\/div><\/div><\/div>\n\n\n\n<div class=\"wp-block-stackable-column stk-block-column stk-block-column--v3 stk-column stk-block-column--v2 stk-block stk-90e1e4d\" data-block-id=\"90e1e4d\"><div class=\"stk-column-wrapper stk-block-column__content stk-container stk-90e1e4d-container stk--no-background stk--no-padding\"><div class=\"stk-block-content stk-inner-blocks stk-90e1e4d-inner-blocks\"><\/div><\/div><\/div>\n<\/div><\/div>\n","protected":false},"excerpt":{"rendered":"<p>Ponceuses \u00e0 bande Nos mod\u00e8les vous offrent une vari\u00e9t\u00e9 d&rsquo;options. Support-Machine \u00e0 bande abrasive\/ Ponceuse Type SO 0337<\/p>\n","protected":false},"author":1,"featured_media":0,"parent":10624,"menu_order":3,"comment_status":"closed","ping_status":"closed","template":"templates\/template-full-width.php","meta":{"pgc_sgb_lightbox_settings":"","footnotes":""},"class_list":["post-11025","page","type-page","status-publish","hentry"],"featured_image_urls":{"full":"","thumbnail":"","medium":"","medium_large":"","large":"","1536x1536":"","2048x2048":"","post-thumbnail":"","twentytwenty-fullscreen":""},"post_excerpt_stackable":"<p>Ponceuses \u00e0 bande Nos mod\u00e8les vous offrent une vari\u00e9t\u00e9 d&rsquo;options. Support-Machine \u00e0 bande abrasive\/ Ponceuse Type SO 0337<\/p>\n","category_list":"","author_info":{"name":"sschmitt","url":"https:\/\/loeser.createch-media.com\/fr\/author\/sschmitt\/"},"comments_num":"0 commentaire","yoast_head":"<!-- This site is optimized with the Yoast SEO plugin v20.3 - https:\/\/yoast.com\/wordpress\/plugins\/seo\/ -->\n<title>Loeser Ponceuses \u00e0 bande - Loeser Schleifmaschinen<\/title>\n<meta name=\"robots\" content=\"noindex, follow, max-snippet:-1, max-image-preview:large, max-video-preview:-1\" \/>\n<meta property=\"og:locale\" content=\"fr_FR\" \/>\n<meta property=\"og:type\" content=\"article\" \/>\n<meta property=\"og:title\" content=\"Loeser Ponceuses \u00e0 bande - Loeser Schleifmaschinen\" \/>\n<meta property=\"og:description\" content=\"Ponceuses \u00e0 bande Nos mod\u00e8les vous offrent une vari\u00e9t\u00e9 d&rsquo;options. Support-Machine \u00e0 bande abrasive\/ Ponceuse Type SO 0337\" \/>\n<meta property=\"og:url\" content=\"https:\/\/loeser.createch-media.com\/fr\/rubans\/loeser-ponceuses-a-bande\/\" \/>\n<meta property=\"og:site_name\" content=\"Loeser Schleifmaschinen\" \/>\n<meta property=\"article:modified_time\" content=\"2023-06-06T11:17:14+00:00\" \/>\n<meta property=\"og:image\" content=\"https:\/\/loeser.createch-media.com\/wp-content\/uploads\/2023\/05\/csm_support-bandschleifmaschine-frei-190x300.png\" \/>\n<meta name=\"twitter:card\" content=\"summary_large_image\" \/>\n<meta name=\"twitter:label1\" content=\"Dur\u00e9e de lecture estim\u00e9e\" \/>\n\t<meta name=\"twitter:data1\" content=\"1 minute\" \/>\n<script type=\"application\/ld+json\" class=\"yoast-schema-graph\">{\"@context\":\"https:\/\/schema.org\",\"@graph\":[{\"@type\":\"WebPage\",\"@id\":\"https:\/\/loeser.createch-media.com\/fr\/rubans\/loeser-ponceuses-a-bande\/\",\"url\":\"https:\/\/loeser.createch-media.com\/fr\/rubans\/loeser-ponceuses-a-bande\/\",\"name\":\"Loeser Ponceuses \u00e0 bande - Loeser Schleifmaschinen\",\"isPartOf\":{\"@id\":\"https:\/\/loeser.createch-media.com\/fr\/#website\"},\"datePublished\":\"2023-04-18T12:12:13+00:00\",\"dateModified\":\"2023-06-06T11:17:14+00:00\",\"breadcrumb\":{\"@id\":\"https:\/\/loeser.createch-media.com\/fr\/rubans\/loeser-ponceuses-a-bande\/#breadcrumb\"},\"inLanguage\":\"fr-FR\",\"potentialAction\":[{\"@type\":\"ReadAction\",\"target\":[\"https:\/\/loeser.createch-media.com\/fr\/rubans\/loeser-ponceuses-a-bande\/\"]}]},{\"@type\":\"BreadcrumbList\",\"@id\":\"https:\/\/loeser.createch-media.com\/fr\/rubans\/loeser-ponceuses-a-bande\/#breadcrumb\",\"itemListElement\":[{\"@type\":\"ListItem\",\"position\":1,\"name\":\"Startseite\",\"item\":\"https:\/\/loeser.createch-media.com\/fr\/\"},{\"@type\":\"ListItem\",\"position\":2,\"name\":\"Rubans\",\"item\":\"https:\/\/loeser.createch-media.com\/fr\/rubans\/\"},{\"@type\":\"ListItem\",\"position\":3,\"name\":\"Loeser Ponceuses \u00e0 bande\"}]},{\"@type\":\"WebSite\",\"@id\":\"https:\/\/loeser.createch-media.com\/fr\/#website\",\"url\":\"https:\/\/loeser.createch-media.com\/fr\/\",\"name\":\"Loeser Schleifmaschinen\",\"description\":\"\",\"publisher\":{\"@id\":\"https:\/\/loeser.createch-media.com\/fr\/#organization\"},\"potentialAction\":[{\"@type\":\"SearchAction\",\"target\":{\"@type\":\"EntryPoint\",\"urlTemplate\":\"https:\/\/loeser.createch-media.com\/fr\/?s={search_term_string}\"},\"query-input\":\"required name=search_term_string\"}],\"inLanguage\":\"fr-FR\"},{\"@type\":\"Organization\",\"@id\":\"https:\/\/loeser.createch-media.com\/fr\/#organization\",\"name\":\"Loeser Schleifmaschinen\",\"url\":\"https:\/\/loeser.createch-media.com\/fr\/\",\"logo\":{\"@type\":\"ImageObject\",\"inLanguage\":\"fr-FR\",\"@id\":\"https:\/\/loeser.createch-media.com\/fr\/#\/schema\/logo\/image\/\",\"url\":\"https:\/\/loeser.createch-media.com\/wp-content\/uploads\/2023\/03\/cropped-loeser-logo-2023.jpg\",\"contentUrl\":\"https:\/\/loeser.createch-media.com\/wp-content\/uploads\/2023\/03\/cropped-loeser-logo-2023.jpg\",\"width\":500,\"height\":238,\"caption\":\"Loeser Schleifmaschinen\"},\"image\":{\"@id\":\"https:\/\/loeser.createch-media.com\/fr\/#\/schema\/logo\/image\/\"}}]}<\/script>\n<!-- \/ Yoast SEO plugin. -->","yoast_head_json":{"title":"Loeser Ponceuses \u00e0 bande - Loeser Schleifmaschinen","robots":{"index":"noindex","follow":"follow","max-snippet":"max-snippet:-1","max-image-preview":"max-image-preview:large","max-video-preview":"max-video-preview:-1"},"og_locale":"fr_FR","og_type":"article","og_title":"Loeser Ponceuses \u00e0 bande - Loeser Schleifmaschinen","og_description":"Ponceuses \u00e0 bande Nos mod\u00e8les vous offrent une vari\u00e9t\u00e9 d&rsquo;options. Support-Machine \u00e0 bande abrasive\/ Ponceuse Type SO 0337","og_url":"https:\/\/loeser.createch-media.com\/fr\/rubans\/loeser-ponceuses-a-bande\/","og_site_name":"Loeser Schleifmaschinen","article_modified_time":"2023-06-06T11:17:14+00:00","og_image":[{"url":"https:\/\/loeser.createch-media.com\/wp-content\/uploads\/2023\/05\/csm_support-bandschleifmaschine-frei-190x300.png"}],"twitter_card":"summary_large_image","twitter_misc":{"Dur\u00e9e de lecture estim\u00e9e":"1 minute"},"schema":{"@context":"https:\/\/schema.org","@graph":[{"@type":"WebPage","@id":"https:\/\/loeser.createch-media.com\/fr\/rubans\/loeser-ponceuses-a-bande\/","url":"https:\/\/loeser.createch-media.com\/fr\/rubans\/loeser-ponceuses-a-bande\/","name":"Loeser Ponceuses \u00e0 bande - Loeser Schleifmaschinen","isPartOf":{"@id":"https:\/\/loeser.createch-media.com\/fr\/#website"},"datePublished":"2023-04-18T12:12:13+00:00","dateModified":"2023-06-06T11:17:14+00:00","breadcrumb":{"@id":"https:\/\/loeser.createch-media.com\/fr\/rubans\/loeser-ponceuses-a-bande\/#breadcrumb"},"inLanguage":"fr-FR","potentialAction":[{"@type":"ReadAction","target":["https:\/\/loeser.createch-media.com\/fr\/rubans\/loeser-ponceuses-a-bande\/"]}]},{"@type":"BreadcrumbList","@id":"https:\/\/loeser.createch-media.com\/fr\/rubans\/loeser-ponceuses-a-bande\/#breadcrumb","itemListElement":[{"@type":"ListItem","position":1,"name":"Startseite","item":"https:\/\/loeser.createch-media.com\/fr\/"},{"@type":"ListItem","position":2,"name":"Rubans","item":"https:\/\/loeser.createch-media.com\/fr\/rubans\/"},{"@type":"ListItem","position":3,"name":"Loeser Ponceuses \u00e0 bande"}]},{"@type":"WebSite","@id":"https:\/\/loeser.createch-media.com\/fr\/#website","url":"https:\/\/loeser.createch-media.com\/fr\/","name":"Loeser Schleifmaschinen","description":"","publisher":{"@id":"https:\/\/loeser.createch-media.com\/fr\/#organization"},"potentialAction":[{"@type":"SearchAction","target":{"@type":"EntryPoint","urlTemplate":"https:\/\/loeser.createch-media.com\/fr\/?s={search_term_string}"},"query-input":"required name=search_term_string"}],"inLanguage":"fr-FR"},{"@type":"Organization","@id":"https:\/\/loeser.createch-media.com\/fr\/#organization","name":"Loeser Schleifmaschinen","url":"https:\/\/loeser.createch-media.com\/fr\/","logo":{"@type":"ImageObject","inLanguage":"fr-FR","@id":"https:\/\/loeser.createch-media.com\/fr\/#\/schema\/logo\/image\/","url":"https:\/\/loeser.createch-media.com\/wp-content\/uploads\/2023\/03\/cropped-loeser-logo-2023.jpg","contentUrl":"https:\/\/loeser.createch-media.com\/wp-content\/uploads\/2023\/03\/cropped-loeser-logo-2023.jpg","width":500,"height":238,"caption":"Loeser Schleifmaschinen"},"image":{"@id":"https:\/\/loeser.createch-media.com\/fr\/#\/schema\/logo\/image\/"}}]}},"_links":{"self":[{"href":"https:\/\/loeser.createch-media.com\/fr\/wp-json\/wp\/v2\/pages\/11025","targetHints":{"allow":["GET"]}}],"collection":[{"href":"https:\/\/loeser.createch-media.com\/fr\/wp-json\/wp\/v2\/pages"}],"about":[{"href":"https:\/\/loeser.createch-media.com\/fr\/wp-json\/wp\/v2\/types\/page"}],"author":[{"embeddable":true,"href":"https:\/\/loeser.createch-media.com\/fr\/wp-json\/wp\/v2\/users\/1"}],"replies":[{"embeddable":true,"href":"https:\/\/loeser.createch-media.com\/fr\/wp-json\/wp\/v2\/comments?post=11025"}],"version-history":[{"count":1,"href":"https:\/\/loeser.createch-media.com\/fr\/wp-json\/wp\/v2\/pages\/11025\/revisions"}],"predecessor-version":[{"id":11028,"href":"https:\/\/loeser.createch-media.com\/fr\/wp-json\/wp\/v2\/pages\/11025\/revisions\/11028"}],"up":[{"embeddable":true,"href":"https:\/\/loeser.createch-media.com\/fr\/wp-json\/wp\/v2\/pages\/10624"}],"wp:attachment":[{"href":"https:\/\/loeser.createch-media.com\/fr\/wp-json\/wp\/v2\/media?parent=11025"}],"curies":[{"name":"wp","href":"https:\/\/api.w.org\/{rel}","templated":true}]}}