{"id":11042,"date":"2023-05-24T17:12:38","date_gmt":"2023-05-24T15:12:38","guid":{"rendered":"https:\/\/loeser.createch-media.com\/?page_id=11042"},"modified":"2023-06-06T14:09:30","modified_gmt":"2023-06-06T12:09:30","slug":"ponceuse-pour-surface-plane-modele-fs-384-150-g1","status":"publish","type":"page","link":"https:\/\/loeser.createch-media.com\/fr\/rubans\/loeser-ponceuse-pour-surface-plane\/ponceuse-pour-surface-plane-modele-fs-384-150-g1\/","title":{"rendered":"Ponceuse pour surface plane mod\u00e8le FS 384\/150-G1"},"content":{"rendered":"<nav class=\"is-responsive wp-block-navigation is-layout-flex wp-block-navigation-is-layout-flex\" aria-label=\"Navigation\" \n\t\t data-wp-interactive=\"core\/navigation\" data-wp-context='{\"overlayOpenedBy\":{\"click\":false,\"hover\":false,\"focus\":false},\"type\":\"overlay\",\"roleAttribute\":\"\",\"ariaLabel\":\"Menu\"}'><button aria-haspopup=\"dialog\" aria-label=\"Ouvrir le menu\" class=\"wp-block-navigation__responsive-container-open\" \n\t\t\t\tdata-wp-on--click=\"actions.openMenuOnClick\"\n\t\t\t\tdata-wp-on--keydown=\"actions.handleMenuKeydown\"\n\t\t\t><svg width=\"24\" height=\"24\" xmlns=\"http:\/\/www.w3.org\/2000\/svg\" viewBox=\"0 0 24 24\" aria-hidden=\"true\" focusable=\"false\"><path d=\"M4 7.5h16v1.5H4z\"><\/path><path d=\"M4 15h16v1.5H4z\"><\/path><\/svg><\/button>\n\t\t\t\t<div class=\"wp-block-navigation__responsive-container\"  id=\"modal-1\" \n\t\t\t\tdata-wp-class--has-modal-open=\"state.isMenuOpen\"\n\t\t\t\tdata-wp-class--is-menu-open=\"state.isMenuOpen\"\n\t\t\t\tdata-wp-watch=\"callbacks.initMenu\"\n\t\t\t\tdata-wp-on--keydown=\"actions.handleMenuKeydown\"\n\t\t\t\tdata-wp-on--focusout=\"actions.handleMenuFocusout\"\n\t\t\t\ttabindex=\"-1\"\n\t\t\t>\n\t\t\t\t\t<div class=\"wp-block-navigation__responsive-close\" tabindex=\"-1\">\n\t\t\t\t\t\t<div class=\"wp-block-navigation__responsive-dialog\" \n\t\t\t\tdata-wp-bind--aria-modal=\"state.ariaModal\"\n\t\t\t\tdata-wp-bind--aria-label=\"state.ariaLabel\"\n\t\t\t\tdata-wp-bind--role=\"state.roleAttribute\"\n\t\t\t>\n\t\t\t\t\t\t\t<button aria-label=\"Fermer le menu\" class=\"wp-block-navigation__responsive-container-close\" \n\t\t\t\tdata-wp-on--click=\"actions.closeMenuOnClick\"\n\t\t\t><svg xmlns=\"http:\/\/www.w3.org\/2000\/svg\" viewBox=\"0 0 24 24\" width=\"24\" height=\"24\" aria-hidden=\"true\" focusable=\"false\"><path d=\"m13.06 12 6.47-6.47-1.06-1.06L12 10.94 5.53 4.47 4.47 5.53 10.94 12l-6.47 6.47 1.06 1.06L12 13.06l6.47 6.47 1.06-1.06L13.06 12Z\"><\/path><\/svg><\/button>\n\t\t\t\t\t\t\t<div class=\"wp-block-navigation__responsive-container-content\" \n\t\t\t\tdata-wp-watch=\"callbacks.focusFirstElement\"\n\t\t\t id=\"modal-1-content\">\n\t\t\t\t\t\t\t\t<ul class=\"wp-block-navigation__container is-responsive wp-block-navigation\"><li class=\" wp-block-navigation-item subnav-first wp-block-navigation-link\"><a class=\"wp-block-navigation-item__content\"  href=\"https:\/\/loeser.createch-media.com\/fr\/rubans\/loeser-ponceuse-pour-surface-plane\/\"><span class=\"wp-block-navigation-item__label\">Retour aux Ponceuse pour surface plane<\/span><\/a><\/li><li class=\" wp-block-navigation-item wp-block-navigation-link\"><a class=\"wp-block-navigation-item__content\"  href=\"https:\/\/loeser.createch-media.com\/fr\/rubans\/loeser-ponceuse-pour-surface-plane\/ponceuse-pour-surface-plane-modele-fs-384-150-g1\/\"><span class=\"wp-block-navigation-item__label\">Ponceuse pour surface plane mod\u00e8le FS 384\/150-G1<\/span><\/a><\/li><\/ul>\n\t\t\t\t\t\t\t<\/div>\n\t\t\t\t\t\t<\/div>\n\t\t\t\t\t<\/div>\n\t\t\t\t<\/div><\/nav>\n\n\n<h1 class=\"wp-block-heading animated zoomIn\">Ponceuse pour surface plane mod\u00e8le FS 384\/150-G1<\/h1>\n\n\n\n<div class=\"wp-block-stackable-columns stk-block-columns stk-block stk-826bcfb animated zoomIn\" data-block-id=\"826bcfb\"><div class=\"stk-row stk-inner-blocks stk-block-content stk-content-align stk-826bcfb-column\">\n<div class=\"wp-block-stackable-column stk-block-column stk-block-column--v3 stk-column stk-block-column--v2 stk-block stk-ff573b5\" data-block-id=\"ff573b5\"><style>@media screen and (min-width:768px){.stk-ff573b5{flex:1 1 66.7% !important}}<\/style><div class=\"stk-column-wrapper stk-block-column__content stk-container stk-ff573b5-container stk--no-background stk--no-padding\"><div class=\"stk-block-content stk-inner-blocks stk-ff573b5-inner-blocks\">\n<h2 class=\"wp-block-heading\">Utilisation<\/h2>\n\n\n\n<div class=\"wp-block-stackable-icon-list stk-block-icon-list has-text-align-center stk-block stk-d1ed66b\" data-block-id=\"d1ed66b\"><style>.stk-d1ed66b li{padding-inline-start:5px !important;margin-bottom:15px !important}.stk-d1ed66b{column-gap:0px !important}.stk-d1ed66b ul,.stk-d1ed66b ol{padding-left:20px !important}.stk-d1ed66b ul li{list-style-image:url('data:image\/svg+xml;base64,PHN2ZyBhcmlhLWhpZGRlbj0idHJ1ZSIgZm9jdXNhYmxlPSJmYWxzZSIgZGF0YS1wcmVmaXg9ImZhcyIgZGF0YS1pY29uPSJkb3QtY2lyY2xlIiBjbGFzcz0ic3ZnLWlubGluZS0tZmEgZmEtZG90LWNpcmNsZSBmYS13LTE2IiByb2xlPSJpbWciIHhtbG5zPSJodHRwOi8vd3d3LnczLm9yZy8yMDAwL3N2ZyIgdmlld0JveD0iMCAwIDUxMiA1MTIiIHN0eWxlPSJmaWxsOiAjMmM0Zjk1ICFpbXBvcnRhbnQ7IGNvbG9yOiAjMmM0Zjk1ICFpbXBvcnRhbnQ7dHJhbnNmb3JtOiByb3RhdGUoZGVnKSAhaW1wb3J0YW50OyI+PHBhdGggZmlsbD0iIzJjNGY5NSIgZD0iTTI1NiA4QzExOS4wMzMgOCA4IDExOS4wMzMgOCAyNTZzMTExLjAzMyAyNDggMjQ4IDI0OCAyNDgtMTExLjAzMyAyNDgtMjQ4UzM5Mi45NjcgOCAyNTYgOHptODAgMjQ4YzAgNDQuMTEyLTM1Ljg4OCA4MC04MCA4MHMtODAtMzUuODg4LTgwLTgwIDM1Ljg4OC04MCA4MC04MCA4MCAzNS44ODggODAgODB6IiBzdHJva2U9IiMyYzRmOTUiIHN0eWxlPSJmaWxsOiByZ2IoNDQsIDc5LCAxNDkpOyBzdHJva2U6IHJnYig0NCwgNzksIDE0OSk7Ii8+PC9zdmc+') !important}.stk-d1ed66b li::marker{color:#2c4f95 !important;font-size:1.6em !important}<\/style><ul><li>Pon\u00e7age, brossage, finition des aciers normaux, des m\u00e9taux non-ferreux, des aciers inoxydables, carr\u00e9, rectangle, plat, angulaire<\/li><li>Pi\u00e8ces en t\u00f4le et moulures<\/li><li>Satinage, \u00e9bavurage de pi\u00e8ces d\u00e9coup\u00e9es au laser, les pi\u00e8ces d\u00e9coup\u00e9es, les pi\u00e8ces \u00e9rod\u00e9es, des plaques d&#8217;embrayage<\/li><li>Polissage pour pi\u00e8ces en Aluminium, laiton, acier inoxydable et pour les profils<\/li><\/ul><\/div>\n<\/div><\/div><\/div>\n\n\n\n<div class=\"wp-block-stackable-column stk-block-column stk-block-column--v3 stk-column stk-block-column--v2 stk-block stk-3a61e76\" data-block-id=\"3a61e76\"><style>@media screen and (min-width:768px){.stk-3a61e76{flex:1 1 33.3% !important}}<\/style><div class=\"stk-column-wrapper stk-block-column__content stk-container stk-3a61e76-container stk--no-background stk--no-padding\"><div class=\"stk-block-content stk-inner-blocks stk-3a61e76-inner-blocks\">\n<figure class=\"wp-block-image size-full is-resized\"><img loading=\"lazy\" decoding=\"async\" src=\"https:\/\/loeser.createch-media.com\/wp-content\/uploads\/2023\/05\/csm_f2_05_66ad665edb.jpg\" alt=\"Flachschleifmaschine Modell FS 384\/150-G1\" class=\"wp-image-9651\" width=\"279\" height=\"300\" srcset=\"https:\/\/loeser.createch-media.com\/wp-content\/uploads\/2023\/05\/csm_f2_05_66ad665edb.jpg 558w, https:\/\/loeser.createch-media.com\/wp-content\/uploads\/2023\/05\/csm_f2_05_66ad665edb-279x300.jpg 279w\" sizes=\"auto, (max-width: 279px) 100vw, 279px\" \/><\/figure>\n<\/div><\/div><\/div>\n<\/div><\/div>\n\n\n\n<div class=\"wp-block-stackable-columns stk-block-columns stk-block stk-f29ff80 animated zoomIn\" data-block-id=\"f29ff80\"><div class=\"stk-row stk-inner-blocks stk-block-content stk-content-align stk-f29ff80-column\">\n<div class=\"wp-block-stackable-column stk-block-column stk-block-column--v3 stk-column stk-block-column--v2 stk-block stk-747f51c\" data-block-id=\"747f51c\"><div class=\"stk-column-wrapper stk-block-column__content stk-container stk-747f51c-container stk--no-background stk--no-padding\"><div class=\"stk-block-content stk-inner-blocks stk-747f51c-inner-blocks\">\n<h2 class=\"wp-block-heading\">Montage<\/h2>\n\n\n\n<div class=\"wp-block-stackable-icon-list stk-block-icon-list has-text-align-center stk-block stk-476a145\" data-block-id=\"476a145\"><style>.stk-476a145 li{padding-inline-start:5px !important;margin-bottom:15px !important}.stk-476a145{column-gap:0px !important}.stk-476a145 ul,.stk-476a145 ol{padding-left:20px !important}.stk-476a145 ul li{list-style-image:url('data:image\/svg+xml;base64,PHN2ZyBhcmlhLWhpZGRlbj0idHJ1ZSIgZm9jdXNhYmxlPSJmYWxzZSIgZGF0YS1wcmVmaXg9ImZhcyIgZGF0YS1pY29uPSJkb3QtY2lyY2xlIiBjbGFzcz0ic3ZnLWlubGluZS0tZmEgZmEtZG90LWNpcmNsZSBmYS13LTE2IiByb2xlPSJpbWciIHhtbG5zPSJodHRwOi8vd3d3LnczLm9yZy8yMDAwL3N2ZyIgdmlld0JveD0iMCAwIDUxMiA1MTIiIHN0eWxlPSJmaWxsOiAjMmM0Zjk1ICFpbXBvcnRhbnQ7IGNvbG9yOiAjMmM0Zjk1ICFpbXBvcnRhbnQ7dHJhbnNmb3JtOiByb3RhdGUoZGVnKSAhaW1wb3J0YW50OyI+PHBhdGggZmlsbD0iIzJjNGY5NSIgZD0iTTI1NiA4QzExOS4wMzMgOCA4IDExOS4wMzMgOCAyNTZzMTExLjAzMyAyNDggMjQ4IDI0OCAyNDgtMTExLjAzMyAyNDgtMjQ4UzM5Mi45NjcgOCAyNTYgOHptODAgMjQ4YzAgNDQuMTEyLTM1Ljg4OCA4MC04MCA4MHMtODAtMzUuODg4LTgwLTgwIDM1Ljg4OC04MCA4MC04MCA4MCAzNS44ODggODAgODB6IiBzdHJva2U9IiMyYzRmOTUiIHN0eWxlPSJmaWxsOiByZ2IoNDQsIDc5LCAxNDkpOyBzdHJva2U6IHJnYig0NCwgNzksIDE0OSk7Ii8+PC9zdmc+') !important}.stk-476a145 li::marker{color:#2c4f95 !important;font-size:1.6em !important}<\/style><ul><li>Facile, conception modulaire fonctionnelle<\/li><li>Construction stable, fabrication solide<\/li><li>Toutes les pi\u00e8ces sont prot\u00e9g\u00e9es contre la corrosion par un vernis 2K<\/li><li>Cuve et boitier de la machine en acier inoxydable<\/li><li>Garantie 20 ans contre la rouille<\/li><\/ul><\/div>\n<\/div><\/div><\/div>\n\n\n\n<div class=\"wp-block-stackable-column stk-block-column stk-block-column--v3 stk-column stk-block-column--v2 stk-block stk-2d6c360\" data-block-id=\"2d6c360\"><div class=\"stk-column-wrapper stk-block-column__content stk-container stk-2d6c360-container stk--no-background stk--no-padding\"><div class=\"stk-block-content stk-inner-blocks stk-2d6c360-inner-blocks\">\n<h2 class=\"wp-block-heading\">Options<\/h2>\n\n\n\n<div class=\"wp-block-stackable-icon-list stk-block-icon-list has-text-align-center stk-block stk-0a40675\" data-block-id=\"0a40675\"><style>.stk-0a40675 li{padding-inline-start:5px !important;margin-bottom:15px !important}.stk-0a40675{column-gap:0px !important}.stk-0a40675 ul,.stk-0a40675 ol{padding-left:20px !important}.stk-0a40675 ul li{list-style-image:url('data:image\/svg+xml;base64,PHN2ZyBhcmlhLWhpZGRlbj0idHJ1ZSIgZm9jdXNhYmxlPSJmYWxzZSIgZGF0YS1wcmVmaXg9ImZhcyIgZGF0YS1pY29uPSJkb3QtY2lyY2xlIiBjbGFzcz0ic3ZnLWlubGluZS0tZmEgZmEtZG90LWNpcmNsZSBmYS13LTE2IiByb2xlPSJpbWciIHhtbG5zPSJodHRwOi8vd3d3LnczLm9yZy8yMDAwL3N2ZyIgdmlld0JveD0iMCAwIDUxMiA1MTIiIHN0eWxlPSJmaWxsOiAjMmM0Zjk1ICFpbXBvcnRhbnQ7IGNvbG9yOiAjMmM0Zjk1ICFpbXBvcnRhbnQ7dHJhbnNmb3JtOiByb3RhdGUoZGVnKSAhaW1wb3J0YW50OyI+PHBhdGggZmlsbD0iIzJjNGY5NSIgZD0iTTI1NiA4QzExOS4wMzMgOCA4IDExOS4wMzMgOCAyNTZzMTExLjAzMyAyNDggMjQ4IDI0OCAyNDgtMTExLjAzMyAyNDgtMjQ4UzM5Mi45NjcgOCAyNTYgOHptODAgMjQ4YzAgNDQuMTEyLTM1Ljg4OCA4MC04MCA4MHMtODAtMzUuODg4LTgwLTgwIDM1Ljg4OC04MCA4MC04MCA4MCAzNS44ODggODAgODB6IiBzdHJva2U9IiMyYzRmOTUiIHN0eWxlPSJmaWxsOiByZ2IoNDQsIDc5LCAxNDkpOyBzdHJva2U6IHJnYig0NCwgNzksIDE0OSk7Ii8+PC9zdmc+') !important}.stk-0a40675 li::marker{color:#2c4f95 !important;font-size:1.6em !important}<\/style><ul><li>Puissance du moteur 5,5 kW \/ 7,5 kW \/ 11 kW<\/li><li>Oscillation de la bande abrasive<\/li><li>R\u00e9glage de la hauteur motoris\u00e9<\/li><li>Hauteur de passage 150\/180\/200 mm<\/li><li>Compensation de poids pneumatique<\/li><li>Largeur de la bande abrasive 150\/200\/250 mm<\/li><li>Indicateur de hauteur num\u00e9rique<\/li><li>Tension de pi\u00e8ce magn\u00e9tique durant le passage sur le tapis<\/li><li>D\u00e9magn\u00e9tisation<\/li><li>Tapis a 3 rouleaux avec rouleau central profil\u00e9 ou patin de contact<\/li><li>Syst\u00e8me avec 1 \u00e0 8 stations<\/li><li>Vitesse de transport variable<\/li><\/ul><\/div>\n<\/div><\/div><\/div>\n<\/div><\/div>\n\n\n\n<div id=\"\" class=\"wp-block-gosign-gosign-background-contianer gosign-color-section btn-full align-false default-padding no-margin full-width custom-height lightColorLayout no-top-border no-bottom-border colorSectionFe background-parallax background-repeat overlay-false defined-width\"><div data-parallax=\"scroll\" data-image-src=\"https:\/\/loeser.createch-media.com\/wp-content\/uploads\/2023\/03\/ks100-trenner.jpg\" class=\"outer-container background-parallax\" style=\"min-height:300px;background-repeat:repeat\"><div class=\"inner-container\"><div class=\"contentBlock\"><\/div><\/div><\/div><\/div>\n\n\n\n<div class=\"wp-block-gutena-tabs gutena-tabs-block gutena-tabs-block-2da904-eb animated zoomIn\"><ul class=\"gutena-tabs-tab tab-left\"><li class=\"gutena-tab-title active\" data-tab=\"1\"><div class=\"gutena-tab-title-content icon-top\"><div class=\"gutena-tab-title-text\"><div>Sp\u00e9cifications techniques<\/div><\/div><\/div><\/li><\/ul><div class=\"gutena-tabs-content is-layout-flow wp-block-gutena-tabs-is-layout-flow\">\n<div class=\"wp-block-gutena-tab gutena-tab-block gutena-tab-block-ceafb5-94 active animated zoomIn\" data-tab=\"1\">\n<figure class=\"wp-block-table is-style-regular\"><table class=\"has-white-background-color has-background has-fixed-layout\"><tbody><tr><td>Puissance du moteur<\/td><td>4 kW \/ 2.900 U\/min.<\/td><\/tr><tr><td>Bande de pon\u00e7age<\/td><td>2.500 x 150 mm<\/td><\/tr><tr><td>Largeur de travail maximum<\/td><td>145 mm<\/td><\/tr><tr><td>Hauteur de passage<\/td><td>150 \u00d8 x 150 mm<\/td><\/tr><tr><td>Disques de contact<\/td><td>950 x 100 mm<\/td><\/tr><tr><td>Avancement du tapis roulant<\/td><td>2,5 + 5 m\/min.<\/td><\/tr><tr><td>Rouleaux de maintien<\/td><td>45 \u00d8 x 160 mm lang<\/td><\/tr><tr><td>Duret\u00e9 du disque de pon\u00e7age<\/td><td>28\u00b0 &#8211; 90\u00b0 Shore<\/td><\/tr><tr><td>Tapis roulant<\/td><td>3.000 x 150 mm<\/td><\/tr><\/tbody><\/table><\/figure>\n<\/div>\n<\/div><\/div>\n","protected":false},"excerpt":{"rendered":"<p>Ponceuse pour surface plane mod\u00e8le FS 384\/150-G1 Utilisation Pon\u00e7age, brossage, finition des aciers normaux, des m\u00e9taux non-ferreux, des aciers inoxydables, carr\u00e9, rectangle, plat, angulaire Pi\u00e8ces en t\u00f4le et moulures Satinage, \u00e9bavurage de pi\u00e8ces d\u00e9coup\u00e9es au laser, les pi\u00e8ces d\u00e9coup\u00e9es, les pi\u00e8ces \u00e9rod\u00e9es, des plaques d&#8217;embrayage Polissage pour pi\u00e8ces en Aluminium, laiton, acier inoxydable et pour [&hellip;]<\/p>\n","protected":false},"author":1,"featured_media":0,"parent":11047,"menu_order":0,"comment_status":"closed","ping_status":"closed","template":"templates\/template-full-width.php","meta":{"pgc_sgb_lightbox_settings":"","footnotes":""},"class_list":["post-11042","page","type-page","status-publish","hentry"],"featured_image_urls":{"full":"","thumbnail":"","medium":"","medium_large":"","large":"","1536x1536":"","2048x2048":"","post-thumbnail":"","twentytwenty-fullscreen":""},"post_excerpt_stackable":"<p>Retour aux Ponceuse pour surface planePonceuse pour surface plane mod\u00e8le FS 384\/150-G1 Ponceuse pour surface plane mod\u00e8le FS 384\/150-G1 Utilisation Pon\u00e7age, brossage, finition des aciers normaux, des m\u00e9taux non-ferreux, des aciers inoxydables, carr\u00e9, rectangle, plat, angulairePi\u00e8ces en t\u00f4le et mouluresSatinage, \u00e9bavurage de pi\u00e8ces d\u00e9coup\u00e9es au laser, les pi\u00e8ces d\u00e9coup\u00e9es, les pi\u00e8ces \u00e9rod\u00e9es, des plaques d&#8217;embrayagePolissage pour pi\u00e8ces en Aluminium, laiton, acier inoxydable et pour les profils Montage Facile, conception modulaire fonctionnelleConstruction stable, fabrication solideToutes les pi\u00e8ces sont prot\u00e9g\u00e9es contre la corrosion par un vernis 2KCuve et boitier de la machine en acier inoxydableGarantie 20 ans contre la rouille Options Puissance\u2026<\/p>\n","category_list":"","author_info":{"name":"sschmitt","url":"https:\/\/loeser.createch-media.com\/fr\/author\/sschmitt\/"},"comments_num":"0 commentaire","yoast_head":"<!-- This site is optimized with the Yoast SEO plugin v20.3 - https:\/\/yoast.com\/wordpress\/plugins\/seo\/ -->\n<title>Ponceuse pour surface plane mod\u00e8le FS 384\/150-G1 - Loeser Schleifmaschinen<\/title>\n<meta name=\"robots\" content=\"noindex, follow, max-snippet:-1, max-image-preview:large, max-video-preview:-1\" \/>\n<meta property=\"og:locale\" content=\"fr_FR\" \/>\n<meta property=\"og:type\" content=\"article\" \/>\n<meta property=\"og:title\" content=\"Ponceuse pour surface plane mod\u00e8le FS 384\/150-G1 - Loeser Schleifmaschinen\" \/>\n<meta property=\"og:description\" content=\"Ponceuse pour surface plane mod\u00e8le FS 384\/150-G1 Utilisation Pon\u00e7age, brossage, finition des aciers normaux, des m\u00e9taux non-ferreux, des aciers inoxydables, carr\u00e9, rectangle, plat, angulaire Pi\u00e8ces en t\u00f4le et moulures Satinage, \u00e9bavurage de pi\u00e8ces d\u00e9coup\u00e9es au laser, les pi\u00e8ces d\u00e9coup\u00e9es, les pi\u00e8ces \u00e9rod\u00e9es, des plaques d&#8217;embrayage Polissage pour pi\u00e8ces en Aluminium, laiton, acier inoxydable et pour [&hellip;]\" \/>\n<meta property=\"og:url\" content=\"https:\/\/loeser.createch-media.com\/fr\/rubans\/loeser-ponceuse-pour-surface-plane\/ponceuse-pour-surface-plane-modele-fs-384-150-g1\/\" \/>\n<meta property=\"og:site_name\" content=\"Loeser Schleifmaschinen\" \/>\n<meta property=\"article:modified_time\" content=\"2023-06-06T12:09:30+00:00\" \/>\n<meta property=\"og:image\" content=\"https:\/\/loeser.createch-media.com\/wp-content\/uploads\/2023\/05\/csm_f2_05_66ad665edb.jpg\" \/>\n<meta name=\"twitter:card\" content=\"summary_large_image\" \/>\n<meta name=\"twitter:label1\" content=\"Dur\u00e9e de lecture estim\u00e9e\" \/>\n\t<meta name=\"twitter:data1\" content=\"2 minutes\" \/>\n<script type=\"application\/ld+json\" class=\"yoast-schema-graph\">{\"@context\":\"https:\/\/schema.org\",\"@graph\":[{\"@type\":\"WebPage\",\"@id\":\"https:\/\/loeser.createch-media.com\/fr\/rubans\/loeser-ponceuse-pour-surface-plane\/ponceuse-pour-surface-plane-modele-fs-384-150-g1\/\",\"url\":\"https:\/\/loeser.createch-media.com\/fr\/rubans\/loeser-ponceuse-pour-surface-plane\/ponceuse-pour-surface-plane-modele-fs-384-150-g1\/\",\"name\":\"Ponceuse pour surface plane mod\u00e8le FS 384\/150-G1 - Loeser Schleifmaschinen\",\"isPartOf\":{\"@id\":\"https:\/\/loeser.createch-media.com\/fr\/#website\"},\"datePublished\":\"2023-05-24T15:12:38+00:00\",\"dateModified\":\"2023-06-06T12:09:30+00:00\",\"breadcrumb\":{\"@id\":\"https:\/\/loeser.createch-media.com\/fr\/rubans\/loeser-ponceuse-pour-surface-plane\/ponceuse-pour-surface-plane-modele-fs-384-150-g1\/#breadcrumb\"},\"inLanguage\":\"fr-FR\",\"potentialAction\":[{\"@type\":\"ReadAction\",\"target\":[\"https:\/\/loeser.createch-media.com\/fr\/rubans\/loeser-ponceuse-pour-surface-plane\/ponceuse-pour-surface-plane-modele-fs-384-150-g1\/\"]}]},{\"@type\":\"BreadcrumbList\",\"@id\":\"https:\/\/loeser.createch-media.com\/fr\/rubans\/loeser-ponceuse-pour-surface-plane\/ponceuse-pour-surface-plane-modele-fs-384-150-g1\/#breadcrumb\",\"itemListElement\":[{\"@type\":\"ListItem\",\"position\":1,\"name\":\"Startseite\",\"item\":\"https:\/\/loeser.createch-media.com\/fr\/\"},{\"@type\":\"ListItem\",\"position\":2,\"name\":\"Ponceuse pour surface plane mod\u00e8le FS 384\/150-G1\"}]},{\"@type\":\"WebSite\",\"@id\":\"https:\/\/loeser.createch-media.com\/fr\/#website\",\"url\":\"https:\/\/loeser.createch-media.com\/fr\/\",\"name\":\"Loeser Schleifmaschinen\",\"description\":\"\",\"publisher\":{\"@id\":\"https:\/\/loeser.createch-media.com\/fr\/#organization\"},\"potentialAction\":[{\"@type\":\"SearchAction\",\"target\":{\"@type\":\"EntryPoint\",\"urlTemplate\":\"https:\/\/loeser.createch-media.com\/fr\/?s={search_term_string}\"},\"query-input\":\"required name=search_term_string\"}],\"inLanguage\":\"fr-FR\"},{\"@type\":\"Organization\",\"@id\":\"https:\/\/loeser.createch-media.com\/fr\/#organization\",\"name\":\"Loeser Schleifmaschinen\",\"url\":\"https:\/\/loeser.createch-media.com\/fr\/\",\"logo\":{\"@type\":\"ImageObject\",\"inLanguage\":\"fr-FR\",\"@id\":\"https:\/\/loeser.createch-media.com\/fr\/#\/schema\/logo\/image\/\",\"url\":\"https:\/\/loeser.createch-media.com\/wp-content\/uploads\/2023\/03\/cropped-loeser-logo-2023.jpg\",\"contentUrl\":\"https:\/\/loeser.createch-media.com\/wp-content\/uploads\/2023\/03\/cropped-loeser-logo-2023.jpg\",\"width\":500,\"height\":238,\"caption\":\"Loeser Schleifmaschinen\"},\"image\":{\"@id\":\"https:\/\/loeser.createch-media.com\/fr\/#\/schema\/logo\/image\/\"}}]}<\/script>\n<!-- \/ Yoast SEO plugin. -->","yoast_head_json":{"title":"Ponceuse pour surface plane mod\u00e8le FS 384\/150-G1 - Loeser Schleifmaschinen","robots":{"index":"noindex","follow":"follow","max-snippet":"max-snippet:-1","max-image-preview":"max-image-preview:large","max-video-preview":"max-video-preview:-1"},"og_locale":"fr_FR","og_type":"article","og_title":"Ponceuse pour surface plane mod\u00e8le FS 384\/150-G1 - Loeser Schleifmaschinen","og_description":"Ponceuse pour surface plane mod\u00e8le FS 384\/150-G1 Utilisation Pon\u00e7age, brossage, finition des aciers normaux, des m\u00e9taux non-ferreux, des aciers inoxydables, carr\u00e9, rectangle, plat, angulaire Pi\u00e8ces en t\u00f4le et moulures Satinage, \u00e9bavurage de pi\u00e8ces d\u00e9coup\u00e9es au laser, les pi\u00e8ces d\u00e9coup\u00e9es, les pi\u00e8ces \u00e9rod\u00e9es, des plaques d&#8217;embrayage Polissage pour pi\u00e8ces en Aluminium, laiton, acier inoxydable et pour [&hellip;]","og_url":"https:\/\/loeser.createch-media.com\/fr\/rubans\/loeser-ponceuse-pour-surface-plane\/ponceuse-pour-surface-plane-modele-fs-384-150-g1\/","og_site_name":"Loeser Schleifmaschinen","article_modified_time":"2023-06-06T12:09:30+00:00","og_image":[{"url":"https:\/\/loeser.createch-media.com\/wp-content\/uploads\/2023\/05\/csm_f2_05_66ad665edb.jpg"}],"twitter_card":"summary_large_image","twitter_misc":{"Dur\u00e9e de lecture estim\u00e9e":"2 minutes"},"schema":{"@context":"https:\/\/schema.org","@graph":[{"@type":"WebPage","@id":"https:\/\/loeser.createch-media.com\/fr\/rubans\/loeser-ponceuse-pour-surface-plane\/ponceuse-pour-surface-plane-modele-fs-384-150-g1\/","url":"https:\/\/loeser.createch-media.com\/fr\/rubans\/loeser-ponceuse-pour-surface-plane\/ponceuse-pour-surface-plane-modele-fs-384-150-g1\/","name":"Ponceuse pour surface plane mod\u00e8le FS 384\/150-G1 - Loeser Schleifmaschinen","isPartOf":{"@id":"https:\/\/loeser.createch-media.com\/fr\/#website"},"datePublished":"2023-05-24T15:12:38+00:00","dateModified":"2023-06-06T12:09:30+00:00","breadcrumb":{"@id":"https:\/\/loeser.createch-media.com\/fr\/rubans\/loeser-ponceuse-pour-surface-plane\/ponceuse-pour-surface-plane-modele-fs-384-150-g1\/#breadcrumb"},"inLanguage":"fr-FR","potentialAction":[{"@type":"ReadAction","target":["https:\/\/loeser.createch-media.com\/fr\/rubans\/loeser-ponceuse-pour-surface-plane\/ponceuse-pour-surface-plane-modele-fs-384-150-g1\/"]}]},{"@type":"BreadcrumbList","@id":"https:\/\/loeser.createch-media.com\/fr\/rubans\/loeser-ponceuse-pour-surface-plane\/ponceuse-pour-surface-plane-modele-fs-384-150-g1\/#breadcrumb","itemListElement":[{"@type":"ListItem","position":1,"name":"Startseite","item":"https:\/\/loeser.createch-media.com\/fr\/"},{"@type":"ListItem","position":2,"name":"Ponceuse pour surface plane mod\u00e8le FS 384\/150-G1"}]},{"@type":"WebSite","@id":"https:\/\/loeser.createch-media.com\/fr\/#website","url":"https:\/\/loeser.createch-media.com\/fr\/","name":"Loeser Schleifmaschinen","description":"","publisher":{"@id":"https:\/\/loeser.createch-media.com\/fr\/#organization"},"potentialAction":[{"@type":"SearchAction","target":{"@type":"EntryPoint","urlTemplate":"https:\/\/loeser.createch-media.com\/fr\/?s={search_term_string}"},"query-input":"required name=search_term_string"}],"inLanguage":"fr-FR"},{"@type":"Organization","@id":"https:\/\/loeser.createch-media.com\/fr\/#organization","name":"Loeser Schleifmaschinen","url":"https:\/\/loeser.createch-media.com\/fr\/","logo":{"@type":"ImageObject","inLanguage":"fr-FR","@id":"https:\/\/loeser.createch-media.com\/fr\/#\/schema\/logo\/image\/","url":"https:\/\/loeser.createch-media.com\/wp-content\/uploads\/2023\/03\/cropped-loeser-logo-2023.jpg","contentUrl":"https:\/\/loeser.createch-media.com\/wp-content\/uploads\/2023\/03\/cropped-loeser-logo-2023.jpg","width":500,"height":238,"caption":"Loeser Schleifmaschinen"},"image":{"@id":"https:\/\/loeser.createch-media.com\/fr\/#\/schema\/logo\/image\/"}}]}},"_links":{"self":[{"href":"https:\/\/loeser.createch-media.com\/fr\/wp-json\/wp\/v2\/pages\/11042","targetHints":{"allow":["GET"]}}],"collection":[{"href":"https:\/\/loeser.createch-media.com\/fr\/wp-json\/wp\/v2\/pages"}],"about":[{"href":"https:\/\/loeser.createch-media.com\/fr\/wp-json\/wp\/v2\/types\/page"}],"author":[{"embeddable":true,"href":"https:\/\/loeser.createch-media.com\/fr\/wp-json\/wp\/v2\/users\/1"}],"replies":[{"embeddable":true,"href":"https:\/\/loeser.createch-media.com\/fr\/wp-json\/wp\/v2\/comments?post=11042"}],"version-history":[{"count":1,"href":"https:\/\/loeser.createch-media.com\/fr\/wp-json\/wp\/v2\/pages\/11042\/revisions"}],"predecessor-version":[{"id":11045,"href":"https:\/\/loeser.createch-media.com\/fr\/wp-json\/wp\/v2\/pages\/11042\/revisions\/11045"}],"up":[{"embeddable":true,"href":"https:\/\/loeser.createch-media.com\/fr\/wp-json\/wp\/v2\/pages\/11047"}],"wp:attachment":[{"href":"https:\/\/loeser.createch-media.com\/fr\/wp-json\/wp\/v2\/media?parent=11042"}],"curies":[{"name":"wp","href":"https:\/\/api.w.org\/{rel}","templated":true}]}}