{"id":11047,"date":"2023-04-18T14:17:50","date_gmt":"2023-04-18T12:17:50","guid":{"rendered":"https:\/\/loeser.createch-media.com\/?page_id=11047"},"modified":"2023-06-06T14:13:17","modified_gmt":"2023-06-06T12:13:17","slug":"loeser-ponceuse-pour-surface-plane","status":"publish","type":"page","link":"https:\/\/loeser.createch-media.com\/fr\/rubans\/loeser-ponceuse-pour-surface-plane\/","title":{"rendered":"Loeser Ponceuse pour surface plane"},"content":{"rendered":"\n<h1 class=\"wp-block-heading\">Ponceuse pour surface plane<\/h1>\n\n\n\n<p class=\"has-text-align-center has-normal-font-size\">Nos mod\u00e8les vous offrent une vari\u00e9t\u00e9 d&rsquo;options.<\/p>\n\n\n\n<div class=\"wp-block-stackable-columns stk-block-columns stk-block stk-541423f\" data-block-id=\"541423f\"><div class=\"stk-row stk-inner-blocks stk-block-content stk-content-align stk-541423f-column\">\n<div class=\"wp-block-stackable-column stk-block-column stk-block-column--v3 stk-column stk-block-column--v2 stk-block stk-d2bc049\" data-block-id=\"d2bc049\"><div class=\"stk-column-wrapper stk-block-column__content stk-container stk-d2bc049-container stk--no-background stk--no-padding\"><div class=\"stk-block-content stk-inner-blocks stk-d2bc049-inner-blocks\">\n<div class=\"wp-block-stackable-card stk-block-card stk-block stk-cdf899b is-style-default\" data-block-id=\"cdf899b\"><style>.stk-cdf899b .stk-block-card__image img{transform:scale(0.9) !important;object-fit:none !important}<\/style><div class=\"stk--no-padding stk-container stk-cdf899b-container stk-hover-parent\"><figure class=\"stk-block-card__image stk-img-wrapper stk-image--shape-stretch\"><img loading=\"lazy\" decoding=\"async\" class=\"stk-img wp-image-10096\" src=\"https:\/\/loeser.createch-media.com\/wp-content\/uploads\/2023\/05\/csm_f2_05_66ad665edb-1-279x300.jpg\" width=\"279\" height=\"300\" alt=\"Flachschleifmaschine Modell FS 384\/150-G1\" srcset=\"https:\/\/loeser.createch-media.com\/wp-content\/uploads\/2023\/05\/csm_f2_05_66ad665edb-1-279x300.jpg 279w, https:\/\/loeser.createch-media.com\/wp-content\/uploads\/2023\/05\/csm_f2_05_66ad665edb-1.jpg 558w\" sizes=\"auto, (max-width: 279px) 100vw, 279px\" \/><\/figure><div class=\"stk-container-padding stk-block-card__content\"><div class=\"stk-block-content stk-inner-blocks\">\n<div class=\"wp-block-stackable-heading stk-block-heading stk-block-heading--v2 stk-block stk-23c2216\" id=\"a-href-https-loeser-createch-media-com-fr-ponceuse-pour-surface-plane-modele-fs-384-150-g-1-ponceuse-pour-surface-plane-modele-fs-384-150-g-1-a\" data-block-id=\"23c2216\"><h4 class=\"stk-block-heading__text\"><a href=\"https:\/\/loeser.createch-media.com\/fr\/ponceuse-pour-surface-plane-modele-fs-384-150-g1\/\">Ponceuse pour surface plane mod\u00e8le FS 384\/150-G1<\/a><\/h4><\/div>\n<\/div><\/div><a class=\"stk-link stk-block-link stk--transparent-overlay\" href=\"https:\/\/loeser.createch-media.com\/fr\/ponceuse-pour-surface-plane-modele-fs-384-150-g1\/\" aria-hidden=\"true\" tabindex=\"-1\"><\/a><\/div><\/div>\n<\/div><\/div><\/div>\n\n\n\n<div class=\"wp-block-stackable-column stk-block-column stk-block-column--v3 stk-column stk-block-column--v2 stk-block stk-2ddd046\" data-block-id=\"2ddd046\"><div class=\"stk-column-wrapper stk-block-column__content stk-container stk-2ddd046-container stk--no-background stk--no-padding\"><div class=\"stk-block-content stk-inner-blocks stk-2ddd046-inner-blocks\"><\/div><\/div><\/div>\n\n\n\n<div class=\"wp-block-stackable-column stk-block-column stk-block-column--v3 stk-column stk-block-column--v2 stk-block stk-5f77657\" data-block-id=\"5f77657\"><div class=\"stk-column-wrapper stk-block-column__content stk-container stk-5f77657-container stk--no-background stk--no-padding\"><div class=\"stk-block-content stk-inner-blocks stk-5f77657-inner-blocks\"><\/div><\/div><\/div>\n\n\n\n<div class=\"wp-block-stackable-column stk-block-column stk-block-column--v3 stk-column stk-block-column--v2 stk-block stk-90e1e4d\" data-block-id=\"90e1e4d\"><div class=\"stk-column-wrapper stk-block-column__content stk-container stk-90e1e4d-container stk--no-background stk--no-padding\"><div class=\"stk-block-content stk-inner-blocks stk-90e1e4d-inner-blocks\"><\/div><\/div><\/div>\n<\/div><\/div>\n","protected":false},"excerpt":{"rendered":"<p>Ponceuse pour surface plane Nos mod\u00e8les vous offrent une vari\u00e9t\u00e9 d&rsquo;options. Ponceuse pour surface plane mod\u00e8le FS 384\/150-G1<\/p>\n","protected":false},"author":1,"featured_media":0,"parent":10624,"menu_order":5,"comment_status":"closed","ping_status":"closed","template":"templates\/template-full-width.php","meta":{"pgc_sgb_lightbox_settings":"","footnotes":""},"class_list":["post-11047","page","type-page","status-publish","hentry"],"featured_image_urls":{"full":"","thumbnail":"","medium":"","medium_large":"","large":"","1536x1536":"","2048x2048":"","post-thumbnail":"","twentytwenty-fullscreen":""},"post_excerpt_stackable":"<p>Ponceuse pour surface plane Nos mod\u00e8les vous offrent une vari\u00e9t\u00e9 d&rsquo;options. Ponceuse pour surface plane mod\u00e8le FS 384\/150-G1<\/p>\n","category_list":"","author_info":{"name":"sschmitt","url":"https:\/\/loeser.createch-media.com\/fr\/author\/sschmitt\/"},"comments_num":"0 commentaire","yoast_head":"<!-- This site is optimized with the Yoast SEO plugin v20.3 - https:\/\/yoast.com\/wordpress\/plugins\/seo\/ -->\n<title>Loeser Ponceuse pour surface plane - Loeser Schleifmaschinen<\/title>\n<meta name=\"robots\" content=\"noindex, follow, max-snippet:-1, max-image-preview:large, max-video-preview:-1\" \/>\n<meta property=\"og:locale\" content=\"fr_FR\" \/>\n<meta property=\"og:type\" content=\"article\" \/>\n<meta property=\"og:title\" content=\"Loeser Ponceuse pour surface plane - Loeser Schleifmaschinen\" \/>\n<meta property=\"og:description\" content=\"Ponceuse pour surface plane Nos mod\u00e8les vous offrent une vari\u00e9t\u00e9 d&rsquo;options. Ponceuse pour surface plane mod\u00e8le FS 384\/150-G1\" \/>\n<meta property=\"og:url\" content=\"https:\/\/loeser.createch-media.com\/fr\/rubans\/loeser-ponceuse-pour-surface-plane\/\" \/>\n<meta property=\"og:site_name\" content=\"Loeser Schleifmaschinen\" \/>\n<meta property=\"article:modified_time\" content=\"2023-06-06T12:13:17+00:00\" \/>\n<meta property=\"og:image\" content=\"https:\/\/loeser.createch-media.com\/wp-content\/uploads\/2023\/05\/csm_f2_05_66ad665edb-1-279x300.jpg\" \/>\n<meta name=\"twitter:card\" content=\"summary_large_image\" \/>\n<meta name=\"twitter:label1\" content=\"Dur\u00e9e de lecture estim\u00e9e\" \/>\n\t<meta name=\"twitter:data1\" content=\"1 minute\" \/>\n<script type=\"application\/ld+json\" class=\"yoast-schema-graph\">{\"@context\":\"https:\/\/schema.org\",\"@graph\":[{\"@type\":\"WebPage\",\"@id\":\"https:\/\/loeser.createch-media.com\/fr\/rubans\/loeser-ponceuse-pour-surface-plane\/\",\"url\":\"https:\/\/loeser.createch-media.com\/fr\/rubans\/loeser-ponceuse-pour-surface-plane\/\",\"name\":\"Loeser Ponceuse pour surface plane - Loeser Schleifmaschinen\",\"isPartOf\":{\"@id\":\"https:\/\/loeser.createch-media.com\/fr\/#website\"},\"datePublished\":\"2023-04-18T12:17:50+00:00\",\"dateModified\":\"2023-06-06T12:13:17+00:00\",\"breadcrumb\":{\"@id\":\"https:\/\/loeser.createch-media.com\/fr\/rubans\/loeser-ponceuse-pour-surface-plane\/#breadcrumb\"},\"inLanguage\":\"fr-FR\",\"potentialAction\":[{\"@type\":\"ReadAction\",\"target\":[\"https:\/\/loeser.createch-media.com\/fr\/rubans\/loeser-ponceuse-pour-surface-plane\/\"]}]},{\"@type\":\"BreadcrumbList\",\"@id\":\"https:\/\/loeser.createch-media.com\/fr\/rubans\/loeser-ponceuse-pour-surface-plane\/#breadcrumb\",\"itemListElement\":[{\"@type\":\"ListItem\",\"position\":1,\"name\":\"Startseite\",\"item\":\"https:\/\/loeser.createch-media.com\/fr\/\"},{\"@type\":\"ListItem\",\"position\":2,\"name\":\"Rubans\",\"item\":\"https:\/\/loeser.createch-media.com\/fr\/rubans\/\"},{\"@type\":\"ListItem\",\"position\":3,\"name\":\"Loeser Ponceuse pour surface plane\"}]},{\"@type\":\"WebSite\",\"@id\":\"https:\/\/loeser.createch-media.com\/fr\/#website\",\"url\":\"https:\/\/loeser.createch-media.com\/fr\/\",\"name\":\"Loeser Schleifmaschinen\",\"description\":\"\",\"publisher\":{\"@id\":\"https:\/\/loeser.createch-media.com\/fr\/#organization\"},\"potentialAction\":[{\"@type\":\"SearchAction\",\"target\":{\"@type\":\"EntryPoint\",\"urlTemplate\":\"https:\/\/loeser.createch-media.com\/fr\/?s={search_term_string}\"},\"query-input\":\"required name=search_term_string\"}],\"inLanguage\":\"fr-FR\"},{\"@type\":\"Organization\",\"@id\":\"https:\/\/loeser.createch-media.com\/fr\/#organization\",\"name\":\"Loeser Schleifmaschinen\",\"url\":\"https:\/\/loeser.createch-media.com\/fr\/\",\"logo\":{\"@type\":\"ImageObject\",\"inLanguage\":\"fr-FR\",\"@id\":\"https:\/\/loeser.createch-media.com\/fr\/#\/schema\/logo\/image\/\",\"url\":\"https:\/\/loeser.createch-media.com\/wp-content\/uploads\/2023\/03\/cropped-loeser-logo-2023.jpg\",\"contentUrl\":\"https:\/\/loeser.createch-media.com\/wp-content\/uploads\/2023\/03\/cropped-loeser-logo-2023.jpg\",\"width\":500,\"height\":238,\"caption\":\"Loeser Schleifmaschinen\"},\"image\":{\"@id\":\"https:\/\/loeser.createch-media.com\/fr\/#\/schema\/logo\/image\/\"}}]}<\/script>\n<!-- \/ Yoast SEO plugin. -->","yoast_head_json":{"title":"Loeser Ponceuse pour surface plane - Loeser Schleifmaschinen","robots":{"index":"noindex","follow":"follow","max-snippet":"max-snippet:-1","max-image-preview":"max-image-preview:large","max-video-preview":"max-video-preview:-1"},"og_locale":"fr_FR","og_type":"article","og_title":"Loeser Ponceuse pour surface plane - Loeser Schleifmaschinen","og_description":"Ponceuse pour surface plane Nos mod\u00e8les vous offrent une vari\u00e9t\u00e9 d&rsquo;options. Ponceuse pour surface plane mod\u00e8le FS 384\/150-G1","og_url":"https:\/\/loeser.createch-media.com\/fr\/rubans\/loeser-ponceuse-pour-surface-plane\/","og_site_name":"Loeser Schleifmaschinen","article_modified_time":"2023-06-06T12:13:17+00:00","og_image":[{"url":"https:\/\/loeser.createch-media.com\/wp-content\/uploads\/2023\/05\/csm_f2_05_66ad665edb-1-279x300.jpg"}],"twitter_card":"summary_large_image","twitter_misc":{"Dur\u00e9e de lecture estim\u00e9e":"1 minute"},"schema":{"@context":"https:\/\/schema.org","@graph":[{"@type":"WebPage","@id":"https:\/\/loeser.createch-media.com\/fr\/rubans\/loeser-ponceuse-pour-surface-plane\/","url":"https:\/\/loeser.createch-media.com\/fr\/rubans\/loeser-ponceuse-pour-surface-plane\/","name":"Loeser Ponceuse pour surface plane - Loeser Schleifmaschinen","isPartOf":{"@id":"https:\/\/loeser.createch-media.com\/fr\/#website"},"datePublished":"2023-04-18T12:17:50+00:00","dateModified":"2023-06-06T12:13:17+00:00","breadcrumb":{"@id":"https:\/\/loeser.createch-media.com\/fr\/rubans\/loeser-ponceuse-pour-surface-plane\/#breadcrumb"},"inLanguage":"fr-FR","potentialAction":[{"@type":"ReadAction","target":["https:\/\/loeser.createch-media.com\/fr\/rubans\/loeser-ponceuse-pour-surface-plane\/"]}]},{"@type":"BreadcrumbList","@id":"https:\/\/loeser.createch-media.com\/fr\/rubans\/loeser-ponceuse-pour-surface-plane\/#breadcrumb","itemListElement":[{"@type":"ListItem","position":1,"name":"Startseite","item":"https:\/\/loeser.createch-media.com\/fr\/"},{"@type":"ListItem","position":2,"name":"Rubans","item":"https:\/\/loeser.createch-media.com\/fr\/rubans\/"},{"@type":"ListItem","position":3,"name":"Loeser Ponceuse pour surface plane"}]},{"@type":"WebSite","@id":"https:\/\/loeser.createch-media.com\/fr\/#website","url":"https:\/\/loeser.createch-media.com\/fr\/","name":"Loeser Schleifmaschinen","description":"","publisher":{"@id":"https:\/\/loeser.createch-media.com\/fr\/#organization"},"potentialAction":[{"@type":"SearchAction","target":{"@type":"EntryPoint","urlTemplate":"https:\/\/loeser.createch-media.com\/fr\/?s={search_term_string}"},"query-input":"required name=search_term_string"}],"inLanguage":"fr-FR"},{"@type":"Organization","@id":"https:\/\/loeser.createch-media.com\/fr\/#organization","name":"Loeser Schleifmaschinen","url":"https:\/\/loeser.createch-media.com\/fr\/","logo":{"@type":"ImageObject","inLanguage":"fr-FR","@id":"https:\/\/loeser.createch-media.com\/fr\/#\/schema\/logo\/image\/","url":"https:\/\/loeser.createch-media.com\/wp-content\/uploads\/2023\/03\/cropped-loeser-logo-2023.jpg","contentUrl":"https:\/\/loeser.createch-media.com\/wp-content\/uploads\/2023\/03\/cropped-loeser-logo-2023.jpg","width":500,"height":238,"caption":"Loeser Schleifmaschinen"},"image":{"@id":"https:\/\/loeser.createch-media.com\/fr\/#\/schema\/logo\/image\/"}}]}},"_links":{"self":[{"href":"https:\/\/loeser.createch-media.com\/fr\/wp-json\/wp\/v2\/pages\/11047","targetHints":{"allow":["GET"]}}],"collection":[{"href":"https:\/\/loeser.createch-media.com\/fr\/wp-json\/wp\/v2\/pages"}],"about":[{"href":"https:\/\/loeser.createch-media.com\/fr\/wp-json\/wp\/v2\/types\/page"}],"author":[{"embeddable":true,"href":"https:\/\/loeser.createch-media.com\/fr\/wp-json\/wp\/v2\/users\/1"}],"replies":[{"embeddable":true,"href":"https:\/\/loeser.createch-media.com\/fr\/wp-json\/wp\/v2\/comments?post=11047"}],"version-history":[{"count":1,"href":"https:\/\/loeser.createch-media.com\/fr\/wp-json\/wp\/v2\/pages\/11047\/revisions"}],"predecessor-version":[{"id":11050,"href":"https:\/\/loeser.createch-media.com\/fr\/wp-json\/wp\/v2\/pages\/11047\/revisions\/11050"}],"up":[{"embeddable":true,"href":"https:\/\/loeser.createch-media.com\/fr\/wp-json\/wp\/v2\/pages\/10624"}],"wp:attachment":[{"href":"https:\/\/loeser.createch-media.com\/fr\/wp-json\/wp\/v2\/media?parent=11047"}],"curies":[{"name":"wp","href":"https:\/\/api.w.org\/{rel}","templated":true}]}}