{"id":12306,"date":"2023-04-05T14:11:27","date_gmt":"2023-04-05T12:11:27","guid":{"rendered":"https:\/\/loeser.createch-media.com\/?page_id=12306"},"modified":"2023-06-12T14:00:01","modified_gmt":"2023-06-12T12:00:01","slug":"imprimer","status":"publish","type":"page","link":"https:\/\/loeser.createch-media.com\/fr\/imprimer\/","title":{"rendered":"Imprimer"},"content":{"rendered":"\n<h1 class=\"wp-block-heading has-text-align-center\">Imprimer<\/h1>\n\n\n\n<div class=\"wp-block-stackable-columns stk-block-columns stk-block stk-92e7a8a\" data-block-id=\"92e7a8a\"><div class=\"stk-row stk-inner-blocks stk-block-content stk-content-align stk-92e7a8a-column\">\n<div class=\"wp-block-stackable-column stk-block-column stk-block-column--v3 stk-column stk-block-column--v2 stk-block stk-888984d\" data-block-id=\"888984d\"><div class=\"stk-column-wrapper stk-block-column__content stk-container stk-888984d-container stk--no-background stk--no-padding\"><div class=\"stk-block-content stk-inner-blocks stk-888984d-inner-blocks\">\n<h2 class=\"wp-block-heading\">Selon \u00a7 5 TMG :<\/h2>\n<\/div><\/div><\/div>\n<\/div><\/div>\n\n\n\n<p><strong>Waldemar Loeser GmbH &amp; Co. KG<\/strong><\/p>\n\n\n\n<p>Siemensstr. 9<br>67346 Speyer<\/p>\n\n\n\n<p>T\u00e9l\u00e9phone 06232 87593-0<br>T\u00e9l\u00e9copie 06232 87593-10<\/p>\n\n\n\n<p>E-mail : info(at)wloeser.com<br>Internet : www.wloeser.com<\/p>\n\n\n\n<p><strong>Directeur g\u00e9n\u00e9ral : <\/strong>Thomas L\u00f6ser<\/p>\n\n\n\n<p>Tribunal d&rsquo;enregistrement : tribunal de district de Ludwigshafen<br>Num\u00e9ro d&rsquo;enregistrement : HR A 1617<\/p>\n\n\n\n<p>Num\u00e9ro d&rsquo;identification fiscale : DE 811600448<\/p>\n\n\n\n<p>Cette mention s&rsquo;applique \u00e9galement \u00e0 notre pr\u00e9sence sur Facebook \u00e0 l&rsquo;adresse https:\/\/www.facebook.com\/wloeserkg<\/p>\n\n\n\n<div style=\"height:1px\" aria-hidden=\"true\" class=\"wp-block-spacer\"><\/div>\n\n\n\n<h2 class=\"wp-block-heading\">Images utilis\u00e9es<\/h2>\n\n\n\n<p>2966189 &#8211; schaufeln einer turbine eines flugzeugs, Startseite (Header &#8211; Bild Turbine), \u00a9 fotolium &#8211; Fotolia.com<\/p>\n\n\n\n<p>54113901 &#8211; Metal Pipes, Startseite (Header &#8211; Bild Rohre), \u00a9 md3d &#8211; Fotolia.com<\/p>\n","protected":false},"excerpt":{"rendered":"<p>Imprimer Selon \u00a7 5 TMG : Waldemar Loeser GmbH &amp; Co. KG Siemensstr. 967346 Speyer T\u00e9l\u00e9phone 06232 87593-0T\u00e9l\u00e9copie 06232 87593-10 E-mail : info(at)wloeser.comInternet : www.wloeser.com Directeur g\u00e9n\u00e9ral : Thomas L\u00f6ser Tribunal d&rsquo;enregistrement : tribunal de district de LudwigshafenNum\u00e9ro d&rsquo;enregistrement : HR A 1617 Num\u00e9ro d&rsquo;identification fiscale : DE 811600448 Cette mention s&rsquo;applique \u00e9galement \u00e0 notre [&hellip;]<\/p>\n","protected":false},"author":1,"featured_media":0,"parent":0,"menu_order":0,"comment_status":"closed","ping_status":"closed","template":"templates\/template-full-width.php","meta":{"pgc_sgb_lightbox_settings":"","footnotes":""},"class_list":["post-12306","page","type-page","status-publish","hentry"],"featured_image_urls":{"full":"","thumbnail":"","medium":"","medium_large":"","large":"","1536x1536":"","2048x2048":"","post-thumbnail":"","twentytwenty-fullscreen":""},"post_excerpt_stackable":"<p>Imprimer Selon \u00a7 5 TMG : Waldemar Loeser GmbH &amp; Co. KG Siemensstr. 967346 Speyer T\u00e9l\u00e9phone 06232 87593-0T\u00e9l\u00e9copie 06232 87593-10 E-mail : info(at)wloeser.comInternet : www.wloeser.com Directeur g\u00e9n\u00e9ral : Thomas L\u00f6ser Tribunal d&rsquo;enregistrement : tribunal de district de LudwigshafenNum\u00e9ro d&rsquo;enregistrement : HR A 1617 Num\u00e9ro d&rsquo;identification fiscale : DE 811600448 Cette mention s&rsquo;applique \u00e9galement \u00e0 notre pr\u00e9sence sur Facebook \u00e0 l&rsquo;adresse https:\/\/www.facebook.com\/wloeserkg Images utilis\u00e9es 2966189 &#8211; schaufeln einer turbine eines flugzeugs, Startseite (Header &#8211; Bild Turbine), \u00a9 fotolium &#8211; Fotolia.com 54113901 &#8211; Metal Pipes, Startseite (Header &#8211; Bild Rohre), \u00a9 md3d &#8211; Fotolia.com<\/p>\n","category_list":"","author_info":{"name":"sschmitt","url":"https:\/\/loeser.createch-media.com\/fr\/author\/sschmitt\/"},"comments_num":"0 commentaire","yoast_head":"<!-- This site is optimized with the Yoast SEO plugin v20.3 - https:\/\/yoast.com\/wordpress\/plugins\/seo\/ -->\n<title>Imprimer - Loeser Schleifmaschinen<\/title>\n<meta name=\"robots\" content=\"noindex, follow, max-snippet:-1, max-image-preview:large, max-video-preview:-1\" \/>\n<meta property=\"og:locale\" content=\"fr_FR\" \/>\n<meta property=\"og:type\" content=\"article\" \/>\n<meta property=\"og:title\" content=\"Imprimer - Loeser Schleifmaschinen\" \/>\n<meta property=\"og:description\" content=\"Imprimer Selon \u00a7 5 TMG : Waldemar Loeser GmbH &amp; Co. KG Siemensstr. 967346 Speyer T\u00e9l\u00e9phone 06232 87593-0T\u00e9l\u00e9copie 06232 87593-10 E-mail : info(at)wloeser.comInternet : www.wloeser.com Directeur g\u00e9n\u00e9ral : Thomas L\u00f6ser Tribunal d&rsquo;enregistrement : tribunal de district de LudwigshafenNum\u00e9ro d&rsquo;enregistrement : HR A 1617 Num\u00e9ro d&rsquo;identification fiscale : DE 811600448 Cette mention s&rsquo;applique \u00e9galement \u00e0 notre [&hellip;]\" \/>\n<meta property=\"og:url\" content=\"https:\/\/loeser.createch-media.com\/fr\/imprimer\/\" \/>\n<meta property=\"og:site_name\" content=\"Loeser Schleifmaschinen\" \/>\n<meta property=\"article:modified_time\" content=\"2023-06-12T12:00:01+00:00\" \/>\n<meta name=\"twitter:card\" content=\"summary_large_image\" \/>\n<meta name=\"twitter:label1\" content=\"Dur\u00e9e de lecture estim\u00e9e\" \/>\n\t<meta name=\"twitter:data1\" content=\"1 minute\" \/>\n<script type=\"application\/ld+json\" class=\"yoast-schema-graph\">{\"@context\":\"https:\/\/schema.org\",\"@graph\":[{\"@type\":\"WebPage\",\"@id\":\"https:\/\/loeser.createch-media.com\/fr\/imprimer\/\",\"url\":\"https:\/\/loeser.createch-media.com\/fr\/imprimer\/\",\"name\":\"Imprimer - Loeser Schleifmaschinen\",\"isPartOf\":{\"@id\":\"https:\/\/loeser.createch-media.com\/fr\/#website\"},\"datePublished\":\"2023-04-05T12:11:27+00:00\",\"dateModified\":\"2023-06-12T12:00:01+00:00\",\"breadcrumb\":{\"@id\":\"https:\/\/loeser.createch-media.com\/fr\/imprimer\/#breadcrumb\"},\"inLanguage\":\"fr-FR\",\"potentialAction\":[{\"@type\":\"ReadAction\",\"target\":[\"https:\/\/loeser.createch-media.com\/fr\/imprimer\/\"]}]},{\"@type\":\"BreadcrumbList\",\"@id\":\"https:\/\/loeser.createch-media.com\/fr\/imprimer\/#breadcrumb\",\"itemListElement\":[{\"@type\":\"ListItem\",\"position\":1,\"name\":\"Startseite\",\"item\":\"https:\/\/loeser.createch-media.com\/fr\/\"},{\"@type\":\"ListItem\",\"position\":2,\"name\":\"Imprimer\"}]},{\"@type\":\"WebSite\",\"@id\":\"https:\/\/loeser.createch-media.com\/fr\/#website\",\"url\":\"https:\/\/loeser.createch-media.com\/fr\/\",\"name\":\"Loeser Schleifmaschinen\",\"description\":\"\",\"publisher\":{\"@id\":\"https:\/\/loeser.createch-media.com\/fr\/#organization\"},\"potentialAction\":[{\"@type\":\"SearchAction\",\"target\":{\"@type\":\"EntryPoint\",\"urlTemplate\":\"https:\/\/loeser.createch-media.com\/fr\/?s={search_term_string}\"},\"query-input\":\"required name=search_term_string\"}],\"inLanguage\":\"fr-FR\"},{\"@type\":\"Organization\",\"@id\":\"https:\/\/loeser.createch-media.com\/fr\/#organization\",\"name\":\"Loeser Schleifmaschinen\",\"url\":\"https:\/\/loeser.createch-media.com\/fr\/\",\"logo\":{\"@type\":\"ImageObject\",\"inLanguage\":\"fr-FR\",\"@id\":\"https:\/\/loeser.createch-media.com\/fr\/#\/schema\/logo\/image\/\",\"url\":\"https:\/\/loeser.createch-media.com\/wp-content\/uploads\/2023\/03\/cropped-loeser-logo-2023.jpg\",\"contentUrl\":\"https:\/\/loeser.createch-media.com\/wp-content\/uploads\/2023\/03\/cropped-loeser-logo-2023.jpg\",\"width\":500,\"height\":238,\"caption\":\"Loeser Schleifmaschinen\"},\"image\":{\"@id\":\"https:\/\/loeser.createch-media.com\/fr\/#\/schema\/logo\/image\/\"}}]}<\/script>\n<!-- \/ Yoast SEO plugin. -->","yoast_head_json":{"title":"Imprimer - Loeser Schleifmaschinen","robots":{"index":"noindex","follow":"follow","max-snippet":"max-snippet:-1","max-image-preview":"max-image-preview:large","max-video-preview":"max-video-preview:-1"},"og_locale":"fr_FR","og_type":"article","og_title":"Imprimer - Loeser Schleifmaschinen","og_description":"Imprimer Selon \u00a7 5 TMG : Waldemar Loeser GmbH &amp; Co. KG Siemensstr. 967346 Speyer T\u00e9l\u00e9phone 06232 87593-0T\u00e9l\u00e9copie 06232 87593-10 E-mail : info(at)wloeser.comInternet : www.wloeser.com Directeur g\u00e9n\u00e9ral : Thomas L\u00f6ser Tribunal d&rsquo;enregistrement : tribunal de district de LudwigshafenNum\u00e9ro d&rsquo;enregistrement : HR A 1617 Num\u00e9ro d&rsquo;identification fiscale : DE 811600448 Cette mention s&rsquo;applique \u00e9galement \u00e0 notre [&hellip;]","og_url":"https:\/\/loeser.createch-media.com\/fr\/imprimer\/","og_site_name":"Loeser Schleifmaschinen","article_modified_time":"2023-06-12T12:00:01+00:00","twitter_card":"summary_large_image","twitter_misc":{"Dur\u00e9e de lecture estim\u00e9e":"1 minute"},"schema":{"@context":"https:\/\/schema.org","@graph":[{"@type":"WebPage","@id":"https:\/\/loeser.createch-media.com\/fr\/imprimer\/","url":"https:\/\/loeser.createch-media.com\/fr\/imprimer\/","name":"Imprimer - Loeser Schleifmaschinen","isPartOf":{"@id":"https:\/\/loeser.createch-media.com\/fr\/#website"},"datePublished":"2023-04-05T12:11:27+00:00","dateModified":"2023-06-12T12:00:01+00:00","breadcrumb":{"@id":"https:\/\/loeser.createch-media.com\/fr\/imprimer\/#breadcrumb"},"inLanguage":"fr-FR","potentialAction":[{"@type":"ReadAction","target":["https:\/\/loeser.createch-media.com\/fr\/imprimer\/"]}]},{"@type":"BreadcrumbList","@id":"https:\/\/loeser.createch-media.com\/fr\/imprimer\/#breadcrumb","itemListElement":[{"@type":"ListItem","position":1,"name":"Startseite","item":"https:\/\/loeser.createch-media.com\/fr\/"},{"@type":"ListItem","position":2,"name":"Imprimer"}]},{"@type":"WebSite","@id":"https:\/\/loeser.createch-media.com\/fr\/#website","url":"https:\/\/loeser.createch-media.com\/fr\/","name":"Loeser Schleifmaschinen","description":"","publisher":{"@id":"https:\/\/loeser.createch-media.com\/fr\/#organization"},"potentialAction":[{"@type":"SearchAction","target":{"@type":"EntryPoint","urlTemplate":"https:\/\/loeser.createch-media.com\/fr\/?s={search_term_string}"},"query-input":"required name=search_term_string"}],"inLanguage":"fr-FR"},{"@type":"Organization","@id":"https:\/\/loeser.createch-media.com\/fr\/#organization","name":"Loeser Schleifmaschinen","url":"https:\/\/loeser.createch-media.com\/fr\/","logo":{"@type":"ImageObject","inLanguage":"fr-FR","@id":"https:\/\/loeser.createch-media.com\/fr\/#\/schema\/logo\/image\/","url":"https:\/\/loeser.createch-media.com\/wp-content\/uploads\/2023\/03\/cropped-loeser-logo-2023.jpg","contentUrl":"https:\/\/loeser.createch-media.com\/wp-content\/uploads\/2023\/03\/cropped-loeser-logo-2023.jpg","width":500,"height":238,"caption":"Loeser Schleifmaschinen"},"image":{"@id":"https:\/\/loeser.createch-media.com\/fr\/#\/schema\/logo\/image\/"}}]}},"_links":{"self":[{"href":"https:\/\/loeser.createch-media.com\/fr\/wp-json\/wp\/v2\/pages\/12306","targetHints":{"allow":["GET"]}}],"collection":[{"href":"https:\/\/loeser.createch-media.com\/fr\/wp-json\/wp\/v2\/pages"}],"about":[{"href":"https:\/\/loeser.createch-media.com\/fr\/wp-json\/wp\/v2\/types\/page"}],"author":[{"embeddable":true,"href":"https:\/\/loeser.createch-media.com\/fr\/wp-json\/wp\/v2\/users\/1"}],"replies":[{"embeddable":true,"href":"https:\/\/loeser.createch-media.com\/fr\/wp-json\/wp\/v2\/comments?post=12306"}],"version-history":[{"count":1,"href":"https:\/\/loeser.createch-media.com\/fr\/wp-json\/wp\/v2\/pages\/12306\/revisions"}],"predecessor-version":[{"id":12309,"href":"https:\/\/loeser.createch-media.com\/fr\/wp-json\/wp\/v2\/pages\/12306\/revisions\/12309"}],"wp:attachment":[{"href":"https:\/\/loeser.createch-media.com\/fr\/wp-json\/wp\/v2\/media?parent=12306"}],"curies":[{"name":"wp","href":"https:\/\/api.w.org\/{rel}","templated":true}]}}