{"id":7352,"date":"2023-04-17T10:29:50","date_gmt":"2023-04-17T08:29:50","guid":{"rendered":"https:\/\/loeser.createch-media.com\/?page_id=7352"},"modified":"2023-06-01T13:10:38","modified_gmt":"2023-06-01T11:10:38","slug":"ponceuse-a-bande-abrasive-15002","status":"publish","type":"page","link":"https:\/\/loeser.createch-media.com\/fr\/rubans\/ponceuses-a-bande-abrasive\/ponceuse-a-bande-abrasive-15002\/","title":{"rendered":"Ponceuse \u00e0 bande abrasive 15002"},"content":{"rendered":"<nav class=\"is-responsive wp-block-navigation is-layout-flex wp-block-navigation-is-layout-flex\" aria-label=\"Navigation\" \n\t\t data-wp-interactive=\"core\/navigation\" data-wp-context='{\"overlayOpenedBy\":{\"click\":false,\"hover\":false,\"focus\":false},\"type\":\"overlay\",\"roleAttribute\":\"\",\"ariaLabel\":\"Menu\"}'><button aria-haspopup=\"dialog\" aria-label=\"Ouvrir le menu\" class=\"wp-block-navigation__responsive-container-open\" \n\t\t\t\tdata-wp-on--click=\"actions.openMenuOnClick\"\n\t\t\t\tdata-wp-on--keydown=\"actions.handleMenuKeydown\"\n\t\t\t><svg width=\"24\" height=\"24\" xmlns=\"http:\/\/www.w3.org\/2000\/svg\" viewBox=\"0 0 24 24\" aria-hidden=\"true\" focusable=\"false\"><path d=\"M4 7.5h16v1.5H4z\"><\/path><path d=\"M4 15h16v1.5H4z\"><\/path><\/svg><\/button>\n\t\t\t\t<div class=\"wp-block-navigation__responsive-container\"  id=\"modal-1\" \n\t\t\t\tdata-wp-class--has-modal-open=\"state.isMenuOpen\"\n\t\t\t\tdata-wp-class--is-menu-open=\"state.isMenuOpen\"\n\t\t\t\tdata-wp-watch=\"callbacks.initMenu\"\n\t\t\t\tdata-wp-on--keydown=\"actions.handleMenuKeydown\"\n\t\t\t\tdata-wp-on--focusout=\"actions.handleMenuFocusout\"\n\t\t\t\ttabindex=\"-1\"\n\t\t\t>\n\t\t\t\t\t<div class=\"wp-block-navigation__responsive-close\" tabindex=\"-1\">\n\t\t\t\t\t\t<div class=\"wp-block-navigation__responsive-dialog\" \n\t\t\t\tdata-wp-bind--aria-modal=\"state.ariaModal\"\n\t\t\t\tdata-wp-bind--aria-label=\"state.ariaLabel\"\n\t\t\t\tdata-wp-bind--role=\"state.roleAttribute\"\n\t\t\t>\n\t\t\t\t\t\t\t<button aria-label=\"Fermer le menu\" class=\"wp-block-navigation__responsive-container-close\" \n\t\t\t\tdata-wp-on--click=\"actions.closeMenuOnClick\"\n\t\t\t><svg xmlns=\"http:\/\/www.w3.org\/2000\/svg\" viewBox=\"0 0 24 24\" width=\"24\" height=\"24\" aria-hidden=\"true\" focusable=\"false\"><path d=\"m13.06 12 6.47-6.47-1.06-1.06L12 10.94 5.53 4.47 4.47 5.53 10.94 12l-6.47 6.47 1.06 1.06L12 13.06l6.47 6.47 1.06-1.06L13.06 12Z\"><\/path><\/svg><\/button>\n\t\t\t\t\t\t\t<div class=\"wp-block-navigation__responsive-container-content\" \n\t\t\t\tdata-wp-watch=\"callbacks.focusFirstElement\"\n\t\t\t id=\"modal-1-content\">\n\t\t\t\t\t\t\t\t<ul class=\"wp-block-navigation__container is-responsive wp-block-navigation\"><li class=\" wp-block-navigation-item subnav-first wp-block-navigation-link\"><a class=\"wp-block-navigation-item__content\"  href=\"https:\/\/loeser.createch-media.com\/fr\/ponceuses-a-bande-abrasive\/\"><span class=\"wp-block-navigation-item__label\">Retour aux ponceuses \u00e0 band<\/span><\/a><\/li><li class=\" wp-block-navigation-item wp-block-navigation-link\"><a class=\"wp-block-navigation-item__content\"  href=\"https:\/\/loeser.createch-media.com\/fr\/ponceuses-a-bande-abrasive\/ponceuse-a-bande-abrasive-dynabrade-14000\/\"><span class=\"wp-block-navigation-item__label\">Ponceuse \u00e0 bande abrasive Dynabrade 14000<\/span><\/a><\/li><li class=\" wp-block-navigation-item wp-block-navigation-link\"><a class=\"wp-block-navigation-item__content\"  href=\"https:\/\/loeser.createch-media.com\/fr\/ponceuses-a-bande-abrasive\/ponceuse-a-bande-abrasive-15002\/\"><span class=\"wp-block-navigation-item__label\">Ponceuse \u00e0 bande abrasive 15002<\/span><\/a><\/li><li class=\" wp-block-navigation-item wp-block-navigation-link\"><a class=\"wp-block-navigation-item__content\"  href=\"https:\/\/loeser.createch-media.com\/fr\/ponceuses-a-bande-abrasive\/ponceuse-a-bande-abrasive-15003\/\"><span class=\"wp-block-navigation-item__label\">Ponceuse \u00e0 bande abrasive 15003<\/span><\/a><\/li><li class=\" wp-block-navigation-item wp-block-navigation-link\"><a class=\"wp-block-navigation-item__content\"  href=\"https:\/\/loeser.createch-media.com\/fr\/ponceuses-a-bande-abrasive\/ponceuse-a-bande-abrasive-40320\/\"><span class=\"wp-block-navigation-item__label\">Ponceuse \u00e0 bande abrasive 40320<\/span><\/a><\/li><li class=\" wp-block-navigation-item wp-block-navigation-link\"><a class=\"wp-block-navigation-item__content\"  href=\"https:\/\/loeser.createch-media.com\/fr\/ponceuses-a-bande-abrasive\/ponceuse-a-bande-abrasive-dynabrade-15300\/\"><span class=\"wp-block-navigation-item__label\">Ponceuse \u00e0 bande abrasive Dynabrade 15300<\/span><\/a><\/li><li class=\" wp-block-navigation-item wp-block-navigation-link\"><a class=\"wp-block-navigation-item__content\"  href=\"https:\/\/loeser.createch-media.com\/fr\/ponceuses-a-bande-abrasive\/ponceuse-a-bande-abrasive-dynabrade-11475\/\"><span class=\"wp-block-navigation-item__label\">Ponceuse \u00e0 bande abrasive Dynabrade 11475<\/span><\/a><\/li><li class=\" wp-block-navigation-item wp-block-navigation-link\"><a class=\"wp-block-navigation-item__content\"  href=\"https:\/\/loeser.createch-media.com\/fr\/ponceuses-a-bande-abrasive\/ponceuse-a-bande-abrasive-dynabrade-11476\/\"><span class=\"wp-block-navigation-item__label\">Ponceuse \u00e0 bande abrasive Dynabrade 11476<\/span><\/a><\/li><li class=\" wp-block-navigation-item wp-block-navigation-link\"><a class=\"wp-block-navigation-item__content\"  href=\"https:\/\/loeser.createch-media.com\/fr\/ponceuses-a-bande-abrasive\/ponceuse-a-bande-abrasive-dynabrade-11477\/\"><span class=\"wp-block-navigation-item__label\">Ponceuse \u00e0 bande abrasive Dynabrade 11477<\/span><\/a><\/li><li class=\" wp-block-navigation-item wp-block-navigation-link\"><a class=\"wp-block-navigation-item__content\"  href=\"https:\/\/loeser.createch-media.com\/fr\/ponceuses-a-bande-abrasive\/ponceuse-a-bande-abrasive-dynabrade-14200\/\"><span class=\"wp-block-navigation-item__label\">Ponceuse \u00e0 bande abrasive Dynabrade 14200<\/span><\/a><\/li><li class=\" wp-block-navigation-item wp-block-navigation-link\"><a class=\"wp-block-navigation-item__content\"  href=\"https:\/\/loeser.createch-media.com\/fr\/ponceuses-a-bande-abrasive\/ponceuse-debauche-a-bande-dynabrade-52900\/\"><span class=\"wp-block-navigation-item__label\">Ponceuse d\u2019\u00e9bauche \u00e0 bande Dynabrade 52900<\/span><\/a><\/li><li class=\" wp-block-navigation-item wp-block-navigation-link\"><a class=\"wp-block-navigation-item__content\"  href=\"https:\/\/loeser.createch-media.com\/fr\/ponceuses-a-bande-abrasive\/ponceuse-a-bande-abrasive-dynabrade-14300-14303-14306\/\"><span class=\"wp-block-navigation-item__label\">Ponceuse \u00e0 bande abrasive Dynabrade 14300 \/ 14303 \/ 14306<\/span><\/a><\/li><li class=\" wp-block-navigation-item wp-block-navigation-link\"><a class=\"wp-block-navigation-item__content\"  href=\"https:\/\/loeser.createch-media.com\/fr\/ponceuses-a-bande-abrasive\/3m-meuleuse-a-renvoi-dangle-pneumatique\/\"><span class=\"wp-block-navigation-item__label\">3M Meuleuse \u00e0 renvoi d\u2019angle pneumatique<\/span><\/a><\/li><\/ul>\n\t\t\t\t\t\t\t<\/div>\n\t\t\t\t\t\t<\/div>\n\t\t\t\t\t<\/div>\n\t\t\t\t<\/div><\/nav>\n\n\n<h1 class=\"wp-block-heading animated zoomIn\">Ponceuse \u00e0 bande abrasive 15002<\/h1>\n\n\n\n<div class=\"wp-block-stackable-columns stk-block-columns stk-block stk-7a8ef8a animated zoomIn\" data-block-id=\"7a8ef8a\"><div class=\"stk-row stk-inner-blocks stk-block-content stk-content-align stk-7a8ef8a-column\">\n<div class=\"wp-block-stackable-column stk-block-column stk-block-column--v3 stk-column stk-block-column--v2 stk-block stk-835a466\" data-block-id=\"835a466\"><style>@media screen and (min-width:768px){.stk-835a466{flex:1 1 calc(66.7% - var(--stk-column-gap,0px) * 1 \/ 2 ) !important}}<\/style><div class=\"stk-column-wrapper stk-block-column__content stk-container stk-835a466-container stk--no-background stk--no-padding\"><div class=\"stk-block-content stk-inner-blocks stk-835a466-inner-blocks\">\n<div class=\"wp-block-stackable-icon-list stk-block-icon-list stk-block stk-d1ed66b\" data-block-id=\"d1ed66b\"><style>.stk-d1ed66b li{padding-inline-start:5px !important;margin-bottom:15px !important}.stk-d1ed66b{column-gap:0px !important}.stk-d1ed66b ul,.stk-d1ed66b ol{padding-left:20px !important}.stk-d1ed66b ul li{list-style-image:url('data:image\/svg+xml;base64,PHN2ZyBhcmlhLWhpZGRlbj0idHJ1ZSIgZm9jdXNhYmxlPSJmYWxzZSIgZGF0YS1wcmVmaXg9ImZhcyIgZGF0YS1pY29uPSJkb3QtY2lyY2xlIiBjbGFzcz0ic3ZnLWlubGluZS0tZmEgZmEtZG90LWNpcmNsZSBmYS13LTE2IiByb2xlPSJpbWciIHhtbG5zPSJodHRwOi8vd3d3LnczLm9yZy8yMDAwL3N2ZyIgdmlld0JveD0iMCAwIDUxMiA1MTIiIHN0eWxlPSJmaWxsOiAjMmM0Zjk1ICFpbXBvcnRhbnQ7IGNvbG9yOiAjMmM0Zjk1ICFpbXBvcnRhbnQ7dHJhbnNmb3JtOiByb3RhdGUoZGVnKSAhaW1wb3J0YW50OyI+PHBhdGggZmlsbD0iIzJjNGY5NSIgZD0iTTI1NiA4QzExOS4wMzMgOCA4IDExOS4wMzMgOCAyNTZzMTExLjAzMyAyNDggMjQ4IDI0OCAyNDgtMTExLjAzMyAyNDgtMjQ4UzM5Mi45NjcgOCAyNTYgOHptODAgMjQ4YzAgNDQuMTEyLTM1Ljg4OCA4MC04MCA4MHMtODAtMzUuODg4LTgwLTgwIDM1Ljg4OC04MCA4MC04MCA4MCAzNS44ODggODAgODB6IiBzdHJva2U9IiMyYzRmOTUiIHN0eWxlPSJmaWxsOiByZ2IoNDQsIDc5LCAxNDkpOyBzdHJva2U6IHJnYig0NCwgNzksIDE0OSk7Ii8+PC9zdmc+') !important}.stk-d1ed66b li::marker{color:#2c4f95 !important;font-size:1.6em !important}<\/style><ul><li>Petit format pratique<\/li><li>Utilisation universelle gr\u00e2ce aux bras de contact interchangeables<\/li><li>Avec mamelon de raccordement, bras de contact 15026 et levier de s\u00e9curit\u00e9<\/li><li>Pour bandes abrasives 3 et 13 x 305 mm<\/li><li>\u00e9chappement \u00e0 l&rsquo;arri\u00e8re<\/li><li>Avec raccord d&rsquo;aspiration sur le bo\u00eetier<\/li><li>Pour raccordement \u00e0 une extraction centrale ou mobile<\/li><\/ul><\/div>\n<\/div><\/div><\/div>\n\n\n\n<div class=\"wp-block-stackable-column stk-block-column stk-block-column--v3 stk-column stk-block-column--v2 stk-block stk-7d2e3ef\" data-block-id=\"7d2e3ef\"><style>@media screen and (min-width:768px){.stk-7d2e3ef{flex:1 1 calc(33.3% - var(--stk-column-gap,0px) * 1 \/ 2 ) !important}}<\/style><div class=\"stk-column-wrapper stk-block-column__content stk-container stk-7d2e3ef-container stk--no-background stk--no-padding\"><div class=\"stk-block-content stk-inner-blocks stk-7d2e3ef-inner-blocks\">\n<figure class=\"wp-block-image size-full\"><a href=\"https:\/\/loeser.createch-media.com\/wp-content\/uploads\/2023\/04\/dynabrade-15002.jpg\"><img loading=\"lazy\" decoding=\"async\" width=\"800\" height=\"327\" src=\"https:\/\/loeser.createch-media.com\/wp-content\/uploads\/2023\/04\/dynabrade-15002.jpg\" alt=\"\" class=\"wp-image-2108\" srcset=\"https:\/\/loeser.createch-media.com\/wp-content\/uploads\/2023\/04\/dynabrade-15002.jpg 800w, https:\/\/loeser.createch-media.com\/wp-content\/uploads\/2023\/04\/dynabrade-15002-300x123.jpg 300w, https:\/\/loeser.createch-media.com\/wp-content\/uploads\/2023\/04\/dynabrade-15002-768x314.jpg 768w\" sizes=\"auto, (max-width: 800px) 100vw, 800px\" \/><\/a><\/figure>\n<\/div><\/div><\/div>\n<\/div><\/div>\n\n\n\n<div class=\"wp-block-gutena-tabs gutena-tabs-block gutena-tabs-block-6e1b4c-52 animated zoomIn\"><ul class=\"gutena-tabs-tab tab-left\"><li class=\"gutena-tab-title active\" data-tab=\"1\"><div class=\"gutena-tab-title-content icon-top\"><div class=\"gutena-tab-title-text\"><div>Sp\u00e9cifications techniques<\/div><\/div><\/div><\/li><li class=\"gutena-tab-title inactive\" data-tab=\"2\"><div class=\"gutena-tab-title-content icon-top\"><div class=\"gutena-tab-title-text\"><div>Fiches techniques et pi\u00e8ces d\u00e9tach\u00e9es<\/div><\/div><\/div><\/li><\/ul><div class=\"gutena-tabs-content is-layout-flow wp-block-gutena-tabs-is-layout-flow\">\n<div class=\"wp-block-gutena-tab gutena-tab-block gutena-tab-block-dbedd8-f2 active\" data-tab=\"1\">\n<figure class=\"wp-block-table is-style-regular\"><table class=\"has-white-background-color has-background has-fixed-layout\"><tbody><tr><td><strong>Num\u00e9ro de mod\u00e8le<\/strong><\/td><td>15002<\/td><\/tr><tr><td><strong>hp (W)<\/strong><\/td><td>298 W<\/td><\/tr><tr><td><strong>Vitesse par min.<\/strong><\/td><td>25.000<\/td><\/tr><tr><td><strong>Niveau sonore<\/strong><\/td><td>83 dB(A)<\/td><\/tr><tr><td><strong>Poids de l&rsquo;article<\/strong><\/td><td>0,74 kg<\/td><\/tr><tr><td><strong>Longueur<\/strong><\/td><td>294 mm<\/td><\/tr><\/tbody><\/table><\/figure>\n<\/div>\n\n\n\n<div class=\"wp-block-gutena-tab gutena-tab-block gutena-tab-block-6d3609-58 inactive\" data-tab=\"2\">\n<div class=\"wp-block-file\"><a id=\"wp-block-file--media-c03a4b22-db67-41fc-a3a1-3c38bec8c377\" href=\"https:\/\/loeser.createch-media.com\/wp-content\/uploads\/2023\/05\/15002-dynabrade.pdf\" target=\"_blank\" rel=\"noreferrer noopener\">Mode d&#8217;emploi et liste des pi\u00e8ces de rechange Ponceuse \u00e0 bande \u00e0 air comprim\u00e9 Dynabrade 15002 (PDF)<\/a><\/div>\n<\/div>\n<\/div><\/div>\n","protected":false},"excerpt":{"rendered":"<p>Ponceuse \u00e0 bande abrasive 15002 Petit format pratique Utilisation universelle gr\u00e2ce aux bras de contact interchangeables Avec mamelon de raccordement, bras de contact 15026 et levier de s\u00e9curit\u00e9 Pour bandes abrasives 3 et 13 x 305 mm \u00e9chappement \u00e0 l&rsquo;arri\u00e8re Avec raccord d&rsquo;aspiration sur le bo\u00eetier Pour raccordement \u00e0 une extraction centrale ou mobile<\/p>\n","protected":false},"author":1,"featured_media":0,"parent":7180,"menu_order":1,"comment_status":"closed","ping_status":"closed","template":"templates\/template-full-width.php","meta":{"pgc_sgb_lightbox_settings":"","footnotes":""},"class_list":["post-7352","page","type-page","status-publish","hentry"],"featured_image_urls":{"full":"","thumbnail":"","medium":"","medium_large":"","large":"","1536x1536":"","2048x2048":"","post-thumbnail":"","twentytwenty-fullscreen":""},"post_excerpt_stackable":"<p>Retour aux ponceuses \u00e0 bandPonceuse \u00e0 bande abrasive Dynabrade 14000Ponceuse \u00e0 bande abrasive 15002Ponceuse \u00e0 bande abrasive 15003Ponceuse \u00e0 bande abrasive 40320Ponceuse \u00e0 bande abrasive Dynabrade 15300Ponceuse \u00e0 bande abrasive Dynabrade 11475Ponceuse \u00e0 bande abrasive Dynabrade 11476Ponceuse \u00e0 bande abrasive Dynabrade 11477Ponceuse \u00e0 bande abrasive Dynabrade 14200Ponceuse d\u2019\u00e9bauche \u00e0 bande Dynabrade 52900Ponceuse \u00e0 bande abrasive Dynabrade 14300 \/ 14303 \/ 143063M Meuleuse \u00e0 renvoi d\u2019angle pneumatique Ponceuse \u00e0 bande abrasive 15002 Petit format pratiqueUtilisation universelle gr\u00e2ce aux bras de contact interchangeablesAvec mamelon de raccordement, bras de contact 15026 et levier de s\u00e9curit\u00e9Pour bandes abrasives 3 et 13 x 305 mm\u00e9chappement\u2026<\/p>\n","category_list":"","author_info":{"name":"sschmitt","url":"https:\/\/loeser.createch-media.com\/fr\/author\/sschmitt\/"},"comments_num":"0 commentaire","yoast_head":"<!-- This site is optimized with the Yoast SEO plugin v20.3 - https:\/\/yoast.com\/wordpress\/plugins\/seo\/ -->\n<title>Ponceuse \u00e0 bande abrasive 15002 - Loeser Schleifmaschinen<\/title>\n<meta name=\"robots\" content=\"noindex, follow, max-snippet:-1, max-image-preview:large, max-video-preview:-1\" \/>\n<meta property=\"og:locale\" content=\"fr_FR\" \/>\n<meta property=\"og:type\" content=\"article\" \/>\n<meta property=\"og:title\" content=\"Ponceuse \u00e0 bande abrasive 15002 - Loeser Schleifmaschinen\" \/>\n<meta property=\"og:description\" content=\"Ponceuse \u00e0 bande abrasive 15002 Petit format pratique Utilisation universelle gr\u00e2ce aux bras de contact interchangeables Avec mamelon de raccordement, bras de contact 15026 et levier de s\u00e9curit\u00e9 Pour bandes abrasives 3 et 13 x 305 mm \u00e9chappement \u00e0 l&rsquo;arri\u00e8re Avec raccord d&rsquo;aspiration sur le bo\u00eetier Pour raccordement \u00e0 une extraction centrale ou mobile\" \/>\n<meta property=\"og:url\" content=\"https:\/\/loeser.createch-media.com\/fr\/rubans\/ponceuses-a-bande-abrasive\/ponceuse-a-bande-abrasive-15002\/\" \/>\n<meta property=\"og:site_name\" content=\"Loeser Schleifmaschinen\" \/>\n<meta property=\"article:modified_time\" content=\"2023-06-01T11:10:38+00:00\" \/>\n<meta property=\"og:image\" content=\"https:\/\/loeser.createch-media.com\/wp-content\/uploads\/2023\/04\/dynabrade-15002.jpg\" \/>\n<meta name=\"twitter:card\" content=\"summary_large_image\" \/>\n<meta name=\"twitter:label1\" content=\"Dur\u00e9e de lecture estim\u00e9e\" \/>\n\t<meta name=\"twitter:data1\" content=\"1 minute\" \/>\n<script type=\"application\/ld+json\" class=\"yoast-schema-graph\">{\"@context\":\"https:\/\/schema.org\",\"@graph\":[{\"@type\":\"WebPage\",\"@id\":\"https:\/\/loeser.createch-media.com\/fr\/rubans\/ponceuses-a-bande-abrasive\/ponceuse-a-bande-abrasive-15002\/\",\"url\":\"https:\/\/loeser.createch-media.com\/fr\/rubans\/ponceuses-a-bande-abrasive\/ponceuse-a-bande-abrasive-15002\/\",\"name\":\"Ponceuse \u00e0 bande abrasive 15002 - Loeser Schleifmaschinen\",\"isPartOf\":{\"@id\":\"https:\/\/loeser.createch-media.com\/fr\/#website\"},\"datePublished\":\"2023-04-17T08:29:50+00:00\",\"dateModified\":\"2023-06-01T11:10:38+00:00\",\"breadcrumb\":{\"@id\":\"https:\/\/loeser.createch-media.com\/fr\/rubans\/ponceuses-a-bande-abrasive\/ponceuse-a-bande-abrasive-15002\/#breadcrumb\"},\"inLanguage\":\"fr-FR\",\"potentialAction\":[{\"@type\":\"ReadAction\",\"target\":[\"https:\/\/loeser.createch-media.com\/fr\/rubans\/ponceuses-a-bande-abrasive\/ponceuse-a-bande-abrasive-15002\/\"]}]},{\"@type\":\"BreadcrumbList\",\"@id\":\"https:\/\/loeser.createch-media.com\/fr\/rubans\/ponceuses-a-bande-abrasive\/ponceuse-a-bande-abrasive-15002\/#breadcrumb\",\"itemListElement\":[{\"@type\":\"ListItem\",\"position\":1,\"name\":\"Startseite\",\"item\":\"https:\/\/loeser.createch-media.com\/fr\/\"},{\"@type\":\"ListItem\",\"position\":2,\"name\":\"Ponceuses \u00e0 bande abrasive\",\"item\":\"https:\/\/loeser.createch-media.com\/fr\/ponceuses-a-bande-abrasive\/\"},{\"@type\":\"ListItem\",\"position\":3,\"name\":\"Ponceuse \u00e0 bande abrasive 15002\"}]},{\"@type\":\"WebSite\",\"@id\":\"https:\/\/loeser.createch-media.com\/fr\/#website\",\"url\":\"https:\/\/loeser.createch-media.com\/fr\/\",\"name\":\"Loeser Schleifmaschinen\",\"description\":\"\",\"publisher\":{\"@id\":\"https:\/\/loeser.createch-media.com\/fr\/#organization\"},\"potentialAction\":[{\"@type\":\"SearchAction\",\"target\":{\"@type\":\"EntryPoint\",\"urlTemplate\":\"https:\/\/loeser.createch-media.com\/fr\/?s={search_term_string}\"},\"query-input\":\"required name=search_term_string\"}],\"inLanguage\":\"fr-FR\"},{\"@type\":\"Organization\",\"@id\":\"https:\/\/loeser.createch-media.com\/fr\/#organization\",\"name\":\"Loeser Schleifmaschinen\",\"url\":\"https:\/\/loeser.createch-media.com\/fr\/\",\"logo\":{\"@type\":\"ImageObject\",\"inLanguage\":\"fr-FR\",\"@id\":\"https:\/\/loeser.createch-media.com\/fr\/#\/schema\/logo\/image\/\",\"url\":\"https:\/\/loeser.createch-media.com\/wp-content\/uploads\/2023\/03\/cropped-loeser-logo-2023.jpg\",\"contentUrl\":\"https:\/\/loeser.createch-media.com\/wp-content\/uploads\/2023\/03\/cropped-loeser-logo-2023.jpg\",\"width\":500,\"height\":238,\"caption\":\"Loeser Schleifmaschinen\"},\"image\":{\"@id\":\"https:\/\/loeser.createch-media.com\/fr\/#\/schema\/logo\/image\/\"}}]}<\/script>\n<!-- \/ Yoast SEO plugin. -->","yoast_head_json":{"title":"Ponceuse \u00e0 bande abrasive 15002 - Loeser Schleifmaschinen","robots":{"index":"noindex","follow":"follow","max-snippet":"max-snippet:-1","max-image-preview":"max-image-preview:large","max-video-preview":"max-video-preview:-1"},"og_locale":"fr_FR","og_type":"article","og_title":"Ponceuse \u00e0 bande abrasive 15002 - Loeser Schleifmaschinen","og_description":"Ponceuse \u00e0 bande abrasive 15002 Petit format pratique Utilisation universelle gr\u00e2ce aux bras de contact interchangeables Avec mamelon de raccordement, bras de contact 15026 et levier de s\u00e9curit\u00e9 Pour bandes abrasives 3 et 13 x 305 mm \u00e9chappement \u00e0 l&rsquo;arri\u00e8re Avec raccord d&rsquo;aspiration sur le bo\u00eetier Pour raccordement \u00e0 une extraction centrale ou mobile","og_url":"https:\/\/loeser.createch-media.com\/fr\/rubans\/ponceuses-a-bande-abrasive\/ponceuse-a-bande-abrasive-15002\/","og_site_name":"Loeser Schleifmaschinen","article_modified_time":"2023-06-01T11:10:38+00:00","og_image":[{"url":"https:\/\/loeser.createch-media.com\/wp-content\/uploads\/2023\/04\/dynabrade-15002.jpg"}],"twitter_card":"summary_large_image","twitter_misc":{"Dur\u00e9e de lecture estim\u00e9e":"1 minute"},"schema":{"@context":"https:\/\/schema.org","@graph":[{"@type":"WebPage","@id":"https:\/\/loeser.createch-media.com\/fr\/rubans\/ponceuses-a-bande-abrasive\/ponceuse-a-bande-abrasive-15002\/","url":"https:\/\/loeser.createch-media.com\/fr\/rubans\/ponceuses-a-bande-abrasive\/ponceuse-a-bande-abrasive-15002\/","name":"Ponceuse \u00e0 bande abrasive 15002 - Loeser Schleifmaschinen","isPartOf":{"@id":"https:\/\/loeser.createch-media.com\/fr\/#website"},"datePublished":"2023-04-17T08:29:50+00:00","dateModified":"2023-06-01T11:10:38+00:00","breadcrumb":{"@id":"https:\/\/loeser.createch-media.com\/fr\/rubans\/ponceuses-a-bande-abrasive\/ponceuse-a-bande-abrasive-15002\/#breadcrumb"},"inLanguage":"fr-FR","potentialAction":[{"@type":"ReadAction","target":["https:\/\/loeser.createch-media.com\/fr\/rubans\/ponceuses-a-bande-abrasive\/ponceuse-a-bande-abrasive-15002\/"]}]},{"@type":"BreadcrumbList","@id":"https:\/\/loeser.createch-media.com\/fr\/rubans\/ponceuses-a-bande-abrasive\/ponceuse-a-bande-abrasive-15002\/#breadcrumb","itemListElement":[{"@type":"ListItem","position":1,"name":"Startseite","item":"https:\/\/loeser.createch-media.com\/fr\/"},{"@type":"ListItem","position":2,"name":"Ponceuses \u00e0 bande abrasive","item":"https:\/\/loeser.createch-media.com\/fr\/ponceuses-a-bande-abrasive\/"},{"@type":"ListItem","position":3,"name":"Ponceuse \u00e0 bande abrasive 15002"}]},{"@type":"WebSite","@id":"https:\/\/loeser.createch-media.com\/fr\/#website","url":"https:\/\/loeser.createch-media.com\/fr\/","name":"Loeser Schleifmaschinen","description":"","publisher":{"@id":"https:\/\/loeser.createch-media.com\/fr\/#organization"},"potentialAction":[{"@type":"SearchAction","target":{"@type":"EntryPoint","urlTemplate":"https:\/\/loeser.createch-media.com\/fr\/?s={search_term_string}"},"query-input":"required name=search_term_string"}],"inLanguage":"fr-FR"},{"@type":"Organization","@id":"https:\/\/loeser.createch-media.com\/fr\/#organization","name":"Loeser Schleifmaschinen","url":"https:\/\/loeser.createch-media.com\/fr\/","logo":{"@type":"ImageObject","inLanguage":"fr-FR","@id":"https:\/\/loeser.createch-media.com\/fr\/#\/schema\/logo\/image\/","url":"https:\/\/loeser.createch-media.com\/wp-content\/uploads\/2023\/03\/cropped-loeser-logo-2023.jpg","contentUrl":"https:\/\/loeser.createch-media.com\/wp-content\/uploads\/2023\/03\/cropped-loeser-logo-2023.jpg","width":500,"height":238,"caption":"Loeser Schleifmaschinen"},"image":{"@id":"https:\/\/loeser.createch-media.com\/fr\/#\/schema\/logo\/image\/"}}]}},"_links":{"self":[{"href":"https:\/\/loeser.createch-media.com\/fr\/wp-json\/wp\/v2\/pages\/7352","targetHints":{"allow":["GET"]}}],"collection":[{"href":"https:\/\/loeser.createch-media.com\/fr\/wp-json\/wp\/v2\/pages"}],"about":[{"href":"https:\/\/loeser.createch-media.com\/fr\/wp-json\/wp\/v2\/types\/page"}],"author":[{"embeddable":true,"href":"https:\/\/loeser.createch-media.com\/fr\/wp-json\/wp\/v2\/users\/1"}],"replies":[{"embeddable":true,"href":"https:\/\/loeser.createch-media.com\/fr\/wp-json\/wp\/v2\/comments?post=7352"}],"version-history":[{"count":3,"href":"https:\/\/loeser.createch-media.com\/fr\/wp-json\/wp\/v2\/pages\/7352\/revisions"}],"predecessor-version":[{"id":10374,"href":"https:\/\/loeser.createch-media.com\/fr\/wp-json\/wp\/v2\/pages\/7352\/revisions\/10374"}],"up":[{"embeddable":true,"href":"https:\/\/loeser.createch-media.com\/fr\/wp-json\/wp\/v2\/pages\/7180"}],"wp:attachment":[{"href":"https:\/\/loeser.createch-media.com\/fr\/wp-json\/wp\/v2\/media?parent=7352"}],"curies":[{"name":"wp","href":"https:\/\/api.w.org\/{rel}","templated":true}]}}