{"id":7825,"date":"2023-05-11T09:32:19","date_gmt":"2023-05-11T07:32:19","guid":{"rendered":"https:\/\/loeser.createch-media.com\/?page_id=7825"},"modified":"2023-06-01T15:32:04","modified_gmt":"2023-06-01T13:32:04","slug":"ponceuse-debauche-a-bande-dynabrade-52900","status":"publish","type":"page","link":"https:\/\/loeser.createch-media.com\/fr\/rubans\/ponceuses-a-bande-abrasive\/ponceuse-debauche-a-bande-dynabrade-52900\/","title":{"rendered":"Ponceuse d&rsquo;\u00e9bauche \u00e0 bande Dynabrade 52900"},"content":{"rendered":"<nav class=\"is-responsive wp-block-navigation is-layout-flex wp-block-navigation-is-layout-flex\" aria-label=\"Navigation\" \n\t\t data-wp-interactive=\"core\/navigation\" data-wp-context='{\"overlayOpenedBy\":{\"click\":false,\"hover\":false,\"focus\":false},\"type\":\"overlay\",\"roleAttribute\":\"\",\"ariaLabel\":\"Menu\"}'><button aria-haspopup=\"dialog\" aria-label=\"Ouvrir le menu\" class=\"wp-block-navigation__responsive-container-open\" \n\t\t\t\tdata-wp-on--click=\"actions.openMenuOnClick\"\n\t\t\t\tdata-wp-on--keydown=\"actions.handleMenuKeydown\"\n\t\t\t><svg width=\"24\" height=\"24\" xmlns=\"http:\/\/www.w3.org\/2000\/svg\" viewBox=\"0 0 24 24\" aria-hidden=\"true\" focusable=\"false\"><path d=\"M4 7.5h16v1.5H4z\"><\/path><path d=\"M4 15h16v1.5H4z\"><\/path><\/svg><\/button>\n\t\t\t\t<div class=\"wp-block-navigation__responsive-container\"  id=\"modal-1\" \n\t\t\t\tdata-wp-class--has-modal-open=\"state.isMenuOpen\"\n\t\t\t\tdata-wp-class--is-menu-open=\"state.isMenuOpen\"\n\t\t\t\tdata-wp-watch=\"callbacks.initMenu\"\n\t\t\t\tdata-wp-on--keydown=\"actions.handleMenuKeydown\"\n\t\t\t\tdata-wp-on--focusout=\"actions.handleMenuFocusout\"\n\t\t\t\ttabindex=\"-1\"\n\t\t\t>\n\t\t\t\t\t<div class=\"wp-block-navigation__responsive-close\" tabindex=\"-1\">\n\t\t\t\t\t\t<div class=\"wp-block-navigation__responsive-dialog\" \n\t\t\t\tdata-wp-bind--aria-modal=\"state.ariaModal\"\n\t\t\t\tdata-wp-bind--aria-label=\"state.ariaLabel\"\n\t\t\t\tdata-wp-bind--role=\"state.roleAttribute\"\n\t\t\t>\n\t\t\t\t\t\t\t<button aria-label=\"Fermer le menu\" class=\"wp-block-navigation__responsive-container-close\" \n\t\t\t\tdata-wp-on--click=\"actions.closeMenuOnClick\"\n\t\t\t><svg xmlns=\"http:\/\/www.w3.org\/2000\/svg\" viewBox=\"0 0 24 24\" width=\"24\" height=\"24\" aria-hidden=\"true\" focusable=\"false\"><path d=\"m13.06 12 6.47-6.47-1.06-1.06L12 10.94 5.53 4.47 4.47 5.53 10.94 12l-6.47 6.47 1.06 1.06L12 13.06l6.47 6.47 1.06-1.06L13.06 12Z\"><\/path><\/svg><\/button>\n\t\t\t\t\t\t\t<div class=\"wp-block-navigation__responsive-container-content\" \n\t\t\t\tdata-wp-watch=\"callbacks.focusFirstElement\"\n\t\t\t id=\"modal-1-content\">\n\t\t\t\t\t\t\t\t<ul class=\"wp-block-navigation__container is-responsive wp-block-navigation\"><li class=\" wp-block-navigation-item subnav-first wp-block-navigation-link\"><a class=\"wp-block-navigation-item__content\"  href=\"https:\/\/loeser.createch-media.com\/fr\/ponceuses-a-bande-abrasive\/\"><span class=\"wp-block-navigation-item__label\">Retour aux ponceuses \u00e0 band<\/span><\/a><\/li><li class=\" wp-block-navigation-item wp-block-navigation-link\"><a class=\"wp-block-navigation-item__content\"  href=\"https:\/\/loeser.createch-media.com\/fr\/ponceuses-a-bande-abrasive\/ponceuse-a-bande-abrasive-dynabrade-14000\/\"><span class=\"wp-block-navigation-item__label\">Ponceuse \u00e0 bande abrasive Dynabrade 14000<\/span><\/a><\/li><li class=\" wp-block-navigation-item wp-block-navigation-link\"><a class=\"wp-block-navigation-item__content\"  href=\"https:\/\/loeser.createch-media.com\/fr\/ponceuses-a-bande-abrasive\/ponceuse-a-bande-abrasive-15002\/\"><span class=\"wp-block-navigation-item__label\">Ponceuse \u00e0 bande abrasive 15002<\/span><\/a><\/li><li class=\" wp-block-navigation-item wp-block-navigation-link\"><a class=\"wp-block-navigation-item__content\"  href=\"https:\/\/loeser.createch-media.com\/fr\/ponceuses-a-bande-abrasive\/ponceuse-a-bande-abrasive-15003\/\"><span class=\"wp-block-navigation-item__label\">Ponceuse \u00e0 bande abrasive 15003<\/span><\/a><\/li><li class=\" wp-block-navigation-item wp-block-navigation-link\"><a class=\"wp-block-navigation-item__content\"  href=\"https:\/\/loeser.createch-media.com\/fr\/ponceuses-a-bande-abrasive\/ponceuse-a-bande-abrasive-40320\/\"><span class=\"wp-block-navigation-item__label\">Ponceuse \u00e0 bande abrasive 40320<\/span><\/a><\/li><li class=\" wp-block-navigation-item wp-block-navigation-link\"><a class=\"wp-block-navigation-item__content\"  href=\"https:\/\/loeser.createch-media.com\/fr\/ponceuses-a-bande-abrasive\/ponceuse-a-bande-abrasive-dynabrade-15300\/\"><span class=\"wp-block-navigation-item__label\">Ponceuse \u00e0 bande abrasive Dynabrade 15300<\/span><\/a><\/li><li class=\" wp-block-navigation-item wp-block-navigation-link\"><a class=\"wp-block-navigation-item__content\"  href=\"https:\/\/loeser.createch-media.com\/fr\/ponceuses-a-bande-abrasive\/ponceuse-a-bande-abrasive-dynabrade-11475\/\"><span class=\"wp-block-navigation-item__label\">Ponceuse \u00e0 bande abrasive Dynabrade 11475<\/span><\/a><\/li><li class=\" wp-block-navigation-item wp-block-navigation-link\"><a class=\"wp-block-navigation-item__content\"  href=\"https:\/\/loeser.createch-media.com\/fr\/ponceuses-a-bande-abrasive\/ponceuse-a-bande-abrasive-dynabrade-11476\/\"><span class=\"wp-block-navigation-item__label\">Ponceuse \u00e0 bande abrasive Dynabrade 11476<\/span><\/a><\/li><li class=\" wp-block-navigation-item wp-block-navigation-link\"><a class=\"wp-block-navigation-item__content\"  href=\"https:\/\/loeser.createch-media.com\/fr\/ponceuses-a-bande-abrasive\/ponceuse-a-bande-abrasive-dynabrade-11477\/\"><span class=\"wp-block-navigation-item__label\">Ponceuse \u00e0 bande abrasive Dynabrade 11477<\/span><\/a><\/li><li class=\" wp-block-navigation-item wp-block-navigation-link\"><a class=\"wp-block-navigation-item__content\"  href=\"https:\/\/loeser.createch-media.com\/fr\/ponceuses-a-bande-abrasive\/ponceuse-a-bande-abrasive-dynabrade-14200\/\"><span class=\"wp-block-navigation-item__label\">Ponceuse \u00e0 bande abrasive Dynabrade 14200<\/span><\/a><\/li><li class=\" wp-block-navigation-item wp-block-navigation-link\"><a class=\"wp-block-navigation-item__content\"  href=\"https:\/\/loeser.createch-media.com\/fr\/ponceuses-a-bande-abrasive\/ponceuse-debauche-a-bande-dynabrade-52900\/\"><span class=\"wp-block-navigation-item__label\">Ponceuse d\u2019\u00e9bauche \u00e0 bande Dynabrade 52900<\/span><\/a><\/li><li class=\" wp-block-navigation-item wp-block-navigation-link\"><a class=\"wp-block-navigation-item__content\"  href=\"https:\/\/loeser.createch-media.com\/fr\/ponceuses-a-bande-abrasive\/ponceuse-a-bande-abrasive-dynabrade-14300-14303-14306\/\"><span class=\"wp-block-navigation-item__label\">Ponceuse \u00e0 bande abrasive Dynabrade 14300 \/ 14303 \/ 14306<\/span><\/a><\/li><li class=\" wp-block-navigation-item wp-block-navigation-link\"><a class=\"wp-block-navigation-item__content\"  href=\"https:\/\/loeser.createch-media.com\/fr\/ponceuses-a-bande-abrasive\/3m-meuleuse-a-renvoi-dangle-pneumatique\/\"><span class=\"wp-block-navigation-item__label\">3M Meuleuse \u00e0 renvoi d\u2019angle pneumatique<\/span><\/a><\/li><\/ul>\n\t\t\t\t\t\t\t<\/div>\n\t\t\t\t\t\t<\/div>\n\t\t\t\t\t<\/div>\n\t\t\t\t<\/div><\/nav>\n\n\n<h1 class=\"wp-block-heading animated zoomIn\">Ponceuse d&rsquo;\u00e9bauche \u00e0 bande Dynabrade 52900<\/h1>\n\n\n\n<div class=\"wp-block-stackable-columns stk-block-columns stk-block stk-7a8ef8a animated zoomIn\" data-block-id=\"7a8ef8a\"><div class=\"stk-row stk-inner-blocks stk-block-content stk-content-align stk-7a8ef8a-column\">\n<div class=\"wp-block-stackable-column stk-block-column stk-block-column--v3 stk-column stk-block-column--v2 stk-block stk-835a466\" data-block-id=\"835a466\"><div class=\"stk-column-wrapper stk-block-column__content stk-container stk-835a466-container stk--no-background stk--no-padding\"><div class=\"stk-block-content stk-inner-blocks stk-835a466-inner-blocks\">\n<div class=\"wp-block-stackable-icon-list stk-block-icon-list stk-block stk-d1ed66b\" data-block-id=\"d1ed66b\"><style>.stk-d1ed66b li{padding-inline-start:5px !important;margin-bottom:15px !important}.stk-d1ed66b{column-gap:0px !important}.stk-d1ed66b ul,.stk-d1ed66b ol{padding-left:20px !important}.stk-d1ed66b ul li{list-style-image:url('data:image\/svg+xml;base64,PHN2ZyBhcmlhLWhpZGRlbj0idHJ1ZSIgZm9jdXNhYmxlPSJmYWxzZSIgZGF0YS1wcmVmaXg9ImZhcyIgZGF0YS1pY29uPSJkb3QtY2lyY2xlIiBjbGFzcz0ic3ZnLWlubGluZS0tZmEgZmEtZG90LWNpcmNsZSBmYS13LTE2IiByb2xlPSJpbWciIHhtbG5zPSJodHRwOi8vd3d3LnczLm9yZy8yMDAwL3N2ZyIgdmlld0JveD0iMCAwIDUxMiA1MTIiIHN0eWxlPSJmaWxsOiAjMmM0Zjk1ICFpbXBvcnRhbnQ7IGNvbG9yOiAjMmM0Zjk1ICFpbXBvcnRhbnQ7dHJhbnNmb3JtOiByb3RhdGUoZGVnKSAhaW1wb3J0YW50OyI+PHBhdGggZmlsbD0iIzJjNGY5NSIgZD0iTTI1NiA4QzExOS4wMzMgOCA4IDExOS4wMzMgOCAyNTZzMTExLjAzMyAyNDggMjQ4IDI0OCAyNDgtMTExLjAzMyAyNDgtMjQ4UzM5Mi45NjcgOCAyNTYgOHptODAgMjQ4YzAgNDQuMTEyLTM1Ljg4OCA4MC04MCA4MHMtODAtMzUuODg4LTgwLTgwIDM1Ljg4OC04MCA4MC04MCA4MCAzNS44ODggODAgODB6IiBzdHJva2U9IiMyYzRmOTUiIHN0eWxlPSJmaWxsOiByZ2IoNDQsIDc5LCAxNDkpOyBzdHJva2U6IHJnYig0NCwgNzksIDE0OSk7Ii8+PC9zdmc+') !important}.stk-d1ed66b li::marker{color:#2c4f95 !important;font-size:1.6em !important}<\/style><ul><li>Id\u00e9ale pour \u00e9galiser, ajouter une texture ou finir les surfaces La ponceuse \u00e0 usage intensif de 1.3 hp (3 500 tr\/min) entra\u00eene des bandes abrasives de 75 mm x 610 mm, pour un enl\u00e8vement de mati\u00e8re agressif sur le m\u00e9tal et le bois.<\/li><li>L\u2019interrupteur \u00e0 bascule offre un moyen de tension simple de la bande en une seule \u00e9tape. La poign\u00e9e pistolet et le bouton de contr\u00f4le sup\u00e9rieur am\u00e9liorent encore le contr\u00f4le de l&rsquo;op\u00e9rateur.<\/li><li>Guidage facilement r\u00e9glable de la bande abrasive. La machine fonctionne de mani\u00e8re ad\u00e9quate avec des bandes en nylon non-tiss\u00e9.<\/li><li>Comprend un levier d&rsquo;acc\u00e9l\u00e9rateur autobloquant.<\/li><\/ul><\/div>\n<\/div><\/div><\/div>\n\n\n\n<div class=\"wp-block-stackable-column stk-block-column stk-block-column--v3 stk-column stk-block-column--v2 stk-block stk-7d2e3ef\" data-block-id=\"7d2e3ef\"><div class=\"stk-column-wrapper stk-block-column__content stk-container stk-7d2e3ef-container stk--no-background stk--no-padding\"><div class=\"stk-block-content stk-inner-blocks stk-7d2e3ef-inner-blocks\"><div class=\"pgc-sgb-cb wp-block-pgcsimplygalleryblock-slider \" data-gallery-id=\"da673770\" style=\"min-height:260px\"><div class=\"sgb-preloader\" id=\"pr_da673770\">\n\t<div class=\"sgb-square\" style=\"background:#d4d4d4\"><\/div>\n\t<div class=\"sgb-square\" style=\"background:#d4d4d4\"><\/div>\n\t<div class=\"sgb-square\" style=\"background:#d4d4d4\"><\/div>\n\t<div class=\"sgb-square\" style=\"background:#d4d4d4\"><\/div><\/div><div class=\"simply-gallery-amp pgc_sgb_slider \" style=\"display: none;\"><div class=\"sgb-gallery\"><div class=\"sgb-item\"><a href=\"https:\/\/loeser.createch-media.com\/?attachment_id=4812\"><img decoding=\"async\" alt=\"Dynabrade Druckluftbandschleifer 52900\" width=\"300\" height=\"236\" loading=\"lazy\" src=\"https:\/\/loeser.createch-media.com\/wp-content\/uploads\/2023\/05\/52900-dynabrade-300x236.jpg\"\/><\/a><\/div><\/div><\/div><script type=\"application\/json\" class=\"sgb-data\">{\"collectionThumbRecomendedWidth\":250,\"externalLink\":false,\"collectionThumbSubMenuDownload\":false,\"collectionThumbSubMenuShare\":false,\"sliderMaxHeight\":260,\"sliderAdminWidth\":281,\"responsiveHeight\":true,\"collectionColumns\":1,\"galleryType\":\"pgc_sgb_slider\",\"galleryId\":\"da673770\",\"images\":[{\"id\":4812,\"title\":\"Dynabrade Druckluftbandschleifer 52900\",\"url\":\"https:\/\/loeser.createch-media.com\/wp-content\/uploads\/2023\/05\/52900-dynabrade.jpg\",\"link\":\"https:\/\/loeser.createch-media.com\/?attachment_id=4812\",\"alt\":\"Dynabrade Druckluftbandschleifer 52900\",\"description\":\"\",\"caption\":\"\",\"mime\":\"image\/jpeg\",\"type\":\"image\",\"width\":1200,\"height\":944,\"sizes\":{\"thumbnail\":{\"height\":150,\"width\":150,\"url\":\"https:\/\/loeser.createch-media.com\/wp-content\/uploads\/2023\/05\/52900-dynabrade-150x150.jpg\",\"orientation\":\"landscape\"},\"medium\":{\"height\":236,\"width\":300,\"url\":\"https:\/\/loeser.createch-media.com\/wp-content\/uploads\/2023\/05\/52900-dynabrade-300x236.jpg\",\"orientation\":\"landscape\"},\"large\":{\"height\":457,\"width\":580,\"url\":\"https:\/\/loeser.createch-media.com\/wp-content\/uploads\/2023\/05\/52900-dynabrade-1024x806.jpg\",\"orientation\":\"landscape\"},\"full\":{\"url\":\"https:\/\/loeser.createch-media.com\/wp-content\/uploads\/2023\/05\/52900-dynabrade.jpg\",\"height\":944,\"width\":1200,\"orientation\":\"landscape\"}},\"meta\":false,\"postlink\":\"https:\/\/loeser.createch-media.com\/?attachment_id=4812\"}],\"itemsMetaDataCollection\":[],\"sliderSocialShareEnabled\":false,\"sliderZoomEnable\":false}<\/script><script>(function(){if(window.PGC_SGB && window.PGC_SGB.searcher){window.PGC_SGB.searcher.initBlocks()}})()<\/script><\/div><\/div><\/div><\/div>\n<\/div><\/div>\n\n\n\n<div class=\"wp-block-stackable-divider stk-block-divider stk-block stk-f0ebf88\" data-block-id=\"f0ebf88\"><hr class=\"stk-block-divider__hr\"\/><\/div>\n\n\n\n<div class=\"wp-block-gutena-tabs gutena-tabs-block gutena-tabs-block-6e1b4c-52 animated zoomIn\"><ul class=\"gutena-tabs-tab tab-left\"><li class=\"gutena-tab-title active\" data-tab=\"1\"><div class=\"gutena-tab-title-content icon-top\"><div class=\"gutena-tab-title-text\"><div>Sp\u00e9cifications techniques<\/div><\/div><\/div><\/li><li class=\"gutena-tab-title inactive\" data-tab=\"2\"><div class=\"gutena-tab-title-content icon-top\"><div class=\"gutena-tab-title-text\"><div>Fiches techniques et pi\u00e8ces d\u00e9tach\u00e9es<\/div><\/div><\/div><\/li><\/ul><div class=\"gutena-tabs-content is-layout-flow wp-block-gutena-tabs-is-layout-flow\">\n<div class=\"wp-block-gutena-tab gutena-tab-block gutena-tab-block-dbedd8-f2 active\" data-tab=\"1\">\n<figure class=\"wp-block-table is-style-regular\"><table class=\"has-white-background-color has-background has-fixed-layout\"><tbody><tr><td><strong>Num\u00e9ro de mod\u00e8le<\/strong><\/td><td>52900<\/td><\/tr><tr><td><strong>hp (W)<\/strong><\/td><td>1000 W<\/td><\/tr><tr><td><strong>R\u00e9gime moteur hors charge (tr\/min)<\/strong><\/td><td>12.000<\/td><\/tr><tr><td><strong>Niveau sonore<\/strong><\/td><td>88 dB(A)<\/td><\/tr><tr><td><strong>D\u00e9bit d&rsquo;air max. \u00e0 6,2 bar (90 PSIG) : SCFM<\/strong><\/td><td>1400 L\/min.<\/td><\/tr><tr><td><strong>Poids de l&rsquo;article<\/strong><\/td><td>5,7 kg<\/td><\/tr><tr><td><strong>Longueur<\/strong><\/td><td>337 mm<\/td><\/tr><tr><td><strong>Hauteur<\/strong><\/td><td>181 mm<\/td><\/tr><\/tbody><\/table><\/figure>\n<\/div>\n\n\n\n<div class=\"wp-block-gutena-tab gutena-tab-block gutena-tab-block-6d3609-58 inactive\" data-tab=\"2\">\n<div class=\"wp-block-file\"><a id=\"wp-block-file--media-c03a4b22-db67-41fc-a3a1-3c38bec8c377\" href=\"https:\/\/loeser.createch-media.com\/wp-content\/uploads\/2023\/05\/52900-dynabrade.pdf\" target=\"_blank\" rel=\"noreferrer noopener\">Instructions d&rsquo;utilisation et liste de pi\u00e8ces Ponceuse \u00e0 bande pneumatique Dynabrade 52900 (PDF)<\/a><\/div>\n<\/div>\n<\/div><\/div>\n","protected":false},"excerpt":{"rendered":"<p>Ponceuse d&rsquo;\u00e9bauche \u00e0 bande Dynabrade 52900 Id\u00e9ale pour \u00e9galiser, ajouter une texture ou finir les surfaces La ponceuse \u00e0 usage intensif de 1.3 hp (3 500 tr\/min) entra\u00eene des bandes abrasives de 75 mm x 610 mm, pour un enl\u00e8vement de mati\u00e8re agressif sur le m\u00e9tal et le bois. L\u2019interrupteur \u00e0 bascule offre un moyen [&hellip;]<\/p>\n","protected":false},"author":1,"featured_media":0,"parent":7180,"menu_order":9,"comment_status":"closed","ping_status":"closed","template":"templates\/template-full-width.php","meta":{"pgc_sgb_lightbox_settings":"","footnotes":""},"class_list":["post-7825","page","type-page","status-publish","hentry"],"featured_image_urls":{"full":"","thumbnail":"","medium":"","medium_large":"","large":"","1536x1536":"","2048x2048":"","post-thumbnail":"","twentytwenty-fullscreen":""},"post_excerpt_stackable":"<p>Retour aux ponceuses \u00e0 bandPonceuse \u00e0 bande abrasive Dynabrade 14000Ponceuse \u00e0 bande abrasive 15002Ponceuse \u00e0 bande abrasive 15003Ponceuse \u00e0 bande abrasive 40320Ponceuse \u00e0 bande abrasive Dynabrade 15300Ponceuse \u00e0 bande abrasive Dynabrade 11475Ponceuse \u00e0 bande abrasive Dynabrade 11476Ponceuse \u00e0 bande abrasive Dynabrade 11477Ponceuse \u00e0 bande abrasive Dynabrade 14200Ponceuse d\u2019\u00e9bauche \u00e0 bande Dynabrade 52900Ponceuse \u00e0 bande abrasive Dynabrade 14300 \/ 14303 \/ 143063M Meuleuse \u00e0 renvoi d\u2019angle pneumatique Ponceuse d&rsquo;\u00e9bauche \u00e0 bande Dynabrade 52900 Id\u00e9ale pour \u00e9galiser, ajouter une texture ou finir les surfaces La ponceuse \u00e0 usage intensif de 1.3 hp (3 500 tr\/min) entra\u00eene des bandes abrasives de 75 mm\u2026<\/p>\n","category_list":"","author_info":{"name":"sschmitt","url":"https:\/\/loeser.createch-media.com\/fr\/author\/sschmitt\/"},"comments_num":"0 commentaire","yoast_head":"<!-- This site is optimized with the Yoast SEO plugin v20.3 - https:\/\/yoast.com\/wordpress\/plugins\/seo\/ -->\n<title>Ponceuse d&#039;\u00e9bauche \u00e0 bande Dynabrade 52900 - Loeser Schleifmaschinen<\/title>\n<meta name=\"robots\" content=\"noindex, follow, max-snippet:-1, max-image-preview:large, max-video-preview:-1\" \/>\n<meta property=\"og:locale\" content=\"fr_FR\" \/>\n<meta property=\"og:type\" content=\"article\" \/>\n<meta property=\"og:title\" content=\"Ponceuse d&#039;\u00e9bauche \u00e0 bande Dynabrade 52900 - Loeser Schleifmaschinen\" \/>\n<meta property=\"og:description\" content=\"Ponceuse d&rsquo;\u00e9bauche \u00e0 bande Dynabrade 52900 Id\u00e9ale pour \u00e9galiser, ajouter une texture ou finir les surfaces La ponceuse \u00e0 usage intensif de 1.3 hp (3 500 tr\/min) entra\u00eene des bandes abrasives de 75 mm x 610 mm, pour un enl\u00e8vement de mati\u00e8re agressif sur le m\u00e9tal et le bois. L\u2019interrupteur \u00e0 bascule offre un moyen [&hellip;]\" \/>\n<meta property=\"og:url\" content=\"https:\/\/loeser.createch-media.com\/fr\/rubans\/ponceuses-a-bande-abrasive\/ponceuse-debauche-a-bande-dynabrade-52900\/\" \/>\n<meta property=\"og:site_name\" content=\"Loeser Schleifmaschinen\" \/>\n<meta property=\"article:modified_time\" content=\"2023-06-01T13:32:04+00:00\" \/>\n<meta property=\"og:image\" content=\"https:\/\/loeser.createch-media.com\/wp-content\/uploads\/2023\/05\/52900-dynabrade-1024x806.jpg\" \/>\n<meta name=\"twitter:card\" content=\"summary_large_image\" \/>\n<meta name=\"twitter:label1\" content=\"Dur\u00e9e de lecture estim\u00e9e\" \/>\n\t<meta name=\"twitter:data1\" content=\"2 minutes\" \/>\n<script type=\"application\/ld+json\" class=\"yoast-schema-graph\">{\"@context\":\"https:\/\/schema.org\",\"@graph\":[{\"@type\":\"WebPage\",\"@id\":\"https:\/\/loeser.createch-media.com\/fr\/rubans\/ponceuses-a-bande-abrasive\/ponceuse-debauche-a-bande-dynabrade-52900\/\",\"url\":\"https:\/\/loeser.createch-media.com\/fr\/rubans\/ponceuses-a-bande-abrasive\/ponceuse-debauche-a-bande-dynabrade-52900\/\",\"name\":\"Ponceuse d'\u00e9bauche \u00e0 bande Dynabrade 52900 - Loeser Schleifmaschinen\",\"isPartOf\":{\"@id\":\"https:\/\/loeser.createch-media.com\/fr\/#website\"},\"datePublished\":\"2023-05-11T07:32:19+00:00\",\"dateModified\":\"2023-06-01T13:32:04+00:00\",\"breadcrumb\":{\"@id\":\"https:\/\/loeser.createch-media.com\/fr\/rubans\/ponceuses-a-bande-abrasive\/ponceuse-debauche-a-bande-dynabrade-52900\/#breadcrumb\"},\"inLanguage\":\"fr-FR\",\"potentialAction\":[{\"@type\":\"ReadAction\",\"target\":[\"https:\/\/loeser.createch-media.com\/fr\/rubans\/ponceuses-a-bande-abrasive\/ponceuse-debauche-a-bande-dynabrade-52900\/\"]}]},{\"@type\":\"BreadcrumbList\",\"@id\":\"https:\/\/loeser.createch-media.com\/fr\/rubans\/ponceuses-a-bande-abrasive\/ponceuse-debauche-a-bande-dynabrade-52900\/#breadcrumb\",\"itemListElement\":[{\"@type\":\"ListItem\",\"position\":1,\"name\":\"Startseite\",\"item\":\"https:\/\/loeser.createch-media.com\/fr\/\"},{\"@type\":\"ListItem\",\"position\":2,\"name\":\"Ponceuses \u00e0 bande abrasive\",\"item\":\"https:\/\/loeser.createch-media.com\/fr\/ponceuses-a-bande-abrasive\/\"},{\"@type\":\"ListItem\",\"position\":3,\"name\":\"Ponceuse d&#8217;\u00e9bauche \u00e0 bande Dynabrade 52900\"}]},{\"@type\":\"WebSite\",\"@id\":\"https:\/\/loeser.createch-media.com\/fr\/#website\",\"url\":\"https:\/\/loeser.createch-media.com\/fr\/\",\"name\":\"Loeser Schleifmaschinen\",\"description\":\"\",\"publisher\":{\"@id\":\"https:\/\/loeser.createch-media.com\/fr\/#organization\"},\"potentialAction\":[{\"@type\":\"SearchAction\",\"target\":{\"@type\":\"EntryPoint\",\"urlTemplate\":\"https:\/\/loeser.createch-media.com\/fr\/?s={search_term_string}\"},\"query-input\":\"required name=search_term_string\"}],\"inLanguage\":\"fr-FR\"},{\"@type\":\"Organization\",\"@id\":\"https:\/\/loeser.createch-media.com\/fr\/#organization\",\"name\":\"Loeser Schleifmaschinen\",\"url\":\"https:\/\/loeser.createch-media.com\/fr\/\",\"logo\":{\"@type\":\"ImageObject\",\"inLanguage\":\"fr-FR\",\"@id\":\"https:\/\/loeser.createch-media.com\/fr\/#\/schema\/logo\/image\/\",\"url\":\"https:\/\/loeser.createch-media.com\/wp-content\/uploads\/2023\/03\/cropped-loeser-logo-2023.jpg\",\"contentUrl\":\"https:\/\/loeser.createch-media.com\/wp-content\/uploads\/2023\/03\/cropped-loeser-logo-2023.jpg\",\"width\":500,\"height\":238,\"caption\":\"Loeser Schleifmaschinen\"},\"image\":{\"@id\":\"https:\/\/loeser.createch-media.com\/fr\/#\/schema\/logo\/image\/\"}}]}<\/script>\n<!-- \/ Yoast SEO plugin. -->","yoast_head_json":{"title":"Ponceuse d'\u00e9bauche \u00e0 bande Dynabrade 52900 - Loeser Schleifmaschinen","robots":{"index":"noindex","follow":"follow","max-snippet":"max-snippet:-1","max-image-preview":"max-image-preview:large","max-video-preview":"max-video-preview:-1"},"og_locale":"fr_FR","og_type":"article","og_title":"Ponceuse d'\u00e9bauche \u00e0 bande Dynabrade 52900 - Loeser Schleifmaschinen","og_description":"Ponceuse d&rsquo;\u00e9bauche \u00e0 bande Dynabrade 52900 Id\u00e9ale pour \u00e9galiser, ajouter une texture ou finir les surfaces La ponceuse \u00e0 usage intensif de 1.3 hp (3 500 tr\/min) entra\u00eene des bandes abrasives de 75 mm x 610 mm, pour un enl\u00e8vement de mati\u00e8re agressif sur le m\u00e9tal et le bois. L\u2019interrupteur \u00e0 bascule offre un moyen [&hellip;]","og_url":"https:\/\/loeser.createch-media.com\/fr\/rubans\/ponceuses-a-bande-abrasive\/ponceuse-debauche-a-bande-dynabrade-52900\/","og_site_name":"Loeser Schleifmaschinen","article_modified_time":"2023-06-01T13:32:04+00:00","og_image":[{"url":"https:\/\/loeser.createch-media.com\/wp-content\/uploads\/2023\/05\/52900-dynabrade-1024x806.jpg"}],"twitter_card":"summary_large_image","twitter_misc":{"Dur\u00e9e de lecture estim\u00e9e":"2 minutes"},"schema":{"@context":"https:\/\/schema.org","@graph":[{"@type":"WebPage","@id":"https:\/\/loeser.createch-media.com\/fr\/rubans\/ponceuses-a-bande-abrasive\/ponceuse-debauche-a-bande-dynabrade-52900\/","url":"https:\/\/loeser.createch-media.com\/fr\/rubans\/ponceuses-a-bande-abrasive\/ponceuse-debauche-a-bande-dynabrade-52900\/","name":"Ponceuse d'\u00e9bauche \u00e0 bande Dynabrade 52900 - Loeser Schleifmaschinen","isPartOf":{"@id":"https:\/\/loeser.createch-media.com\/fr\/#website"},"datePublished":"2023-05-11T07:32:19+00:00","dateModified":"2023-06-01T13:32:04+00:00","breadcrumb":{"@id":"https:\/\/loeser.createch-media.com\/fr\/rubans\/ponceuses-a-bande-abrasive\/ponceuse-debauche-a-bande-dynabrade-52900\/#breadcrumb"},"inLanguage":"fr-FR","potentialAction":[{"@type":"ReadAction","target":["https:\/\/loeser.createch-media.com\/fr\/rubans\/ponceuses-a-bande-abrasive\/ponceuse-debauche-a-bande-dynabrade-52900\/"]}]},{"@type":"BreadcrumbList","@id":"https:\/\/loeser.createch-media.com\/fr\/rubans\/ponceuses-a-bande-abrasive\/ponceuse-debauche-a-bande-dynabrade-52900\/#breadcrumb","itemListElement":[{"@type":"ListItem","position":1,"name":"Startseite","item":"https:\/\/loeser.createch-media.com\/fr\/"},{"@type":"ListItem","position":2,"name":"Ponceuses \u00e0 bande abrasive","item":"https:\/\/loeser.createch-media.com\/fr\/ponceuses-a-bande-abrasive\/"},{"@type":"ListItem","position":3,"name":"Ponceuse d&#8217;\u00e9bauche \u00e0 bande Dynabrade 52900"}]},{"@type":"WebSite","@id":"https:\/\/loeser.createch-media.com\/fr\/#website","url":"https:\/\/loeser.createch-media.com\/fr\/","name":"Loeser Schleifmaschinen","description":"","publisher":{"@id":"https:\/\/loeser.createch-media.com\/fr\/#organization"},"potentialAction":[{"@type":"SearchAction","target":{"@type":"EntryPoint","urlTemplate":"https:\/\/loeser.createch-media.com\/fr\/?s={search_term_string}"},"query-input":"required name=search_term_string"}],"inLanguage":"fr-FR"},{"@type":"Organization","@id":"https:\/\/loeser.createch-media.com\/fr\/#organization","name":"Loeser Schleifmaschinen","url":"https:\/\/loeser.createch-media.com\/fr\/","logo":{"@type":"ImageObject","inLanguage":"fr-FR","@id":"https:\/\/loeser.createch-media.com\/fr\/#\/schema\/logo\/image\/","url":"https:\/\/loeser.createch-media.com\/wp-content\/uploads\/2023\/03\/cropped-loeser-logo-2023.jpg","contentUrl":"https:\/\/loeser.createch-media.com\/wp-content\/uploads\/2023\/03\/cropped-loeser-logo-2023.jpg","width":500,"height":238,"caption":"Loeser Schleifmaschinen"},"image":{"@id":"https:\/\/loeser.createch-media.com\/fr\/#\/schema\/logo\/image\/"}}]}},"_links":{"self":[{"href":"https:\/\/loeser.createch-media.com\/fr\/wp-json\/wp\/v2\/pages\/7825","targetHints":{"allow":["GET"]}}],"collection":[{"href":"https:\/\/loeser.createch-media.com\/fr\/wp-json\/wp\/v2\/pages"}],"about":[{"href":"https:\/\/loeser.createch-media.com\/fr\/wp-json\/wp\/v2\/types\/page"}],"author":[{"embeddable":true,"href":"https:\/\/loeser.createch-media.com\/fr\/wp-json\/wp\/v2\/users\/1"}],"replies":[{"embeddable":true,"href":"https:\/\/loeser.createch-media.com\/fr\/wp-json\/wp\/v2\/comments?post=7825"}],"version-history":[{"count":3,"href":"https:\/\/loeser.createch-media.com\/fr\/wp-json\/wp\/v2\/pages\/7825\/revisions"}],"predecessor-version":[{"id":10406,"href":"https:\/\/loeser.createch-media.com\/fr\/wp-json\/wp\/v2\/pages\/7825\/revisions\/10406"}],"up":[{"embeddable":true,"href":"https:\/\/loeser.createch-media.com\/fr\/wp-json\/wp\/v2\/pages\/7180"}],"wp:attachment":[{"href":"https:\/\/loeser.createch-media.com\/fr\/wp-json\/wp\/v2\/media?parent=7825"}],"curies":[{"name":"wp","href":"https:\/\/api.w.org\/{rel}","templated":true}]}}