{"id":8951,"date":"2023-05-15T15:57:26","date_gmt":"2023-05-15T13:57:26","guid":{"rendered":"https:\/\/loeser.createch-media.com\/?page_id=8951"},"modified":"2023-06-04T11:20:50","modified_gmt":"2023-06-04T09:20:50","slug":"dynabrade-ponceuse-lineaire-51350-sans-aspiration","status":"publish","type":"page","link":"https:\/\/loeser.createch-media.com\/fr\/rubans\/ponceuse-lineaire\/dynabrade-ponceuse-lineaire-51350-sans-aspiration\/","title":{"rendered":"Dynabrade Ponceuse lin\u00e9aire 51350, sans aspiration"},"content":{"rendered":"<nav class=\"is-responsive wp-block-navigation is-layout-flex wp-block-navigation-is-layout-flex\" aria-label=\"Navigation\" \n\t\t data-wp-interactive=\"core\/navigation\" data-wp-context='{\"overlayOpenedBy\":{\"click\":false,\"hover\":false,\"focus\":false},\"type\":\"overlay\",\"roleAttribute\":\"\",\"ariaLabel\":\"Menu\"}'><button aria-haspopup=\"dialog\" aria-label=\"Ouvrir le menu\" class=\"wp-block-navigation__responsive-container-open\" \n\t\t\t\tdata-wp-on--click=\"actions.openMenuOnClick\"\n\t\t\t\tdata-wp-on--keydown=\"actions.handleMenuKeydown\"\n\t\t\t><svg width=\"24\" height=\"24\" xmlns=\"http:\/\/www.w3.org\/2000\/svg\" viewBox=\"0 0 24 24\" aria-hidden=\"true\" focusable=\"false\"><path d=\"M4 7.5h16v1.5H4z\"><\/path><path d=\"M4 15h16v1.5H4z\"><\/path><\/svg><\/button>\n\t\t\t\t<div class=\"wp-block-navigation__responsive-container\"  id=\"modal-1\" \n\t\t\t\tdata-wp-class--has-modal-open=\"state.isMenuOpen\"\n\t\t\t\tdata-wp-class--is-menu-open=\"state.isMenuOpen\"\n\t\t\t\tdata-wp-watch=\"callbacks.initMenu\"\n\t\t\t\tdata-wp-on--keydown=\"actions.handleMenuKeydown\"\n\t\t\t\tdata-wp-on--focusout=\"actions.handleMenuFocusout\"\n\t\t\t\ttabindex=\"-1\"\n\t\t\t>\n\t\t\t\t\t<div class=\"wp-block-navigation__responsive-close\" tabindex=\"-1\">\n\t\t\t\t\t\t<div class=\"wp-block-navigation__responsive-dialog\" \n\t\t\t\tdata-wp-bind--aria-modal=\"state.ariaModal\"\n\t\t\t\tdata-wp-bind--aria-label=\"state.ariaLabel\"\n\t\t\t\tdata-wp-bind--role=\"state.roleAttribute\"\n\t\t\t>\n\t\t\t\t\t\t\t<button aria-label=\"Fermer le menu\" class=\"wp-block-navigation__responsive-container-close\" \n\t\t\t\tdata-wp-on--click=\"actions.closeMenuOnClick\"\n\t\t\t><svg xmlns=\"http:\/\/www.w3.org\/2000\/svg\" viewBox=\"0 0 24 24\" width=\"24\" height=\"24\" aria-hidden=\"true\" focusable=\"false\"><path d=\"m13.06 12 6.47-6.47-1.06-1.06L12 10.94 5.53 4.47 4.47 5.53 10.94 12l-6.47 6.47 1.06 1.06L12 13.06l6.47 6.47 1.06-1.06L13.06 12Z\"><\/path><\/svg><\/button>\n\t\t\t\t\t\t\t<div class=\"wp-block-navigation__responsive-container-content\" \n\t\t\t\tdata-wp-watch=\"callbacks.focusFirstElement\"\n\t\t\t id=\"modal-1-content\">\n\t\t\t\t\t\t\t\t<ul class=\"wp-block-navigation__container is-responsive wp-block-navigation\"><li class=\" wp-block-navigation-item subnav-first wp-block-navigation-link\"><a class=\"wp-block-navigation-item__content\"  href=\"https:\/\/loeser.createch-media.com\/fr\/ponceuse-lineaire\/\"><span class=\"wp-block-navigation-item__label\">Retour aux ponceuse lin\u00e9aire<\/span><\/a><\/li><li class=\" wp-block-navigation-item wp-block-navigation-link\"><a class=\"wp-block-navigation-item__content\"  href=\"https:\/\/loeser.createch-media.com\/fr\/ponceuse-lineaire\/dynabrade-ponceuse-dynaline-57400-57407-57401-57404\/\"><span class=\"wp-block-navigation-item__label\">Dynabrade Ponceuse Dynaline 57400, 57407, 57401, 57404<\/span><\/a><\/li><li class=\" wp-block-navigation-item wp-block-navigation-link\"><a class=\"wp-block-navigation-item__content\"  href=\"https:\/\/loeser.createch-media.com\/fr\/ponceuse-lineaire\/dynabrade-ponceuse-lineaire-51350-sans-aspiration\/\"><span class=\"wp-block-navigation-item__label\">Dynabrade Ponceuse lin\u00e9aire 51350, sans aspiration<\/span><\/a><\/li><\/ul>\n\t\t\t\t\t\t\t<\/div>\n\t\t\t\t\t\t<\/div>\n\t\t\t\t\t<\/div>\n\t\t\t\t<\/div><\/nav>\n\n\n<h1 class=\"wp-block-heading animated zoomIn\">Dynabrade Ponceuse lin\u00e9aire 51350, sans aspiration<\/h1>\n\n\n\n<div class=\"wp-block-stackable-columns stk-block-columns stk-block stk-7a8ef8a animated zoomIn\" data-block-id=\"7a8ef8a\"><div class=\"stk-row stk-inner-blocks stk-block-content stk-content-align stk-7a8ef8a-column\">\n<div class=\"wp-block-stackable-column stk-block-column stk-block-column--v3 stk-column stk-block-column--v2 stk-block stk-835a466\" data-block-id=\"835a466\"><style>@media screen and (min-width:768px){.stk-835a466{flex:1 1 calc(66.7% - var(--stk-column-gap,0px) * 1 \/ 2 ) !important}}<\/style><div class=\"stk-column-wrapper stk-block-column__content stk-container stk-835a466-container stk--no-background stk--no-padding\"><div class=\"stk-block-content stk-inner-blocks stk-835a466-inner-blocks\">\n<div class=\"wp-block-stackable-icon-list stk-block-icon-list stk-block stk-d1ed66b\" data-block-id=\"d1ed66b\"><style>.stk-d1ed66b li{padding-inline-start:5px !important;margin-bottom:15px !important}.stk-d1ed66b{column-gap:0px !important}.stk-d1ed66b ul,.stk-d1ed66b ol{padding-left:20px !important}.stk-d1ed66b ul li{list-style-image:url('data:image\/svg+xml;base64,PHN2ZyBhcmlhLWhpZGRlbj0idHJ1ZSIgZm9jdXNhYmxlPSJmYWxzZSIgZGF0YS1wcmVmaXg9ImZhcyIgZGF0YS1pY29uPSJkb3QtY2lyY2xlIiBjbGFzcz0ic3ZnLWlubGluZS0tZmEgZmEtZG90LWNpcmNsZSBmYS13LTE2IiByb2xlPSJpbWciIHhtbG5zPSJodHRwOi8vd3d3LnczLm9yZy8yMDAwL3N2ZyIgdmlld0JveD0iMCAwIDUxMiA1MTIiIHN0eWxlPSJmaWxsOiAjMmM0Zjk1ICFpbXBvcnRhbnQ7IGNvbG9yOiAjMmM0Zjk1ICFpbXBvcnRhbnQ7dHJhbnNmb3JtOiByb3RhdGUoZGVnKSAhaW1wb3J0YW50OyI+PHBhdGggZmlsbD0iIzJjNGY5NSIgZD0iTTI1NiA4QzExOS4wMzMgOCA4IDExOS4wMzMgOCAyNTZzMTExLjAzMyAyNDggMjQ4IDI0OCAyNDgtMTExLjAzMyAyNDgtMjQ4UzM5Mi45NjcgOCAyNTYgOHptODAgMjQ4YzAgNDQuMTEyLTM1Ljg4OCA4MC04MCA4MHMtODAtMzUuODg4LTgwLTgwIDM1Ljg4OC04MCA4MC04MCA4MCAzNS44ODggODAgODB6IiBzdHJva2U9IiMyYzRmOTUiIHN0eWxlPSJmaWxsOiByZ2IoNDQsIDc5LCAxNDkpOyBzdHJva2U6IHJnYig0NCwgNzksIDE0OSk7Ii8+PC9zdmc+') !important}.stk-d1ed66b li::marker{color:#2c4f95 !important;font-size:1.6em !important}<\/style><ul><li>Le plateau de pon\u00e7age se d\u00e9place d&rsquo;avant en arri\u00e8re et cr\u00e9e ainsi une image lin\u00e9aire<\/li><li>pour ajuster les micrographies sur des surfaces en acier inoxydable<\/li><li>Utilisation dans la zone du corps et du bois<\/li><li>Le plateau peut pivoter \u00e0 360\u00b0<\/li><\/ul><\/div>\n\n\n\n<p><\/p>\n<\/div><\/div><\/div>\n\n\n\n<div class=\"wp-block-stackable-column stk-block-column stk-block-column--v3 stk-column stk-block-column--v2 stk-block stk-7d2e3ef\" data-block-id=\"7d2e3ef\"><style>@media screen and (min-width:768px){.stk-7d2e3ef{flex:1 1 calc(33.3% - var(--stk-column-gap,0px) * 1 \/ 2 ) !important}}<\/style><div class=\"stk-column-wrapper stk-block-column__content stk-container stk-7d2e3ef-container stk--no-background stk--no-padding\"><div class=\"stk-block-content stk-inner-blocks stk-7d2e3ef-inner-blocks\"><div class=\"pgc-sgb-cb wp-block-pgcsimplygalleryblock-slider \" data-gallery-id=\"da673770\" style=\"min-height:388px\"><div class=\"sgb-preloader\" id=\"pr_da673770\">\n\t<div class=\"sgb-square\" style=\"background:#d4d4d4\"><\/div>\n\t<div class=\"sgb-square\" style=\"background:#d4d4d4\"><\/div>\n\t<div class=\"sgb-square\" style=\"background:#d4d4d4\"><\/div>\n\t<div class=\"sgb-square\" style=\"background:#d4d4d4\"><\/div><\/div><div class=\"simply-gallery-amp pgc_sgb_slider \" style=\"display: none;\"><div class=\"sgb-gallery\"><div class=\"sgb-item\"><a href=\"https:\/\/loeser.createch-media.com\/schleifen\/linearschleifer\/dynabrade-linearschleifer-zweihandmaschine-51350\/51350-dynabrade\/\"><img decoding=\"async\" alt=\"Dynabrade Linearschleifer Zweihandmaschine 51350\" width=\"300\" height=\"156\" loading=\"lazy\" src=\"https:\/\/loeser.createch-media.com\/wp-content\/uploads\/2023\/05\/51350-dynabrade-300x156.jpg\"\/><\/a><\/div><div class=\"sgb-item\"><a href=\"https:\/\/loeser.createch-media.com\/schleifen\/linearschleifer\/dynabrade-linearschleifer-zweihandmaschine-51350\/51350-app\/\"><img decoding=\"async\" alt=\"Anwendung Dynabrade Linearschleifer Zweihandmaschine 51350\" width=\"300\" height=\"231\" loading=\"lazy\" src=\"https:\/\/loeser.createch-media.com\/wp-content\/uploads\/2023\/05\/51350-app-300x231.jpg\"\/><\/a><\/div><\/div><\/div><script type=\"application\/json\" class=\"sgb-data\">{\"collectionThumbRecomendedWidth\":300,\"externalLink\":false,\"captionHAlign\":\"bottom\",\"collectionThumbSubMenuDownload\":false,\"collectionThumbSubMenuShare\":false,\"sliderMaxHeight\":388,\"sliderAdminWidth\":179,\"collectionColumns\":1,\"galleryType\":\"pgc_sgb_slider\",\"galleryId\":\"da673770\",\"images\":[{\"id\":5743,\"title\":\"Dynabrade Linearschleifer Zweihandmaschine 51350\",\"url\":\"https:\/\/loeser.createch-media.com\/wp-content\/uploads\/2023\/05\/51350-dynabrade.jpg\",\"link\":\"https:\/\/loeser.createch-media.com\/schleifen\/linearschleifer\/dynabrade-linearschleifer-zweihandmaschine-51350\/51350-dynabrade\/\",\"alt\":\"Dynabrade Linearschleifer Zweihandmaschine 51350\",\"description\":\"\",\"caption\":\"\",\"mime\":\"image\/jpeg\",\"type\":\"image\",\"width\":1200,\"height\":624,\"sizes\":{\"thumbnail\":{\"height\":150,\"width\":150,\"url\":\"https:\/\/loeser.createch-media.com\/wp-content\/uploads\/2023\/05\/51350-dynabrade-150x150.jpg\",\"orientation\":\"landscape\"},\"medium\":{\"height\":156,\"width\":300,\"url\":\"https:\/\/loeser.createch-media.com\/wp-content\/uploads\/2023\/05\/51350-dynabrade-300x156.jpg\",\"orientation\":\"landscape\"},\"large\":{\"height\":301,\"width\":580,\"url\":\"https:\/\/loeser.createch-media.com\/wp-content\/uploads\/2023\/05\/51350-dynabrade-1024x532.jpg\",\"orientation\":\"landscape\"},\"full\":{\"url\":\"https:\/\/loeser.createch-media.com\/wp-content\/uploads\/2023\/05\/51350-dynabrade.jpg\",\"height\":624,\"width\":1200,\"orientation\":\"landscape\"}},\"meta\":false,\"postlink\":\"https:\/\/loeser.createch-media.com\/schleifen\/linearschleifer\/dynabrade-linearschleifer-zweihandmaschine-51350\/51350-dynabrade\/\"},{\"id\":5748,\"title\":\"Anwendung Dynabrade Linearschleifer Zweihandmaschine 51350\",\"url\":\"https:\/\/loeser.createch-media.com\/wp-content\/uploads\/2023\/05\/51350-app.jpg\",\"link\":\"https:\/\/loeser.createch-media.com\/schleifen\/linearschleifer\/dynabrade-linearschleifer-zweihandmaschine-51350\/51350-app\/\",\"alt\":\"Anwendung Dynabrade Linearschleifer Zweihandmaschine 51350\",\"description\":\"\",\"caption\":\"\",\"mime\":\"image\/jpeg\",\"type\":\"image\",\"width\":1200,\"height\":922,\"sizes\":{\"thumbnail\":{\"height\":150,\"width\":150,\"url\":\"https:\/\/loeser.createch-media.com\/wp-content\/uploads\/2023\/05\/51350-app-150x150.jpg\",\"orientation\":\"landscape\"},\"medium\":{\"height\":231,\"width\":300,\"url\":\"https:\/\/loeser.createch-media.com\/wp-content\/uploads\/2023\/05\/51350-app-300x231.jpg\",\"orientation\":\"landscape\"},\"large\":{\"height\":446,\"width\":580,\"url\":\"https:\/\/loeser.createch-media.com\/wp-content\/uploads\/2023\/05\/51350-app-1024x787.jpg\",\"orientation\":\"landscape\"},\"full\":{\"url\":\"https:\/\/loeser.createch-media.com\/wp-content\/uploads\/2023\/05\/51350-app.jpg\",\"height\":922,\"width\":1200,\"orientation\":\"landscape\"}},\"meta\":false,\"postlink\":\"https:\/\/loeser.createch-media.com\/schleifen\/linearschleifer\/dynabrade-linearschleifer-zweihandmaschine-51350\/51350-app\/\"}],\"itemsMetaDataCollection\":[],\"sliderSocialShareEnabled\":false,\"sliderZoomEnable\":false}<\/script><script>(function(){if(window.PGC_SGB && window.PGC_SGB.searcher){window.PGC_SGB.searcher.initBlocks()}})()<\/script><\/div><\/div><\/div><\/div>\n<\/div><\/div>\n\n\n\n<div class=\"wp-block-stackable-divider stk-block-divider stk-block stk-f0ebf88\" data-block-id=\"f0ebf88\"><hr class=\"stk-block-divider__hr\"\/><\/div>\n\n\n\n<div class=\"wp-block-gutena-tabs gutena-tabs-block gutena-tabs-block-6e1b4c-52 animated zoomIn\"><ul class=\"gutena-tabs-tab tab-left\"><li class=\"gutena-tab-title active\" data-tab=\"1\"><div class=\"gutena-tab-title-content icon-top\"><div class=\"gutena-tab-title-text\"><div>Sp\u00e9cifications techniques<\/div><\/div><\/div><\/li><li class=\"gutena-tab-title inactive\" data-tab=\"2\"><div class=\"gutena-tab-title-content icon-top\"><div class=\"gutena-tab-title-text\"><div>Fiches techniques et pi\u00e8ces d\u00e9tach\u00e9es<\/div><\/div><\/div><\/li><\/ul><div class=\"gutena-tabs-content is-layout-flow wp-block-gutena-tabs-is-layout-flow\">\n<div class=\"wp-block-gutena-tab gutena-tab-block gutena-tab-block-dbedd8-f2 active\" data-tab=\"1\">\n<figure class=\"wp-block-table is-style-regular\"><table class=\"has-white-background-color has-background has-fixed-layout\"><tbody><tr><td><strong>Num\u00e9ro de mod\u00e8le<\/strong><\/td><td>51350<\/td><\/tr><tr><td><strong>hp (W)<\/strong><\/td><td>190 W<\/td><\/tr><tr><td><strong>Course par minute (SPM)<\/strong><\/td><td>2.400<\/td><\/tr><tr><td><strong>Niveau sonore dB(A)<\/strong><\/td><td>84 dB(A)<\/td><\/tr><tr><td><strong>D\u00e9bit d&rsquo;air max. \u00e0 6,2 bar (90 PSIG)<\/strong><\/td><td>500 L\/min.<\/td><\/tr><tr><td><strong>Poids de l&rsquo;article<\/strong><\/td><td>1,4 kg<\/td><\/tr><tr><td><strong>Longueur<\/strong><\/td><td>279 mm<\/td><\/tr><tr><td><strong>Hauteur<\/strong><\/td><td>95 mm<\/td><\/tr><\/tbody><\/table><\/figure>\n<\/div>\n\n\n\n<div class=\"wp-block-gutena-tab gutena-tab-block gutena-tab-block-6d3609-58 inactive\" data-tab=\"2\">\n<div class=\"wp-block-file\"><a id=\"wp-block-file--media-c03a4b22-db67-41fc-a3a1-3c38bec8c377\" href=\"https:\/\/loeser.createch-media.com\/wp-content\/uploads\/2023\/05\/51350-dynabrade.pdf\" target=\"_blank\" rel=\"noreferrer noopener\">Mode d&#8217;emploi et liste des pi\u00e8ces de rechange Ponceuse lin\u00e9aire Dynabrade bimanuelle 51350 (PDF)<\/a><\/div>\n<\/div>\n<\/div><\/div>\n","protected":false},"excerpt":{"rendered":"<p>Dynabrade Ponceuse lin\u00e9aire 51350, sans aspiration Le plateau de pon\u00e7age se d\u00e9place d&rsquo;avant en arri\u00e8re et cr\u00e9e ainsi une image lin\u00e9aire pour ajuster les micrographies sur des surfaces en acier inoxydable Utilisation dans la zone du corps et du bois Le plateau peut pivoter \u00e0 360\u00b0<\/p>\n","protected":false},"author":1,"featured_media":0,"parent":8944,"menu_order":1,"comment_status":"closed","ping_status":"closed","template":"templates\/template-full-width.php","meta":{"pgc_sgb_lightbox_settings":"","footnotes":""},"class_list":["post-8951","page","type-page","status-publish","hentry"],"featured_image_urls":{"full":"","thumbnail":"","medium":"","medium_large":"","large":"","1536x1536":"","2048x2048":"","post-thumbnail":"","twentytwenty-fullscreen":""},"post_excerpt_stackable":"<p>Retour aux ponceuse lin\u00e9aireDynabrade Ponceuse Dynaline 57400, 57407, 57401, 57404Dynabrade Ponceuse lin\u00e9aire 51350, sans aspiration Dynabrade Ponceuse lin\u00e9aire 51350, sans aspiration Le plateau de pon\u00e7age se d\u00e9place d&rsquo;avant en arri\u00e8re et cr\u00e9e ainsi une image lin\u00e9airepour ajuster les micrographies sur des surfaces en acier inoxydableUtilisation dans la zone du corps et du boisLe plateau peut pivoter \u00e0 360\u00b0 Sp\u00e9cifications techniquesFiches techniques et pi\u00e8ces d\u00e9tach\u00e9es Num\u00e9ro de mod\u00e8le51350hp (W)190 WCourse par minute (SPM)2.400Niveau sonore dB(A)84 dB(A)D\u00e9bit d&rsquo;air max. \u00e0 6,2 bar (90 PSIG)500 L\/min.Poids de l&rsquo;article1,4 kgLongueur279 mmHauteur95 mm Mode d&#8217;emploi et liste des pi\u00e8ces de rechange Ponceuse lin\u00e9aire Dynabrade bimanuelle\u2026<\/p>\n","category_list":"","author_info":{"name":"sschmitt","url":"https:\/\/loeser.createch-media.com\/fr\/author\/sschmitt\/"},"comments_num":"0 commentaire","yoast_head":"<!-- This site is optimized with the Yoast SEO plugin v20.3 - https:\/\/yoast.com\/wordpress\/plugins\/seo\/ -->\n<title>Dynabrade Ponceuse lin\u00e9aire 51350, sans aspiration - Loeser Schleifmaschinen<\/title>\n<meta name=\"robots\" content=\"noindex, follow, max-snippet:-1, max-image-preview:large, max-video-preview:-1\" \/>\n<meta property=\"og:locale\" content=\"fr_FR\" \/>\n<meta property=\"og:type\" content=\"article\" \/>\n<meta property=\"og:title\" content=\"Dynabrade Ponceuse lin\u00e9aire 51350, sans aspiration - Loeser Schleifmaschinen\" \/>\n<meta property=\"og:description\" content=\"Dynabrade Ponceuse lin\u00e9aire 51350, sans aspiration Le plateau de pon\u00e7age se d\u00e9place d&rsquo;avant en arri\u00e8re et cr\u00e9e ainsi une image lin\u00e9aire pour ajuster les micrographies sur des surfaces en acier inoxydable Utilisation dans la zone du corps et du bois Le plateau peut pivoter \u00e0 360\u00b0\" \/>\n<meta property=\"og:url\" content=\"https:\/\/loeser.createch-media.com\/fr\/rubans\/ponceuse-lineaire\/dynabrade-ponceuse-lineaire-51350-sans-aspiration\/\" \/>\n<meta property=\"og:site_name\" content=\"Loeser Schleifmaschinen\" \/>\n<meta property=\"article:modified_time\" content=\"2023-06-04T09:20:50+00:00\" \/>\n<meta property=\"og:image\" content=\"https:\/\/loeser.createch-media.com\/wp-content\/uploads\/2023\/05\/51350-dynabrade-1024x532.jpg\" \/>\n<meta name=\"twitter:card\" content=\"summary_large_image\" \/>\n<meta name=\"twitter:label1\" content=\"Dur\u00e9e de lecture estim\u00e9e\" \/>\n\t<meta name=\"twitter:data1\" content=\"2 minutes\" \/>\n<script type=\"application\/ld+json\" class=\"yoast-schema-graph\">{\"@context\":\"https:\/\/schema.org\",\"@graph\":[{\"@type\":\"WebPage\",\"@id\":\"https:\/\/loeser.createch-media.com\/fr\/rubans\/ponceuse-lineaire\/dynabrade-ponceuse-lineaire-51350-sans-aspiration\/\",\"url\":\"https:\/\/loeser.createch-media.com\/fr\/rubans\/ponceuse-lineaire\/dynabrade-ponceuse-lineaire-51350-sans-aspiration\/\",\"name\":\"Dynabrade Ponceuse lin\u00e9aire 51350, sans aspiration - Loeser Schleifmaschinen\",\"isPartOf\":{\"@id\":\"https:\/\/loeser.createch-media.com\/fr\/#website\"},\"datePublished\":\"2023-05-15T13:57:26+00:00\",\"dateModified\":\"2023-06-04T09:20:50+00:00\",\"breadcrumb\":{\"@id\":\"https:\/\/loeser.createch-media.com\/fr\/rubans\/ponceuse-lineaire\/dynabrade-ponceuse-lineaire-51350-sans-aspiration\/#breadcrumb\"},\"inLanguage\":\"fr-FR\",\"potentialAction\":[{\"@type\":\"ReadAction\",\"target\":[\"https:\/\/loeser.createch-media.com\/fr\/rubans\/ponceuse-lineaire\/dynabrade-ponceuse-lineaire-51350-sans-aspiration\/\"]}]},{\"@type\":\"BreadcrumbList\",\"@id\":\"https:\/\/loeser.createch-media.com\/fr\/rubans\/ponceuse-lineaire\/dynabrade-ponceuse-lineaire-51350-sans-aspiration\/#breadcrumb\",\"itemListElement\":[{\"@type\":\"ListItem\",\"position\":1,\"name\":\"Startseite\",\"item\":\"https:\/\/loeser.createch-media.com\/fr\/\"},{\"@type\":\"ListItem\",\"position\":2,\"name\":\"Ponceuse lin\u00e9aire\",\"item\":\"https:\/\/loeser.createch-media.com\/fr\/ponceuse-lineaire\/\"},{\"@type\":\"ListItem\",\"position\":3,\"name\":\"Dynabrade Ponceuse lin\u00e9aire 51350, sans aspiration\"}]},{\"@type\":\"WebSite\",\"@id\":\"https:\/\/loeser.createch-media.com\/fr\/#website\",\"url\":\"https:\/\/loeser.createch-media.com\/fr\/\",\"name\":\"Loeser Schleifmaschinen\",\"description\":\"\",\"publisher\":{\"@id\":\"https:\/\/loeser.createch-media.com\/fr\/#organization\"},\"potentialAction\":[{\"@type\":\"SearchAction\",\"target\":{\"@type\":\"EntryPoint\",\"urlTemplate\":\"https:\/\/loeser.createch-media.com\/fr\/?s={search_term_string}\"},\"query-input\":\"required name=search_term_string\"}],\"inLanguage\":\"fr-FR\"},{\"@type\":\"Organization\",\"@id\":\"https:\/\/loeser.createch-media.com\/fr\/#organization\",\"name\":\"Loeser Schleifmaschinen\",\"url\":\"https:\/\/loeser.createch-media.com\/fr\/\",\"logo\":{\"@type\":\"ImageObject\",\"inLanguage\":\"fr-FR\",\"@id\":\"https:\/\/loeser.createch-media.com\/fr\/#\/schema\/logo\/image\/\",\"url\":\"https:\/\/loeser.createch-media.com\/wp-content\/uploads\/2023\/03\/cropped-loeser-logo-2023.jpg\",\"contentUrl\":\"https:\/\/loeser.createch-media.com\/wp-content\/uploads\/2023\/03\/cropped-loeser-logo-2023.jpg\",\"width\":500,\"height\":238,\"caption\":\"Loeser Schleifmaschinen\"},\"image\":{\"@id\":\"https:\/\/loeser.createch-media.com\/fr\/#\/schema\/logo\/image\/\"}}]}<\/script>\n<!-- \/ Yoast SEO plugin. -->","yoast_head_json":{"title":"Dynabrade Ponceuse lin\u00e9aire 51350, sans aspiration - Loeser Schleifmaschinen","robots":{"index":"noindex","follow":"follow","max-snippet":"max-snippet:-1","max-image-preview":"max-image-preview:large","max-video-preview":"max-video-preview:-1"},"og_locale":"fr_FR","og_type":"article","og_title":"Dynabrade Ponceuse lin\u00e9aire 51350, sans aspiration - Loeser Schleifmaschinen","og_description":"Dynabrade Ponceuse lin\u00e9aire 51350, sans aspiration Le plateau de pon\u00e7age se d\u00e9place d&rsquo;avant en arri\u00e8re et cr\u00e9e ainsi une image lin\u00e9aire pour ajuster les micrographies sur des surfaces en acier inoxydable Utilisation dans la zone du corps et du bois Le plateau peut pivoter \u00e0 360\u00b0","og_url":"https:\/\/loeser.createch-media.com\/fr\/rubans\/ponceuse-lineaire\/dynabrade-ponceuse-lineaire-51350-sans-aspiration\/","og_site_name":"Loeser Schleifmaschinen","article_modified_time":"2023-06-04T09:20:50+00:00","og_image":[{"url":"https:\/\/loeser.createch-media.com\/wp-content\/uploads\/2023\/05\/51350-dynabrade-1024x532.jpg"}],"twitter_card":"summary_large_image","twitter_misc":{"Dur\u00e9e de lecture estim\u00e9e":"2 minutes"},"schema":{"@context":"https:\/\/schema.org","@graph":[{"@type":"WebPage","@id":"https:\/\/loeser.createch-media.com\/fr\/rubans\/ponceuse-lineaire\/dynabrade-ponceuse-lineaire-51350-sans-aspiration\/","url":"https:\/\/loeser.createch-media.com\/fr\/rubans\/ponceuse-lineaire\/dynabrade-ponceuse-lineaire-51350-sans-aspiration\/","name":"Dynabrade Ponceuse lin\u00e9aire 51350, sans aspiration - Loeser Schleifmaschinen","isPartOf":{"@id":"https:\/\/loeser.createch-media.com\/fr\/#website"},"datePublished":"2023-05-15T13:57:26+00:00","dateModified":"2023-06-04T09:20:50+00:00","breadcrumb":{"@id":"https:\/\/loeser.createch-media.com\/fr\/rubans\/ponceuse-lineaire\/dynabrade-ponceuse-lineaire-51350-sans-aspiration\/#breadcrumb"},"inLanguage":"fr-FR","potentialAction":[{"@type":"ReadAction","target":["https:\/\/loeser.createch-media.com\/fr\/rubans\/ponceuse-lineaire\/dynabrade-ponceuse-lineaire-51350-sans-aspiration\/"]}]},{"@type":"BreadcrumbList","@id":"https:\/\/loeser.createch-media.com\/fr\/rubans\/ponceuse-lineaire\/dynabrade-ponceuse-lineaire-51350-sans-aspiration\/#breadcrumb","itemListElement":[{"@type":"ListItem","position":1,"name":"Startseite","item":"https:\/\/loeser.createch-media.com\/fr\/"},{"@type":"ListItem","position":2,"name":"Ponceuse lin\u00e9aire","item":"https:\/\/loeser.createch-media.com\/fr\/ponceuse-lineaire\/"},{"@type":"ListItem","position":3,"name":"Dynabrade Ponceuse lin\u00e9aire 51350, sans aspiration"}]},{"@type":"WebSite","@id":"https:\/\/loeser.createch-media.com\/fr\/#website","url":"https:\/\/loeser.createch-media.com\/fr\/","name":"Loeser Schleifmaschinen","description":"","publisher":{"@id":"https:\/\/loeser.createch-media.com\/fr\/#organization"},"potentialAction":[{"@type":"SearchAction","target":{"@type":"EntryPoint","urlTemplate":"https:\/\/loeser.createch-media.com\/fr\/?s={search_term_string}"},"query-input":"required name=search_term_string"}],"inLanguage":"fr-FR"},{"@type":"Organization","@id":"https:\/\/loeser.createch-media.com\/fr\/#organization","name":"Loeser Schleifmaschinen","url":"https:\/\/loeser.createch-media.com\/fr\/","logo":{"@type":"ImageObject","inLanguage":"fr-FR","@id":"https:\/\/loeser.createch-media.com\/fr\/#\/schema\/logo\/image\/","url":"https:\/\/loeser.createch-media.com\/wp-content\/uploads\/2023\/03\/cropped-loeser-logo-2023.jpg","contentUrl":"https:\/\/loeser.createch-media.com\/wp-content\/uploads\/2023\/03\/cropped-loeser-logo-2023.jpg","width":500,"height":238,"caption":"Loeser Schleifmaschinen"},"image":{"@id":"https:\/\/loeser.createch-media.com\/fr\/#\/schema\/logo\/image\/"}}]}},"_links":{"self":[{"href":"https:\/\/loeser.createch-media.com\/fr\/wp-json\/wp\/v2\/pages\/8951","targetHints":{"allow":["GET"]}}],"collection":[{"href":"https:\/\/loeser.createch-media.com\/fr\/wp-json\/wp\/v2\/pages"}],"about":[{"href":"https:\/\/loeser.createch-media.com\/fr\/wp-json\/wp\/v2\/types\/page"}],"author":[{"embeddable":true,"href":"https:\/\/loeser.createch-media.com\/fr\/wp-json\/wp\/v2\/users\/1"}],"replies":[{"embeddable":true,"href":"https:\/\/loeser.createch-media.com\/fr\/wp-json\/wp\/v2\/comments?post=8951"}],"version-history":[{"count":3,"href":"https:\/\/loeser.createch-media.com\/fr\/wp-json\/wp\/v2\/pages\/8951\/revisions"}],"predecessor-version":[{"id":10545,"href":"https:\/\/loeser.createch-media.com\/fr\/wp-json\/wp\/v2\/pages\/8951\/revisions\/10545"}],"up":[{"embeddable":true,"href":"https:\/\/loeser.createch-media.com\/fr\/wp-json\/wp\/v2\/pages\/8944"}],"wp:attachment":[{"href":"https:\/\/loeser.createch-media.com\/fr\/wp-json\/wp\/v2\/media?parent=8951"}],"curies":[{"name":"wp","href":"https:\/\/api.w.org\/{rel}","templated":true}]}}