{"id":9171,"date":"2023-05-16T10:24:08","date_gmt":"2023-05-16T08:24:08","guid":{"rendered":"https:\/\/loeser.createch-media.com\/?page_id=9171"},"modified":"2023-06-04T12:12:41","modified_gmt":"2023-06-04T10:12:41","slug":"0-7-hp-perceuse-1-2-dynabrade-53090-53096","status":"publish","type":"page","link":"https:\/\/loeser.createch-media.com\/fr\/rubans\/perceuses\/0-7-hp-perceuse-1-2-dynabrade-53090-53096\/","title":{"rendered":"0.7 hp Perceuse 1\/2&Prime; Dynabrade 53090 &#8211; 53096"},"content":{"rendered":"<nav class=\"is-responsive wp-block-navigation is-layout-flex wp-block-navigation-is-layout-flex\" aria-label=\"Navigation\" \n\t\t data-wp-interactive=\"core\/navigation\" data-wp-context='{\"overlayOpenedBy\":{\"click\":false,\"hover\":false,\"focus\":false},\"type\":\"overlay\",\"roleAttribute\":\"\",\"ariaLabel\":\"Menu\"}'><button aria-haspopup=\"dialog\" aria-label=\"Ouvrir le menu\" class=\"wp-block-navigation__responsive-container-open\" \n\t\t\t\tdata-wp-on--click=\"actions.openMenuOnClick\"\n\t\t\t\tdata-wp-on--keydown=\"actions.handleMenuKeydown\"\n\t\t\t><svg width=\"24\" height=\"24\" xmlns=\"http:\/\/www.w3.org\/2000\/svg\" viewBox=\"0 0 24 24\" aria-hidden=\"true\" focusable=\"false\"><path d=\"M4 7.5h16v1.5H4z\"><\/path><path d=\"M4 15h16v1.5H4z\"><\/path><\/svg><\/button>\n\t\t\t\t<div class=\"wp-block-navigation__responsive-container\"  id=\"modal-1\" \n\t\t\t\tdata-wp-class--has-modal-open=\"state.isMenuOpen\"\n\t\t\t\tdata-wp-class--is-menu-open=\"state.isMenuOpen\"\n\t\t\t\tdata-wp-watch=\"callbacks.initMenu\"\n\t\t\t\tdata-wp-on--keydown=\"actions.handleMenuKeydown\"\n\t\t\t\tdata-wp-on--focusout=\"actions.handleMenuFocusout\"\n\t\t\t\ttabindex=\"-1\"\n\t\t\t>\n\t\t\t\t\t<div class=\"wp-block-navigation__responsive-close\" tabindex=\"-1\">\n\t\t\t\t\t\t<div class=\"wp-block-navigation__responsive-dialog\" \n\t\t\t\tdata-wp-bind--aria-modal=\"state.ariaModal\"\n\t\t\t\tdata-wp-bind--aria-label=\"state.ariaLabel\"\n\t\t\t\tdata-wp-bind--role=\"state.roleAttribute\"\n\t\t\t>\n\t\t\t\t\t\t\t<button aria-label=\"Fermer le menu\" class=\"wp-block-navigation__responsive-container-close\" \n\t\t\t\tdata-wp-on--click=\"actions.closeMenuOnClick\"\n\t\t\t><svg xmlns=\"http:\/\/www.w3.org\/2000\/svg\" viewBox=\"0 0 24 24\" width=\"24\" height=\"24\" aria-hidden=\"true\" focusable=\"false\"><path d=\"m13.06 12 6.47-6.47-1.06-1.06L12 10.94 5.53 4.47 4.47 5.53 10.94 12l-6.47 6.47 1.06 1.06L12 13.06l6.47 6.47 1.06-1.06L13.06 12Z\"><\/path><\/svg><\/button>\n\t\t\t\t\t\t\t<div class=\"wp-block-navigation__responsive-container-content\" \n\t\t\t\tdata-wp-watch=\"callbacks.focusFirstElement\"\n\t\t\t id=\"modal-1-content\">\n\t\t\t\t\t\t\t\t<ul class=\"wp-block-navigation__container is-responsive wp-block-navigation\"><li class=\" wp-block-navigation-item subnav-first wp-block-navigation-link\"><a class=\"wp-block-navigation-item__content\"  href=\"https:\/\/loeser.createch-media.com\/fr\/perceuses\/\"><span class=\"wp-block-navigation-item__label\">Retour aux perceuses<\/span><\/a><\/li><li class=\" wp-block-navigation-item wp-block-navigation-link\"><a class=\"wp-block-navigation-item__content\"  href=\"https:\/\/loeser.createch-media.com\/fr\/perceuses\/4-hp-perceuse-dynabrade-52831-52836\/\"><span class=\"wp-block-navigation-item__label\">.4 hp Perceuse Dynabrade 52831 \u2013 52836<\/span><\/a><\/li><li class=\" wp-block-navigation-item wp-block-navigation-link\"><a class=\"wp-block-navigation-item__content\"  href=\"https:\/\/loeser.createch-media.com\/fr\/perceuses\/0-4-hp-perceuse-aspiration-centralisee-dynabrade-52903-52905\/\"><span class=\"wp-block-navigation-item__label\">0.4 hp Perceuse aspiration centralis\u00e9e Dynabrade 52903 \u2013 52905<\/span><\/a><\/li><li class=\" wp-block-navigation-item wp-block-navigation-link\"><a class=\"wp-block-navigation-item__content\"  href=\"https:\/\/loeser.createch-media.com\/fr\/perceuses\/0-7-hp-perceuse-1-2-dynabrade-53090-53096\/\"><span class=\"wp-block-navigation-item__label\">0.7 hp Perceuse 1\/2\u2033 Dynabrade 53090 \u2013 53096<\/span><\/a><\/li><li class=\" wp-block-navigation-item wp-block-navigation-link\"><a class=\"wp-block-navigation-item__content\"  href=\"https:\/\/loeser.createch-media.com\/fr\/perceuses\/7-hp-perceuse-dynabrade-53103-53106\/\"><span class=\"wp-block-navigation-item__label\">.7 hp Perceuse Dynabrade 53103 \u2013 53106<\/span><\/a><\/li><\/ul>\n\t\t\t\t\t\t\t<\/div>\n\t\t\t\t\t\t<\/div>\n\t\t\t\t\t<\/div>\n\t\t\t\t<\/div><\/nav>\n\n\n<h1 class=\"wp-block-heading animated zoomIn\">0.7 hp Perceuse 1\/2&Prime; Dynabrade 53090 &#8211; 53096<\/h1>\n\n\n\n<div class=\"wp-block-stackable-columns stk-block-columns stk-block stk-7a8ef8a animated zoomIn\" data-block-id=\"7a8ef8a\"><div class=\"stk-row stk-inner-blocks stk-block-content stk-content-align stk-7a8ef8a-column\">\n<div class=\"wp-block-stackable-column stk-block-column stk-block-column--v3 stk-column stk-block-column--v2 stk-block stk-835a466\" data-block-id=\"835a466\"><style>@media screen and (min-width:768px){.stk-835a466{flex:1 1 calc(66.7% - var(--stk-column-gap,0px) * 1 \/ 2 ) !important}}<\/style><div class=\"stk-column-wrapper stk-block-column__content stk-container stk-835a466-container stk--no-background stk--no-padding\"><div class=\"stk-block-content stk-inner-blocks stk-835a466-inner-blocks\">\n<div class=\"wp-block-stackable-icon-list stk-block-icon-list stk-block stk-d1ed66b\" data-block-id=\"d1ed66b\"><style>.stk-d1ed66b li{padding-inline-start:5px !important;margin-bottom:15px !important}.stk-d1ed66b{column-gap:0px !important}.stk-d1ed66b ul,.stk-d1ed66b ol{padding-left:20px !important}.stk-d1ed66b ul li{list-style-image:url('data:image\/svg+xml;base64,PHN2ZyBhcmlhLWhpZGRlbj0idHJ1ZSIgZm9jdXNhYmxlPSJmYWxzZSIgZGF0YS1wcmVmaXg9ImZhcyIgZGF0YS1pY29uPSJkb3QtY2lyY2xlIiBjbGFzcz0ic3ZnLWlubGluZS0tZmEgZmEtZG90LWNpcmNsZSBmYS13LTE2IiByb2xlPSJpbWciIHhtbG5zPSJodHRwOi8vd3d3LnczLm9yZy8yMDAwL3N2ZyIgdmlld0JveD0iMCAwIDUxMiA1MTIiIHN0eWxlPSJmaWxsOiAjMmM0Zjk1ICFpbXBvcnRhbnQ7IGNvbG9yOiAjMmM0Zjk1ICFpbXBvcnRhbnQ7dHJhbnNmb3JtOiByb3RhdGUoZGVnKSAhaW1wb3J0YW50OyI+PHBhdGggZmlsbD0iIzJjNGY5NSIgZD0iTTI1NiA4QzExOS4wMzMgOCA4IDExOS4wMzMgOCAyNTZzMTExLjAzMyAyNDggMjQ4IDI0OCAyNDgtMTExLjAzMyAyNDgtMjQ4UzM5Mi45NjcgOCAyNTYgOHptODAgMjQ4YzAgNDQuMTEyLTM1Ljg4OCA4MC04MCA4MHMtODAtMzUuODg4LTgwLTgwIDM1Ljg4OC04MCA4MC04MCA4MCAzNS44ODggODAgODB6IiBzdHJva2U9IiMyYzRmOTUiIHN0eWxlPSJmaWxsOiByZ2IoNDQsIDc5LCAxNDkpOyBzdHJva2U6IHJnYig0NCwgNzksIDE0OSk7Ii8+PC9zdmc+') !important}.stk-d1ed66b li::marker{color:#2c4f95 !important;font-size:1.6em !important}<\/style><ul><li>Comprend un mandrin porte-foret de 1\/2\u201d et une cl\u00e9.<\/li><li>Moteur pneumatique \u00e0 couple \u00e9lev\u00e9 ; g\u00e2chette de d\u00e9marrage \u00e0 vitesse lente.<\/li><li>Poign\u00e9e lat\u00e9rale amovible et isol\u00e9e au caoutchouc.<\/li><\/ul><\/div>\n<\/div><\/div><\/div>\n\n\n\n<div class=\"wp-block-stackable-column stk-block-column stk-block-column--v3 stk-column stk-block-column--v2 stk-block stk-7d2e3ef\" data-block-id=\"7d2e3ef\"><style>@media screen and (min-width:768px){.stk-7d2e3ef{flex:1 1 calc(33.3% - var(--stk-column-gap,0px) * 1 \/ 2 ) !important}}<\/style><div class=\"stk-column-wrapper stk-block-column__content stk-container stk-7d2e3ef-container stk--no-background stk--no-padding\"><div class=\"stk-block-content stk-inner-blocks stk-7d2e3ef-inner-blocks\"><div class=\"pgc-sgb-cb wp-block-pgcsimplygalleryblock-slider \" data-gallery-id=\"da673770\" style=\"min-height:388px\"><div class=\"sgb-preloader\" id=\"pr_da673770\">\n\t<div class=\"sgb-square\" style=\"background:#d4d4d4\"><\/div>\n\t<div class=\"sgb-square\" style=\"background:#d4d4d4\"><\/div>\n\t<div class=\"sgb-square\" style=\"background:#d4d4d4\"><\/div>\n\t<div class=\"sgb-square\" style=\"background:#d4d4d4\"><\/div><\/div><div class=\"simply-gallery-amp pgc_sgb_slider \" style=\"display: none;\"><div class=\"sgb-gallery\"><div class=\"sgb-item\"><a href=\"https:\/\/loeser.createch-media.com\/?attachment_id=5986\"><img decoding=\"async\" alt=\"Dynabrade 0.7 PS Pistolengriff-Bohrmaschinen 53090 - 53096\" width=\"300\" height=\"235\" loading=\"lazy\" src=\"https:\/\/loeser.createch-media.com\/wp-content\/uploads\/2023\/05\/53090-dynabrade-300x235.jpg\"\/><\/a><\/div><\/div><\/div><script type=\"application\/json\" class=\"sgb-data\">{\"collectionThumbRecomendedWidth\":300,\"externalLink\":false,\"captionHAlign\":\"bottom\",\"collectionThumbSubMenuDownload\":false,\"collectionThumbSubMenuShare\":false,\"sliderMaxHeight\":388,\"sliderAdminWidth\":179,\"collectionColumns\":1,\"galleryType\":\"pgc_sgb_slider\",\"galleryId\":\"da673770\",\"images\":[{\"id\":5986,\"title\":\"Dynabrade 0.7 PS Pistolengriff-Bohrmaschinen 53090 - 53096\",\"url\":\"https:\/\/loeser.createch-media.com\/wp-content\/uploads\/2023\/05\/53090-dynabrade.jpg\",\"link\":\"https:\/\/loeser.createch-media.com\/?attachment_id=5986\",\"alt\":\"Dynabrade 0.7 PS Pistolengriff-Bohrmaschinen 53090 - 53096\",\"description\":\"\",\"caption\":\"\",\"mime\":\"image\/jpeg\",\"type\":\"image\",\"width\":1200,\"height\":940,\"sizes\":{\"thumbnail\":{\"height\":150,\"width\":150,\"url\":\"https:\/\/loeser.createch-media.com\/wp-content\/uploads\/2023\/05\/53090-dynabrade-150x150.jpg\",\"orientation\":\"landscape\"},\"medium\":{\"height\":235,\"width\":300,\"url\":\"https:\/\/loeser.createch-media.com\/wp-content\/uploads\/2023\/05\/53090-dynabrade-300x235.jpg\",\"orientation\":\"landscape\"},\"large\":{\"height\":454,\"width\":580,\"url\":\"https:\/\/loeser.createch-media.com\/wp-content\/uploads\/2023\/05\/53090-dynabrade-1024x802.jpg\",\"orientation\":\"landscape\"},\"full\":{\"url\":\"https:\/\/loeser.createch-media.com\/wp-content\/uploads\/2023\/05\/53090-dynabrade.jpg\",\"height\":940,\"width\":1200,\"orientation\":\"landscape\"}},\"meta\":false,\"postlink\":\"https:\/\/loeser.createch-media.com\/?attachment_id=5986\"}],\"itemsMetaDataCollection\":[],\"sliderSocialShareEnabled\":false,\"sliderZoomEnable\":false}<\/script><script>(function(){if(window.PGC_SGB && window.PGC_SGB.searcher){window.PGC_SGB.searcher.initBlocks()}})()<\/script><\/div><\/div><\/div><\/div>\n<\/div><\/div>\n\n\n\n<div class=\"wp-block-stackable-divider stk-block-divider stk-block stk-f0ebf88\" data-block-id=\"f0ebf88\"><hr class=\"stk-block-divider__hr\"\/><\/div>\n\n\n\n<div class=\"wp-block-gutena-tabs gutena-tabs-block gutena-tabs-block-6e1b4c-52 animated zoomIn\"><ul class=\"gutena-tabs-tab tab-left\"><li class=\"gutena-tab-title active\" data-tab=\"1\"><div class=\"gutena-tab-title-content icon-top\"><div class=\"gutena-tab-title-text\"><div>Sp\u00e9cifications techniques<\/div><\/div><\/div><\/li><li class=\"gutena-tab-title inactive\" data-tab=\"2\"><div class=\"gutena-tab-title-content icon-top\"><div class=\"gutena-tab-title-text\"><div>Fiches techniques et pi\u00e8ces d\u00e9tach\u00e9es<\/div><\/div><\/div><\/li><\/ul><div class=\"gutena-tabs-content is-layout-flow wp-block-gutena-tabs-is-layout-flow\">\n<div class=\"wp-block-gutena-tab gutena-tab-block gutena-tab-block-dbedd8-f2 active\" data-tab=\"1\">\n<figure class=\"wp-block-table is-style-regular\"><table class=\"has-white-background-color has-background has-fixed-layout\"><tbody><tr><td><strong>Num\u00e9ro de mod\u00e8le<\/strong><\/td><td>53090<\/td><td>53091<\/td><td>53092<\/td><td>53096<\/td><\/tr><tr><td><strong>Taille de mandrin en in. (mm)<\/strong><\/td><td>1\/2&Prime; (13)<\/td><td>3\/8&Prime; (10)<\/td><td>1\/2&Prime; (13)<\/td><td>3\/8&Prime; (10)<\/td><\/tr><tr><td><strong>hp (W)<\/strong><\/td><td>.7 (522)<\/td><td>.7 (522)<\/td><td>.7 (522)<\/td><td>.7 (522)<\/td><\/tr><tr><td><strong>R\u00e9gime moteur hors charge (tr\/min)<\/strong><\/td><td>950<\/td><td>950<\/td><td>500<\/td><td>20000<\/td><\/tr><tr><td><strong>Type d&rsquo;\u00e9chappement<\/strong><\/td><td>Rear<\/td><td>Rear<\/td><td>Rear<\/td><td>Rear<\/td><\/tr><tr><td><strong>D\u00e9bit d&rsquo;air max. \u00e0 6,2 bar (90 PSIG) : SCFM (l\/min)<\/strong><\/td><td>33 (935)<\/td><td>33 (935)<\/td><td>30 (850)<\/td><td>33 (935)<\/td><\/tr><tr><td><strong>Raccord filet\u00e9 d&rsquo;entr\u00e9e d&rsquo;air<\/strong><\/td><td>1\/4&Prime; NPT<\/td><td>1\/4&Prime; NPT<\/td><td>1\/4&Prime; NPT<\/td><td>1\/4&Prime; NPT<\/td><\/tr><tr><td><strong>D.I du tuyau <strong>en in. (mm)<\/strong><\/strong><\/td><td>3\/8&Prime; (10)<\/td><td>3\/8&Prime; (10)<\/td><td>3\/8&Prime; (10)<\/td><td>3\/8&Prime; (10)<\/td><\/tr><tr><td><strong>Longueur en in. (mm)<\/strong><\/td><td>10-1\/2&Prime; (267 )<\/td><td>10-1\/2&Prime; (267 )<\/td><td>10-5\/8&Prime; (270 )<\/td><td>7&Prime; (178)<\/td><\/tr><tr><td><strong>Hauteur <strong>en in. (mm)<\/strong><\/strong><\/td><td>6-3\/8&Prime; (163)<\/td><td>6-3\/8&Prime; (163)<\/td><td>6-3\/8&Prime; (163)<\/td><td>6-3\/8&Prime; (163)<\/td><\/tr><tr><td><strong>Niveau sonore dB(A)<\/strong><\/td><td>81<\/td><td>79<\/td><td>76<\/td><td>86<\/td><\/tr><tr><td><strong>Informations sur les vibrations<\/strong><\/td><td>0.4<\/td><td>0.3<\/td><td>1.2<\/td><td>2.5<\/td><\/tr><tr><td><strong>Configuration<\/strong><\/td><td>Pistol Grip<\/td><td>Pistol Grip<\/td><td>Pistol Grip<\/td><td>Pistol Grip<\/td><\/tr><tr><td><strong>Transmission de puissance<\/strong><\/td><td>Planetary-Geared<\/td><td>Planetary-Geared<\/td><td>Planetary-Geared<\/td><td>Gearless<\/td><\/tr><tr><td><strong>Poids de l&rsquo;article<\/strong><\/td><td>2.2 kg<\/td><td>1.77 kg<\/td><td>2.22 kg<\/td><td>1.31 kg<\/td><\/tr><\/tbody><\/table><\/figure>\n<\/div>\n\n\n\n<div class=\"wp-block-gutena-tab gutena-tab-block gutena-tab-block-6d3609-58 inactive\" data-tab=\"2\">\n<div class=\"wp-block-file\"><a id=\"wp-block-file--media-c03a4b22-db67-41fc-a3a1-3c38bec8c377\" href=\"https:\/\/loeser.createch-media.com\/wp-content\/uploads\/2023\/05\/53090-dynabrade.pdf\" target=\"_blank\" rel=\"noreferrer noopener\">Perceuses \u00e0 poign\u00e9e pistolet Dynabrade 0,7 HP 53090 \u2013 53096 Manuel d&rsquo;instructions et liste des pi\u00e8ces (PDF)<\/a><\/div>\n<\/div>\n<\/div><\/div>\n","protected":false},"excerpt":{"rendered":"<p>0.7 hp Perceuse 1\/2&Prime; Dynabrade 53090 &#8211; 53096 Comprend un mandrin porte-foret de 1\/2\u201d et une cl\u00e9. Moteur pneumatique \u00e0 couple \u00e9lev\u00e9 ; g\u00e2chette de d\u00e9marrage \u00e0 vitesse lente. Poign\u00e9e lat\u00e9rale amovible et isol\u00e9e au caoutchouc.<\/p>\n","protected":false},"author":1,"featured_media":0,"parent":9150,"menu_order":2,"comment_status":"closed","ping_status":"closed","template":"templates\/template-full-width.php","meta":{"pgc_sgb_lightbox_settings":"","footnotes":""},"class_list":["post-9171","page","type-page","status-publish","hentry"],"featured_image_urls":{"full":"","thumbnail":"","medium":"","medium_large":"","large":"","1536x1536":"","2048x2048":"","post-thumbnail":"","twentytwenty-fullscreen":""},"post_excerpt_stackable":"<p>Retour aux perceuses.4 hp Perceuse Dynabrade 52831 \u2013 528360.4 hp Perceuse aspiration centralis\u00e9e Dynabrade 52903 \u2013 529050.7 hp Perceuse 1\/2\u2033 Dynabrade 53090 \u2013 53096.7 hp Perceuse Dynabrade 53103 \u2013 53106 0.7 hp Perceuse 1\/2&Prime; Dynabrade 53090 &#8211; 53096 Comprend un mandrin porte-foret de 1\/2\u201d et une cl\u00e9.Moteur pneumatique \u00e0 couple \u00e9lev\u00e9 ; g\u00e2chette de d\u00e9marrage \u00e0 vitesse lente.Poign\u00e9e lat\u00e9rale amovible et isol\u00e9e au caoutchouc. Sp\u00e9cifications techniquesFiches techniques et pi\u00e8ces d\u00e9tach\u00e9es Num\u00e9ro de mod\u00e8le53090530915309253096Taille de mandrin en in. (mm)1\/2&Prime; (13)3\/8&Prime; (10)1\/2&Prime; (13)3\/8&Prime; (10)hp (W).7 (522).7 (522).7 (522).7 (522)R\u00e9gime moteur hors charge (tr\/min)95095050020000Type d&rsquo;\u00e9chappementRearRearRearRearD\u00e9bit d&rsquo;air max. \u00e0 6,2 bar (90 PSIG) :\u2026<\/p>\n","category_list":"","author_info":{"name":"sschmitt","url":"https:\/\/loeser.createch-media.com\/fr\/author\/sschmitt\/"},"comments_num":"0 commentaire","yoast_head":"<!-- This site is optimized with the Yoast SEO plugin v20.3 - https:\/\/yoast.com\/wordpress\/plugins\/seo\/ -->\n<title>0.7 hp Perceuse 1\/2&quot; Dynabrade 53090 - 53096 - Loeser Schleifmaschinen<\/title>\n<meta name=\"robots\" content=\"noindex, follow, max-snippet:-1, max-image-preview:large, max-video-preview:-1\" \/>\n<meta property=\"og:locale\" content=\"fr_FR\" \/>\n<meta property=\"og:type\" content=\"article\" \/>\n<meta property=\"og:title\" content=\"0.7 hp Perceuse 1\/2&quot; Dynabrade 53090 - 53096 - Loeser Schleifmaschinen\" \/>\n<meta property=\"og:description\" content=\"0.7 hp Perceuse 1\/2&Prime; Dynabrade 53090 &#8211; 53096 Comprend un mandrin porte-foret de 1\/2\u201d et une cl\u00e9. Moteur pneumatique \u00e0 couple \u00e9lev\u00e9 ; g\u00e2chette de d\u00e9marrage \u00e0 vitesse lente. Poign\u00e9e lat\u00e9rale amovible et isol\u00e9e au caoutchouc.\" \/>\n<meta property=\"og:url\" content=\"https:\/\/loeser.createch-media.com\/fr\/rubans\/perceuses\/0-7-hp-perceuse-1-2-dynabrade-53090-53096\/\" \/>\n<meta property=\"og:site_name\" content=\"Loeser Schleifmaschinen\" \/>\n<meta property=\"article:modified_time\" content=\"2023-06-04T10:12:41+00:00\" \/>\n<meta property=\"og:image\" content=\"https:\/\/loeser.createch-media.com\/wp-content\/uploads\/2023\/05\/53090-dynabrade-1024x802.jpg\" \/>\n<meta name=\"twitter:card\" content=\"summary_large_image\" \/>\n<meta name=\"twitter:label1\" content=\"Dur\u00e9e de lecture estim\u00e9e\" \/>\n\t<meta name=\"twitter:data1\" content=\"2 minutes\" \/>\n<script type=\"application\/ld+json\" class=\"yoast-schema-graph\">{\"@context\":\"https:\/\/schema.org\",\"@graph\":[{\"@type\":\"WebPage\",\"@id\":\"https:\/\/loeser.createch-media.com\/fr\/rubans\/perceuses\/0-7-hp-perceuse-1-2-dynabrade-53090-53096\/\",\"url\":\"https:\/\/loeser.createch-media.com\/fr\/rubans\/perceuses\/0-7-hp-perceuse-1-2-dynabrade-53090-53096\/\",\"name\":\"0.7 hp Perceuse 1\/2\\\" Dynabrade 53090 - 53096 - Loeser Schleifmaschinen\",\"isPartOf\":{\"@id\":\"https:\/\/loeser.createch-media.com\/fr\/#website\"},\"datePublished\":\"2023-05-16T08:24:08+00:00\",\"dateModified\":\"2023-06-04T10:12:41+00:00\",\"breadcrumb\":{\"@id\":\"https:\/\/loeser.createch-media.com\/fr\/rubans\/perceuses\/0-7-hp-perceuse-1-2-dynabrade-53090-53096\/#breadcrumb\"},\"inLanguage\":\"fr-FR\",\"potentialAction\":[{\"@type\":\"ReadAction\",\"target\":[\"https:\/\/loeser.createch-media.com\/fr\/rubans\/perceuses\/0-7-hp-perceuse-1-2-dynabrade-53090-53096\/\"]}]},{\"@type\":\"BreadcrumbList\",\"@id\":\"https:\/\/loeser.createch-media.com\/fr\/rubans\/perceuses\/0-7-hp-perceuse-1-2-dynabrade-53090-53096\/#breadcrumb\",\"itemListElement\":[{\"@type\":\"ListItem\",\"position\":1,\"name\":\"Startseite\",\"item\":\"https:\/\/loeser.createch-media.com\/fr\/\"},{\"@type\":\"ListItem\",\"position\":2,\"name\":\"Perceuses\",\"item\":\"https:\/\/loeser.createch-media.com\/fr\/perceuses\/\"},{\"@type\":\"ListItem\",\"position\":3,\"name\":\"0.7 hp Perceuse 1\/2&#8243; Dynabrade 53090 &#8211; 53096\"}]},{\"@type\":\"WebSite\",\"@id\":\"https:\/\/loeser.createch-media.com\/fr\/#website\",\"url\":\"https:\/\/loeser.createch-media.com\/fr\/\",\"name\":\"Loeser Schleifmaschinen\",\"description\":\"\",\"publisher\":{\"@id\":\"https:\/\/loeser.createch-media.com\/fr\/#organization\"},\"potentialAction\":[{\"@type\":\"SearchAction\",\"target\":{\"@type\":\"EntryPoint\",\"urlTemplate\":\"https:\/\/loeser.createch-media.com\/fr\/?s={search_term_string}\"},\"query-input\":\"required name=search_term_string\"}],\"inLanguage\":\"fr-FR\"},{\"@type\":\"Organization\",\"@id\":\"https:\/\/loeser.createch-media.com\/fr\/#organization\",\"name\":\"Loeser Schleifmaschinen\",\"url\":\"https:\/\/loeser.createch-media.com\/fr\/\",\"logo\":{\"@type\":\"ImageObject\",\"inLanguage\":\"fr-FR\",\"@id\":\"https:\/\/loeser.createch-media.com\/fr\/#\/schema\/logo\/image\/\",\"url\":\"https:\/\/loeser.createch-media.com\/wp-content\/uploads\/2023\/03\/cropped-loeser-logo-2023.jpg\",\"contentUrl\":\"https:\/\/loeser.createch-media.com\/wp-content\/uploads\/2023\/03\/cropped-loeser-logo-2023.jpg\",\"width\":500,\"height\":238,\"caption\":\"Loeser Schleifmaschinen\"},\"image\":{\"@id\":\"https:\/\/loeser.createch-media.com\/fr\/#\/schema\/logo\/image\/\"}}]}<\/script>\n<!-- \/ Yoast SEO plugin. -->","yoast_head_json":{"title":"0.7 hp Perceuse 1\/2\" Dynabrade 53090 - 53096 - Loeser Schleifmaschinen","robots":{"index":"noindex","follow":"follow","max-snippet":"max-snippet:-1","max-image-preview":"max-image-preview:large","max-video-preview":"max-video-preview:-1"},"og_locale":"fr_FR","og_type":"article","og_title":"0.7 hp Perceuse 1\/2\" Dynabrade 53090 - 53096 - Loeser Schleifmaschinen","og_description":"0.7 hp Perceuse 1\/2&Prime; Dynabrade 53090 &#8211; 53096 Comprend un mandrin porte-foret de 1\/2\u201d et une cl\u00e9. Moteur pneumatique \u00e0 couple \u00e9lev\u00e9 ; g\u00e2chette de d\u00e9marrage \u00e0 vitesse lente. Poign\u00e9e lat\u00e9rale amovible et isol\u00e9e au caoutchouc.","og_url":"https:\/\/loeser.createch-media.com\/fr\/rubans\/perceuses\/0-7-hp-perceuse-1-2-dynabrade-53090-53096\/","og_site_name":"Loeser Schleifmaschinen","article_modified_time":"2023-06-04T10:12:41+00:00","og_image":[{"url":"https:\/\/loeser.createch-media.com\/wp-content\/uploads\/2023\/05\/53090-dynabrade-1024x802.jpg"}],"twitter_card":"summary_large_image","twitter_misc":{"Dur\u00e9e de lecture estim\u00e9e":"2 minutes"},"schema":{"@context":"https:\/\/schema.org","@graph":[{"@type":"WebPage","@id":"https:\/\/loeser.createch-media.com\/fr\/rubans\/perceuses\/0-7-hp-perceuse-1-2-dynabrade-53090-53096\/","url":"https:\/\/loeser.createch-media.com\/fr\/rubans\/perceuses\/0-7-hp-perceuse-1-2-dynabrade-53090-53096\/","name":"0.7 hp Perceuse 1\/2\" Dynabrade 53090 - 53096 - Loeser Schleifmaschinen","isPartOf":{"@id":"https:\/\/loeser.createch-media.com\/fr\/#website"},"datePublished":"2023-05-16T08:24:08+00:00","dateModified":"2023-06-04T10:12:41+00:00","breadcrumb":{"@id":"https:\/\/loeser.createch-media.com\/fr\/rubans\/perceuses\/0-7-hp-perceuse-1-2-dynabrade-53090-53096\/#breadcrumb"},"inLanguage":"fr-FR","potentialAction":[{"@type":"ReadAction","target":["https:\/\/loeser.createch-media.com\/fr\/rubans\/perceuses\/0-7-hp-perceuse-1-2-dynabrade-53090-53096\/"]}]},{"@type":"BreadcrumbList","@id":"https:\/\/loeser.createch-media.com\/fr\/rubans\/perceuses\/0-7-hp-perceuse-1-2-dynabrade-53090-53096\/#breadcrumb","itemListElement":[{"@type":"ListItem","position":1,"name":"Startseite","item":"https:\/\/loeser.createch-media.com\/fr\/"},{"@type":"ListItem","position":2,"name":"Perceuses","item":"https:\/\/loeser.createch-media.com\/fr\/perceuses\/"},{"@type":"ListItem","position":3,"name":"0.7 hp Perceuse 1\/2&#8243; Dynabrade 53090 &#8211; 53096"}]},{"@type":"WebSite","@id":"https:\/\/loeser.createch-media.com\/fr\/#website","url":"https:\/\/loeser.createch-media.com\/fr\/","name":"Loeser Schleifmaschinen","description":"","publisher":{"@id":"https:\/\/loeser.createch-media.com\/fr\/#organization"},"potentialAction":[{"@type":"SearchAction","target":{"@type":"EntryPoint","urlTemplate":"https:\/\/loeser.createch-media.com\/fr\/?s={search_term_string}"},"query-input":"required name=search_term_string"}],"inLanguage":"fr-FR"},{"@type":"Organization","@id":"https:\/\/loeser.createch-media.com\/fr\/#organization","name":"Loeser Schleifmaschinen","url":"https:\/\/loeser.createch-media.com\/fr\/","logo":{"@type":"ImageObject","inLanguage":"fr-FR","@id":"https:\/\/loeser.createch-media.com\/fr\/#\/schema\/logo\/image\/","url":"https:\/\/loeser.createch-media.com\/wp-content\/uploads\/2023\/03\/cropped-loeser-logo-2023.jpg","contentUrl":"https:\/\/loeser.createch-media.com\/wp-content\/uploads\/2023\/03\/cropped-loeser-logo-2023.jpg","width":500,"height":238,"caption":"Loeser Schleifmaschinen"},"image":{"@id":"https:\/\/loeser.createch-media.com\/fr\/#\/schema\/logo\/image\/"}}]}},"_links":{"self":[{"href":"https:\/\/loeser.createch-media.com\/fr\/wp-json\/wp\/v2\/pages\/9171","targetHints":{"allow":["GET"]}}],"collection":[{"href":"https:\/\/loeser.createch-media.com\/fr\/wp-json\/wp\/v2\/pages"}],"about":[{"href":"https:\/\/loeser.createch-media.com\/fr\/wp-json\/wp\/v2\/types\/page"}],"author":[{"embeddable":true,"href":"https:\/\/loeser.createch-media.com\/fr\/wp-json\/wp\/v2\/users\/1"}],"replies":[{"embeddable":true,"href":"https:\/\/loeser.createch-media.com\/fr\/wp-json\/wp\/v2\/comments?post=9171"}],"version-history":[{"count":2,"href":"https:\/\/loeser.createch-media.com\/fr\/wp-json\/wp\/v2\/pages\/9171\/revisions"}],"predecessor-version":[{"id":10573,"href":"https:\/\/loeser.createch-media.com\/fr\/wp-json\/wp\/v2\/pages\/9171\/revisions\/10573"}],"up":[{"embeddable":true,"href":"https:\/\/loeser.createch-media.com\/fr\/wp-json\/wp\/v2\/pages\/9150"}],"wp:attachment":[{"href":"https:\/\/loeser.createch-media.com\/fr\/wp-json\/wp\/v2\/media?parent=9171"}],"curies":[{"name":"wp","href":"https:\/\/api.w.org\/{rel}","templated":true}]}}